{"id":8,"date":"2021-07-08T14:12:53","date_gmt":"2021-07-08T12:12:53","guid":{"rendered":"https:\/\/cnam.smade.fr\/?page_id=8"},"modified":"2026-01-19T15:58:49","modified_gmt":"2026-01-19T11:58:49","slug":"vae","status":"publish","type":"page","link":"https:\/\/www.cnam.re\/site\/vae\/","title":{"rendered":"VAE"},"content":{"rendered":"<p>[et_pb_section fb_built=\u00a0\u00bb1&Prime; admin_label=\u00a0\u00bb \u00a0\u00bb module_class=\u00a0\u00bbdivi-first-section\u00a0\u00bb _builder_version=\u00a0\u00bb4.17.4&Prime; _module_preset=\u00a0\u00bbdefault\u00a0\u00bb da_disable_devices=\u00a0\u00bboff|off|off\u00a0\u00bb global_colors_info=\u00a0\u00bb{}\u00a0\u00bb da_is_popup=\u00a0\u00bboff\u00a0\u00bb da_exit_intent=\u00a0\u00bboff\u00a0\u00bb da_has_close=\u00a0\u00bbon\u00a0\u00bb da_alt_close=\u00a0\u00bboff\u00a0\u00bb da_dark_close=\u00a0\u00bboff\u00a0\u00bb da_not_modal=\u00a0\u00bbon\u00a0\u00bb da_is_singular=\u00a0\u00bboff\u00a0\u00bb da_with_loader=\u00a0\u00bboff\u00a0\u00bb da_has_shadow=\u00a0\u00bbon\u00a0\u00bb][et_pb_row admin_label=\u00a0\u00bb \u00a0\u00bb _builder_version=\u00a0\u00bb4.16&Prime; _module_preset=\u00a0\u00bbdefault\u00a0\u00bb global_colors_info=\u00a0\u00bb{}\u00a0\u00bb][et_pb_column type=\u00a0\u00bb4_4&Prime; _builder_version=\u00a0\u00bb4.16&Prime; _module_preset=\u00a0\u00bbdefault\u00a0\u00bb global_colors_info=\u00a0\u00bb{}\u00a0\u00bb][et_pb_text admin_label=\u00a0\u00bbValoriser ses acquis au Cnam\u00a0\u00bb module_class=\u00a0\u00bbbox-article__intro\u00a0\u00bb _builder_version=\u00a0\u00bb4.24.0&Prime; _module_preset=\u00a0\u00bbdefault\u00a0\u00bb global_colors_info=\u00a0\u00bb{}\u00a0\u00bb]<\/p>\n<h2>Valoriser ses acquis au Cnam<\/h2>\n<p>Vous avez capitalis\u00e9 au cours de votre vie professionnelle ou personnelle un certain nombre de connaissances et de comp\u00e9tences qui vous ouvre la possibilit\u00e9 d\u2019une validation de ces acquis. En tant que sp\u00e9cialiste de la formation pour adulte, le Cnam vous accompagne dans votre projet global en reconnaissant votre parcours ant\u00e9rieur.<\/p>\n<p>Ainsi, vos acquis professionnels et acad\u00e9miques pourront \u00eatre valoris\u00e9s dans le cadre de votre d\u00e9marche de formation afin d\u2019optimiser et de raccourcir votre parcours au Cnam. On distingue 3 dispositifs de validation diff\u00e9rents et qui peuvent \u00eatre compl\u00e9mentaires selon vos objectifs :<\/p>\n<p>[\/et_pb_text][\/et_pb_column][\/et_pb_row][et_pb_row admin_label=\u00a0\u00bb \u00a0\u00bb _builder_version=\u00a0\u00bb4.16&Prime; _module_preset=\u00a0\u00bbdefault\u00a0\u00bb global_colors_info=\u00a0\u00bb{}\u00a0\u00bb][et_pb_column type=\u00a0\u00bb4_4&Prime; _builder_version=\u00a0\u00bb4.16&Prime; _module_preset=\u00a0\u00bbdefault\u00a0\u00bb global_colors_info=\u00a0\u00bb{}\u00a0\u00bb][et_pb_text admin_label=\u00a0\u00bb1. La validation des acquis personnels et professionnels (VAPP)\u00a0\u00bb _builder_version=\u00a0\u00bb4.18.0&Prime; _module_preset=\u00a0\u00bbdefault\u00a0\u00bb global_colors_info=\u00a0\u00bb{}\u00a0\u00bb]<\/p>\n<h2>1. La validation des acquis personnels et professionnels (VAPP)<\/h2>\n<p>La VAPP permet, sur la base des exp\u00e9riences professionnelles, des acquis personnels et des \u00e9tudes ant\u00e9rieures, d&rsquo;acc\u00e9der \u00e0 une certification sans avoir le dipl\u00f4me ou le titre requis \u00e0 l&rsquo;entr\u00e9e.<\/p>\n<p><i>Exemple : vous souhaitez acc\u00e9der \u00e0 un titre de niveau 6 (bac+3) sans \u00eatre titulaire d&rsquo;un bac+2 requis. Vous pouvez faire valoir votre exp\u00e9rience dans le domaine de la formation vis\u00e9e pour y acc\u00e9der directement.<\/i><\/p>\n<p>Pour b\u00e9n\u00e9ficier de la VAPP, il faut \u00eatre \u00e2g\u00e9 d&rsquo;au moins 20 ans et avoir interrompu sa formation initiale depuis au moins deux ans. Vous devez constituer un dossier pr\u00e9sentant les connaissances, m\u00e9thodes et savoir-faire acquis en fonction de la formation souhait\u00e9e. Ce dossier servira de base \u00e0 l&rsquo;appr\u00e9ciation globale de la commission p\u00e9dagogique qui statuera sur l&rsquo;acceptation de votre demande de VAPP.<\/p>\n<p><u>D\u00e9marche<\/u> : vous devez vous rendre sur l&rsquo;applicatif en ligne <a href=\"https:\/\/sdnf.cnam.fr\/diva\/\" target=\"_blank\" rel=\"noopener\">DIVA<\/a> et compl\u00e9ter une fiche contact en y joignant votre CV mis \u00e0 jour et en d\u00e9crivant votre projet de formation. Apr\u00e8s avoir valid\u00e9 la fiche, un conseiller du Cnam R\u00e9union entrera en contact avec vous pour vous expliquer la d\u00e9marche de constitution de votre dossier d\u00e9mat\u00e9rialis\u00e9 de demande de VAPP.<\/p>\n<p>[\/et_pb_text][\/et_pb_column][\/et_pb_row][et_pb_row admin_label=\u00a0\u00bb \u00a0\u00bb _builder_version=\u00a0\u00bb4.16&Prime; _module_preset=\u00a0\u00bbdefault\u00a0\u00bb global_colors_info=\u00a0\u00bb{}\u00a0\u00bb][et_pb_column type=\u00a0\u00bb4_4&Prime; _builder_version=\u00a0\u00bb4.16&Prime; _module_preset=\u00a0\u00bbdefault\u00a0\u00bb global_colors_info=\u00a0\u00bb{}\u00a0\u00bb][et_pb_text admin_label=\u00a0\u00bb2. La validation des acquis de l&rsquo;exp\u00e9rience (VAE)\u00a0\u00bb _builder_version=\u00a0\u00bb4.23&Prime; _module_preset=\u00a0\u00bbdefault\u00a0\u00bb global_colors_info=\u00a0\u00bb{}\u00a0\u00bb]<\/p>\n<h2>2. La validation des acquis de l&rsquo;exp\u00e9rience (VAE)<\/h2>\n<p>Valider les acquis de l&rsquo;exp\u00e9rience permet d&rsquo;obtenir tout ou partie d&rsquo;une certification professionnelle (dipl\u00f4me ou titre \u00e0 finalit\u00e9 professionnelle), sur d\u00e9cision d&rsquo;un jury, \u00e0 condition de justifier d\u2019une exp\u00e9rience professionnelle salari\u00e9e, non salari\u00e9e (commer\u00e7ant, collaborateur de commer\u00e7ant, profession lib\u00e9rale, agriculteur ou artisan\u2026) et\/ou b\u00e9n\u00e9vole (syndicale, associative) et\/ou volontaire d&rsquo;au moins un an, en continu ou en discontinu.<\/p>\n<p><i>Exemple : vous avez exerc\u00e9 plusieurs ann\u00e9es dans le domaine de la gestion d&rsquo;entreprise et vous souhaitez faire valider le Titre 5 (bac+2) Assistant de Gestion au Cnam.<\/i><\/p>\n<p><u>D\u00e9marche<\/u> : vous devez vous rendre sur l&rsquo;applicatif en ligne <a href=\"https:\/\/sdnf.cnam.fr\/diva\/\" target=\"_blank\" rel=\"noopener\">DIVA<\/a> et compl\u00e9ter une fiche contact en y joignant votre CV mis \u00e0 jour et en d\u00e9crivant votre parcours d&rsquo;exp\u00e9rience. Apr\u00e8s avoir valid\u00e9 la fiche, un conseiller du Cnam R\u00e9union entrera en contact avec vous pour vous expliquer la d\u00e9marche de constitution de votre dossier d\u00e9mat\u00e9rialis\u00e9 de VAE qui se d\u00e9compose en 2 \u00e9tapes : la recevabilit\u00e9 et l&rsquo;accompagnement.<br \/>Attention, la d\u00e9cision de recevabilit\u00e9 ne pr\u00e9juge en aucun cas de la validation qui sera prononc\u00e9e par le jury en fin de parcours.<\/p>\n<p>[\/et_pb_text][\/et_pb_column][\/et_pb_row][et_pb_row admin_label=\u00a0\u00bbT\u00e9moignage\u00a0\u00bb module_class=\u00a0\u00bbbox-testimonial-divi\u00a0\u00bb _builder_version=\u00a0\u00bb4.16&Prime; _module_preset=\u00a0\u00bbdefault\u00a0\u00bb global_colors_info=\u00a0\u00bb{}\u00a0\u00bb][et_pb_column type=\u00a0\u00bb4_4&Prime; _builder_version=\u00a0\u00bb4.16&Prime; _module_preset=\u00a0\u00bbdefault\u00a0\u00bb global_colors_info=\u00a0\u00bb{}\u00a0\u00bb][et_pb_text admin_label=\u00a0\u00bbCitation\u00a0\u00bb _builder_version=\u00a0\u00bb4.18.0&Prime; _module_preset=\u00a0\u00bbdefault\u00a0\u00bb global_colors_info=\u00a0\u00bb{}\u00a0\u00bb]<\/p>\n<p>Un formidable tremplin pour l&rsquo;avenir<\/p>\n<p>[\/et_pb_text][et_pb_text admin_label=\u00a0\u00bbTexte d\u00e9roulant\u00a0\u00bb _builder_version=\u00a0\u00bb4.23&Prime; _module_preset=\u00a0\u00bbdefault\u00a0\u00bb global_colors_info=\u00a0\u00bb{}\u00a0\u00bb]<\/p>\n<p><em><strong>Formation suivie :<\/strong> Ing\u00e9nieur Informatique parcours Syst\u00e8me d&rsquo;information<\/em><\/p>\n<p>J&rsquo;ai choisi de faire un parcours VAE mi-2019 avec l&rsquo;accompagnement du CNAM, et par ce biais j&rsquo;ai pu obtenir mon dipl\u00f4me d&rsquo;Ing\u00e9nieur Informatique parcours Syst\u00e8me d&rsquo;Information en juillet 2021. Et mon \u00e9volution professionnelle a suivi, je suis d\u00e9sormais cadre sup\u00e9rieur.<\/p>\n<p><strong>M\u00e9lissa M.<\/strong><br \/><a href=\"\/site\/temoignages\/?id=3033\" target=\"_blank\" rel=\"noopener\"><em>Voir le t\u00e9moignage dans son int\u00e9gralit\u00e9<\/em><\/a><\/p>\n<p>[\/et_pb_text][\/et_pb_column][\/et_pb_row][et_pb_row admin_label=\u00a0\u00bb \u00a0\u00bb _builder_version=\u00a0\u00bb4.16&Prime; _module_preset=\u00a0\u00bbdefault\u00a0\u00bb global_colors_info=\u00a0\u00bb{}\u00a0\u00bb][et_pb_column type=\u00a0\u00bb4_4&Prime; _builder_version=\u00a0\u00bb4.16&Prime; _module_preset=\u00a0\u00bbdefault\u00a0\u00bb global_colors_info=\u00a0\u00bb{}\u00a0\u00bb][et_pb_text admin_label=\u00a0\u00bb3. La validation des \u00e9tudes sup\u00e9rieures (VES)\u00a0\u00bb _builder_version=\u00a0\u00bb4.18.0&Prime; _module_preset=\u00a0\u00bbdefault\u00a0\u00bb global_colors_info=\u00a0\u00bb{}\u00a0\u00bb]<\/p>\n<h2>3. La validation des \u00e9tudes sup\u00e9rieures (VES)<\/h2>\n<p>La VES reconna\u00eet les acquis des formations ant\u00e9rieures suivies en dehors du Cnam en France et \u00e0 l\u2019\u00e9tranger : universit\u00e9s, \u00e9coles, instituts et centres de formation. Elle permet d&rsquo;obtenir tout ou partie d&rsquo;un dipl\u00f4me du Cnam et peut donner \u00e9galement l&rsquo;acc\u00e8s aux diff\u00e9rents niveaux de l&rsquo;enseignement sup\u00e9rieur.<\/p>\n<p><i>Exemple : vous avez valid\u00e9 des enseignements \u00e0 l&rsquo;universit\u00e9 et vous souhaitez demander \u00e0 \u00eatre dispens\u00e9\u00b7e d&rsquo;enseignements similaires dans la formation que vous souhaitez pr\u00e9parer au Cnam<\/i>.<\/p>\n<p><u>Conditions<\/u> : vous devez poss\u00e9der un dipl\u00f4me de l\u2019enseignement sup\u00e9rieur fran\u00e7ais ou \u00e9tranger, un titre inscrit au RNCP (R\u00e9pertoire national des certifications professionnelles), des unit\u00e9s d\u2019enseignement obtenues dans le cadre d\u2019une formation sup\u00e9rieure, ou encore une formation professionnelle qualifiante.<\/p>\n<p><u>D\u00e9marche<\/u> : rapprochez-vous de votre conseiller Cnam qui vous donnera le dossier \u00e0 renseigner et qui devra \u00eatre accept\u00e9 par la commission de validation. Certaines formations du Cnam b\u00e9n\u00e9ficient de VES automatiques qui font l&rsquo;objet de jurisprudences pour lesquelles l&rsquo;acceptation est conditionn\u00e9e par la pr\u00e9sentation de justificatifs demand\u00e9s.<\/p>\n<p>[\/et_pb_text][\/et_pb_column][\/et_pb_row][et_pb_row column_structure=\u00a0\u00bb1_2,1_2&Prime; admin_label=\u00a0\u00bb \u00a0\u00bb _builder_version=\u00a0\u00bb4.17.4&Prime; _module_preset=\u00a0\u00bbdefault\u00a0\u00bb global_colors_info=\u00a0\u00bb{}\u00a0\u00bb][et_pb_column type=\u00a0\u00bb1_2&Prime; _builder_version=\u00a0\u00bb4.16&Prime; _module_preset=\u00a0\u00bbdefault\u00a0\u00bb global_colors_info=\u00a0\u00bb{}\u00a0\u00bb][et_pb_text admin_label=\u00a0\u00bbService validation\u00a0\u00bb module_class=\u00a0\u00bbbox box-page-bottom\u00a0\u00bb _builder_version=\u00a0\u00bb4.17.4&Prime; _module_preset=\u00a0\u00bbdefault\u00a0\u00bb global_colors_info=\u00a0\u00bb{}\u00a0\u00bb]<\/p>\n<h4>Service validation<\/h4>\n<p>Soizic FERRAND<br \/>Tel : <a href=\"tel:0262422837\">02 62 42 28 37<\/a><br \/>Mail : <a href=\"mailto:info@cnam.re\">info@cnam.re<\/a><\/p>\n<p>[\/et_pb_text][\/et_pb_column][et_pb_column type=\u00a0\u00bb1_2&Prime; _builder_version=\u00a0\u00bb4.16&Prime; _module_preset=\u00a0\u00bbdefault\u00a0\u00bb global_colors_info=\u00a0\u00bb{}\u00a0\u00bb][et_pb_text admin_label=\u00a0\u00bbLiens utiles\u00a0\u00bb module_class=\u00a0\u00bbbox box-page-bottom\u00a0\u00bb _builder_version=\u00a0\u00bb4.24.0&Prime; _module_preset=\u00a0\u00bbdefault\u00a0\u00bb global_colors_info=\u00a0\u00bb{}\u00a0\u00bb]<\/p>\n<h4>Liens utiles<\/h4>\n<ul>\n<li><a href=\"https:\/\/vae.gouv.fr\/\" target=\"_blank\" rel=\"noopener\">Le portail de la VAE<\/a><\/li>\n<li><a href=\"https:\/\/travail-emploi.gouv.fr\/formation-professionnelle\/certification-competences-pro\/vae\" target=\"_blank\" rel=\"noopener\"> la VAE, mode d&#8217;emploi<\/a><\/li>\n<li><a href=\"http:\/\/vae.cnam.fr\/\" target=\"_blank\" rel=\"noopener\">La validation des acquis au Cnam<\/a><\/li>\n<\/ul>\n<p>[\/et_pb_text][\/et_pb_column][\/et_pb_row][\/et_pb_section][et_pb_section fb_built=\u00a0\u00bb1&Prime; admin_label=\u00a0\u00bb \u00a0\u00bb module_class=\u00a0\u00bbdivi-last-section\u00a0\u00bb _builder_version=\u00a0\u00bb4.16&Prime; _module_preset=\u00a0\u00bbdefault\u00a0\u00bb da_disable_devices=\u00a0\u00bboff|off|off\u00a0\u00bb global_colors_info=\u00a0\u00bb{}\u00a0\u00bb da_is_popup=\u00a0\u00bboff\u00a0\u00bb da_exit_intent=\u00a0\u00bboff\u00a0\u00bb da_has_close=\u00a0\u00bbon\u00a0\u00bb da_alt_close=\u00a0\u00bboff\u00a0\u00bb da_dark_close=\u00a0\u00bboff\u00a0\u00bb da_not_modal=\u00a0\u00bbon\u00a0\u00bb da_is_singular=\u00a0\u00bboff\u00a0\u00bb da_with_loader=\u00a0\u00bboff\u00a0\u00bb da_has_shadow=\u00a0\u00bbon\u00a0\u00bb][et_pb_row admin_label=\u00a0\u00bb \u00a0\u00bb _builder_version=\u00a0\u00bb4.16&Prime; _module_preset=\u00a0\u00bbdefault\u00a0\u00bb custom_margin=\u00a0\u00bb||||false|false\u00a0\u00bb global_colors_info=\u00a0\u00bb{}\u00a0\u00bb][et_pb_column type=\u00a0\u00bb4_4&Prime; _builder_version=\u00a0\u00bb4.16&Prime; _module_preset=\u00a0\u00bbdefault\u00a0\u00bb global_colors_info=\u00a0\u00bb{}\u00a0\u00bb][et_pb_text admin_label=\u00a0\u00bbEn savoir plus\u00a0\u00bb _builder_version=\u00a0\u00bb4.18.0&Prime; _module_preset=\u00a0\u00bbdefault\u00a0\u00bb global_colors_info=\u00a0\u00bb{}\u00a0\u00bb]<\/p>\n<h2 style=\"text-align: center;\">En savoir plus<\/h2>\n<p>[\/et_pb_text][\/et_pb_column][\/et_pb_row][et_pb_row column_structure=\u00a0\u00bb1_4,1_4,1_4,1_4&Prime; admin_label=\u00a0\u00bb \u00a0\u00bb _builder_version=\u00a0\u00bb4.16&Prime; _module_preset=\u00a0\u00bbdefault\u00a0\u00bb global_colors_info=\u00a0\u00bb{}\u00a0\u00bb][et_pb_column type=\u00a0\u00bb1_4&Prime; _builder_version=\u00a0\u00bb4.16&Prime; _module_preset=\u00a0\u00bbdefault\u00a0\u00bb global_colors_info=\u00a0\u00bb{}\u00a0\u00bb][et_pb_text admin_label=\u00a0\u00bbStatistiques VAE\u00a0\u00bb module_class=\u00a0\u00bbbox-link-square\u00a0\u00bb _builder_version=\u00a0\u00bb4.27.4&Prime; _module_preset=\u00a0\u00bbdefault\u00a0\u00bb background_image=\u00a0\u00bbhttps:\/\/www.cnam.re\/site\/wp-content\/uploads\/AdobeStock_790218055-scaled.png\u00a0\u00bb link_option_url=\u00a0\u00bbhttps:\/\/www.cnam.re\/site\/wp-content\/uploads\/Statistiques-VAE-2024.png\u00a0\u00bb link_option_url_new_window=\u00a0\u00bbon\u00a0\u00bb global_colors_info=\u00a0\u00bb{}\u00a0\u00bb]<\/p>\n<p><a href=\"https:\/\/www.cnam.re\/site\/wp-content\/uploads\/Statistiques-VAE-2024.png\" target=\"_blank\" rel=\"noopener\">Statistiques VAE<\/a><\/p>\n<p>[\/et_pb_text][\/et_pb_column][et_pb_column type=\u00a0\u00bb1_4&Prime; _builder_version=\u00a0\u00bb4.16&Prime; _module_preset=\u00a0\u00bbdefault\u00a0\u00bb global_colors_info=\u00a0\u00bb{}\u00a0\u00bb][et_pb_text admin_label=\u00a0\u00bbPlaquette VAE\u00a0\u00bb module_class=\u00a0\u00bbbox-link-square\u00a0\u00bb _builder_version=\u00a0\u00bb4.27.5&Prime; _module_preset=\u00a0\u00bbdefault\u00a0\u00bb background_image=\u00a0\u00bbhttps:\/\/www.cnam.re\/site\/wp-content\/uploads\/cnam_vae_guide_02.jpg\u00a0\u00bb link_option_url=\u00a0\u00bb\/site\/wp-content\/uploads\/plaquette-VAE.pdf\u00a0\u00bb link_option_url_new_window=\u00a0\u00bbon\u00a0\u00bb hover_enabled=\u00a0\u00bb0&Prime; global_colors_info=\u00a0\u00bb{}\u00a0\u00bb title_text=\u00a0\u00bbcnam_vae_guide_02&Prime; sticky_enabled=\u00a0\u00bb0&Prime;]<\/p>\n<p><a href=\"\/site\/wp-content\/uploads\/plaquette-VAE.pdf\" target=\"_blank\" rel=\"noopener\">Plaquette d&rsquo;info VAE<\/a><\/p>\n<p>[\/et_pb_text][\/et_pb_column][et_pb_column type=\u00a0\u00bb1_4&Prime; _builder_version=\u00a0\u00bb4.16&Prime; _module_preset=\u00a0\u00bbdefault\u00a0\u00bb global_colors_info=\u00a0\u00bb{}\u00a0\u00bb][et_pb_text admin_label=\u00a0\u00bbTarifs et devis\u00a0\u00bb module_class=\u00a0\u00bbbox-link-square\u00a0\u00bb _builder_version=\u00a0\u00bb4.27.5&Prime; _dynamic_attributes=\u00a0\u00bblink_option_url\u00a0\u00bb _module_preset=\u00a0\u00bbdefault\u00a0\u00bb background_image=\u00a0\u00bbhttps:\/\/www.cnam.re\/site\/wp-content\/uploads\/tarifs.jpg\u00a0\u00bb link_option_url=\u00a0\u00bb@ET-DC@eyJkeW5hbWljIjp0cnVlLCJjb250ZW50IjoicG9zdF9saW5rX3VybF9wYWdlIiwic2V0dGluZ3MiOnsicG9zdF9pZCI6IjE3MDQifX0=@\u00a0\u00bb hover_enabled=\u00a0\u00bb0&Prime; global_colors_info=\u00a0\u00bb{}\u00a0\u00bb title_text=\u00a0\u00bbtarifs\u00a0\u00bb sticky_enabled=\u00a0\u00bb0&Prime;]<\/p>\n<p><a href=\"\/site\/tarifs\/\" target=\"_blank\" rel=\"noopener\">Tarifs<br \/>et devis<\/a><\/p>\n<p>[\/et_pb_text][\/et_pb_column][et_pb_column type=\u00a0\u00bb1_4&Prime; _builder_version=\u00a0\u00bb4.16&Prime; _module_preset=\u00a0\u00bbdefault\u00a0\u00bb global_colors_info=\u00a0\u00bb{}\u00a0\u00bb][et_pb_text admin_label=\u00a0\u00bbLire la video 20 ans de la VAE\u00a0\u00bb module_class=\u00a0\u00bbbox-link-square\u00a0\u00bb _builder_version=\u00a0\u00bb4.27.4&Prime; _module_preset=\u00a0\u00bbdefault\u00a0\u00bb background_image=\u00a0\u00bbhttps:\/\/www.cnam.re\/site\/wp-content\/uploads\/cnam_website_banner_vae_tiny.jpg\u00a0\u00bb link_option_url=\u00a0\u00bbhttps:\/\/www.cnam.re\/site\/docs\/videos\/CNAM-20-ANS-VAE-version-longue.mp4&Prime; link_option_url_new_window=\u00a0\u00bbon\u00a0\u00bb locked=\u00a0\u00bboff\u00a0\u00bb global_colors_info=\u00a0\u00bb{}\u00a0\u00bb]<\/p>\n<p><a href=\"https:\/\/www.cnam.re\/site\/docs\/videos\/CNAM-20-ANS-VAE-version-longue.mp4\" target=\"_blank\" rel=\"noopener\">La VAE en video<\/a><\/p>\n<p>[\/et_pb_text][\/et_pb_column][\/et_pb_row][\/et_pb_section]<\/p>\n","protected":false},"excerpt":{"rendered":"<p>Valoriser ses acquis au Cnam Vous avez capitalis\u00e9 au&#8230;<\/p>\n","protected":false},"author":1,"featured_media":622,"parent":0,"menu_order":43,"comment_status":"closed","ping_status":"closed","template":"","meta":{"_acf_changed":false,"_et_pb_use_builder":"on","_et_pb_old_content":"","_et_gb_content_width":"","footnotes":""},"class_list":["post-8","page","type-page","status-publish","has-post-thumbnail","hentry"],"acf":[],"_links":{"self":[{"href":"https:\/\/www.cnam.re\/site\/wp-json\/wp\/v2\/pages\/8","targetHints":{"allow":["GET"]}}],"collection":[{"href":"https:\/\/www.cnam.re\/site\/wp-json\/wp\/v2\/pages"}],"about":[{"href":"https:\/\/www.cnam.re\/site\/wp-json\/wp\/v2\/types\/page"}],"author":[{"embeddable":true,"href":"https:\/\/www.cnam.re\/site\/wp-json\/wp\/v2\/users\/1"}],"replies":[{"embeddable":true,"href":"https:\/\/www.cnam.re\/site\/wp-json\/wp\/v2\/comments?post=8"}],"version-history":[{"count":67,"href":"https:\/\/www.cnam.re\/site\/wp-json\/wp\/v2\/pages\/8\/revisions"}],"predecessor-version":[{"id":4883,"href":"https:\/\/www.cnam.re\/site\/wp-json\/wp\/v2\/pages\/8\/revisions\/4883"}],"wp:featuredmedia":[{"embeddable":true,"href":"https:\/\/www.cnam.re\/site\/wp-json\/wp\/v2\/media\/622"}],"wp:attachment":[{"href":"https:\/\/www.cnam.re\/site\/wp-json\/wp\/v2\/media?parent=8"}],"curies":[{"name":"wp","href":"https:\/\/api.w.org\/{rel}","templated":true}]}}