{"id":610,"date":"2021-10-20T11:29:16","date_gmt":"2021-10-20T09:29:16","guid":{"rendered":"https:\/\/cnam.smade.fr\/?page_id=610"},"modified":"2026-01-19T15:29:31","modified_gmt":"2026-01-19T11:29:31","slug":"dispositif-pro-a","status":"publish","type":"page","link":"https:\/\/www.cnam.re\/site\/alternance\/dispositif-pro-a\/","title":{"rendered":"Dispositif PRO-A"},"content":{"rendered":"<p>[et_pb_section fb_built=\u00a0\u00bb1&Prime; admin_label=\u00a0\u00bb \u00a0\u00bb module_class=\u00a0\u00bbdivi-first-section\u00a0\u00bb _builder_version=\u00a0\u00bb4.17.4&Prime; _module_preset=\u00a0\u00bbdefault\u00a0\u00bb global_colors_info=\u00a0\u00bb{}\u00a0\u00bb da_is_popup=\u00a0\u00bboff\u00a0\u00bb da_exit_intent=\u00a0\u00bboff\u00a0\u00bb da_has_close=\u00a0\u00bbon\u00a0\u00bb da_alt_close=\u00a0\u00bboff\u00a0\u00bb da_dark_close=\u00a0\u00bboff\u00a0\u00bb da_not_modal=\u00a0\u00bbon\u00a0\u00bb da_is_singular=\u00a0\u00bboff\u00a0\u00bb da_with_loader=\u00a0\u00bboff\u00a0\u00bb da_has_shadow=\u00a0\u00bbon\u00a0\u00bb da_disable_devices=\u00a0\u00bboff|off|off\u00a0\u00bb][et_pb_row admin_label=\u00a0\u00bb \u00a0\u00bb _builder_version=\u00a0\u00bb4.16&Prime; _module_preset=\u00a0\u00bbdefault\u00a0\u00bb global_colors_info=\u00a0\u00bb{}\u00a0\u00bb][et_pb_column type=\u00a0\u00bb4_4&Prime; _builder_version=\u00a0\u00bb4.16&Prime; _module_preset=\u00a0\u00bbdefault\u00a0\u00bb global_colors_info=\u00a0\u00bb{}\u00a0\u00bb][et_pb_text admin_label=\u00a0\u00bbIntro\u00a0\u00bb module_class=\u00a0\u00bbbox-article__intro\u00a0\u00bb _builder_version=\u00a0\u00bb4.16&Prime; _module_preset=\u00a0\u00bbdefault\u00a0\u00bb global_colors_info=\u00a0\u00bb{}\u00a0\u00bb]<\/p>\n<p>La loi du 5 septembre du 2018 cr\u00e9e un nouveau dispositif afin de redynamiser les modalit\u00e9s de formations ouvertes aux salari\u00e9s : <b>la reconversion ou la promotion par alternance (Pro-A).<\/b> Dans un contexte de fortes mutations du march\u00e9 du travail, le dispositif Pro-A permet aux salari\u00e9s, notamment ceux dont la qualification est insuffisante au regard de l\u2019\u00e9volution des technologies ou de l\u2019organisation du travail, de favoriser leur \u00e9volution ou promotion professionnelle et leur maintien dans l\u2019emploi.<\/p>\n<p>La reconversion ou la promotion par alternance s\u2019inscrit en compl\u00e9ment du plan de d\u00e9veloppement des comp\u00e9tences de l\u2019entreprise et du compte personnel de formation (CPF). Mis en \u0153uvre \u00e0 l\u2019initiative du salari\u00e9 ou de l\u2019entreprise, le dispositif Pro-A peut \u00eatre mobilis\u00e9 dans une optique d\u2019\u00e9volution, de r\u00e9orientation professionnelle ou de co-construction de projets qualifiants entre salari\u00e9s et employeurs.<\/p>\n<p>[\/et_pb_text][et_pb_text admin_label=\u00a0\u00bbContenu\u00a0\u00bb _builder_version=\u00a0\u00bb4.18.0&Prime; _module_preset=\u00a0\u00bbdefault\u00a0\u00bb global_colors_info=\u00a0\u00bb{}\u00a0\u00bb]<\/p>\n<h2>Publics<\/h2>\n<p>Le dispositif Pro-A est destin\u00e9 :<\/p>\n<ul>\n<li>aux salari\u00e9s en contrat de travail \u00e0 dur\u00e9e ind\u00e9termin\u00e9e (CDI)<\/li>\n<li>aux salari\u00e9s b\u00e9n\u00e9ficiaires d\u2019un contrat unique d\u2019insertion (CUI) \u00e0 dur\u00e9e ind\u00e9termin\u00e9e<\/li>\n<li>aux salari\u00e9s, sportifs ou entra\u00eeneurs professionnels, en contrat de travail \u00e0 dur\u00e9e d\u00e9termin\u00e9e (CDD)<\/li>\n<\/ul>\n<p>Pour pouvoir acc\u00e9der \u00e0 ce dispositif, ces salari\u00e9s ne doivent pas avoir atteint un niveau de qualification sanctionn\u00e9 par une certification professionnelle enregistr\u00e9e au r\u00e9pertoire national des certifications professionnelles (RNCP) et correspondant au grade de la licence.<\/p>\n<p>&nbsp;<\/p>\n<h2>Objectifs de la formation<\/h2>\n<p>La reconversion ou la promotion par alternance vise \u00e0 faciliter un changement de m\u00e9tier ou de profession, ou une promotion sociale ou professionnelle, via l\u2019obtention d\u2019une qualification reconnue.<\/p>\n<p>Les formations suivies doivent permettre d\u2019acqu\u00e9rir :<\/p>\n<ul>\n<li>un dipl\u00f4me ou un titre \u00e0 finalit\u00e9 professionnelle enregistr\u00e9 au RNCP<\/li>\n<li>un certificat de qualification professionnelle (CQP)<\/li>\n<li>une qualification reconnue dans les classifications d\u2019une convention collective nationale de branche<\/li>\n<\/ul>\n<p>&nbsp;<\/p>\n<h2>Dur\u00e9e de la formation<\/h2>\n<p>La formation organis\u00e9e au titre de Pro-A repose sur l\u2019alternance entre enseignement g\u00e9n\u00e9raux, professionnels et technologiques, d\u00e9livr\u00e9s par l\u2019organisme de formation et activit\u00e9s professionnelles en entreprise, en lien avec la formation suivie.<\/p>\n<p>Le dispositif Pro-A s\u2019\u00e9tend sur une dur\u00e9e comprise <b>entre 6 et 12 mois.<\/b><\/p>\n<p>Pour les jeunes de 16 \u00e0 25 ans r\u00e9volus, qui n\u2019ont pas valid\u00e9 un second cycle de l\u2019enseignement secondaire et qui ne sont pas titulaires d\u2019un dipl\u00f4me de l\u2019enseignement technologique ou professionnel, elle peut \u00eatre allong\u00e9e \u00e0 <b>36 mois.<\/b> Elle peut \u00e9galement \u00eatre allong\u00e9e jusqu\u2019\u00e0 24 mois pour d\u2019autres types de publics, ou lorsque la nature des qualifications pr\u00e9vues l\u2019exige. Ces b\u00e9n\u00e9ficiaires et la nature de ces qualifications sont d\u00e9finis par votre branche professionnelle.<\/p>\n<p>Ces actions sont d\u2019une dur\u00e9e comprise entre 15 % et 25 % de la dur\u00e9e totale de la Pro-A avec un minimum de 150 heures (peut aller au-del\u00e0 de 25 % pour des cas particuliers).<\/p>\n<p>Lorsque la formation se d\u00e9roule pendant le temps de travail, le maintien de la r\u00e9mun\u00e9ration du salari\u00e9 est assur\u00e9.<\/p>\n<p>L\u2019op\u00e9rateur de comp\u00e9tences dont d\u00e9pend votre entreprise prend en charge tout ou partie des frais p\u00e9dagogiques ainsi que les frais de transport et d\u2019h\u00e9bergement que vous avez expos\u00e9s au titre de la Pro-A de vos salari\u00e9s.<\/p>\n<p>[\/et_pb_text][et_pb_text admin_label=\u00a0\u00bbBox Fiche Pratique\u00a0\u00bb module_class=\u00a0\u00bbbox box-link-line box-link-line-icon yellow\u00a0\u00bb _builder_version=\u00a0\u00bb4.27.5&Prime; _module_preset=\u00a0\u00bbdefault\u00a0\u00bb background_image=\u00a0\u00bbhttps:\/\/www.cnam.re\/site\/wp-content\/uploads\/cnam_fiche_pratique.svg\u00a0\u00bb hover_enabled=\u00a0\u00bb0&Prime; global_colors_info=\u00a0\u00bb{}\u00a0\u00bb title_text=\u00a0\u00bbcnam_fiche_pratique\u00a0\u00bb sticky_enabled=\u00a0\u00bb0&Prime;]<\/p>\n<p><a href=\"https:\/\/travail-emploi.gouv.fr\/formation-professionnelle\/formation-en-alternance-10751\/pro-a\" target=\"_blank\" rel=\"noopener\">Fiche pratique<\/a><\/p>\n<p>[\/et_pb_text][\/et_pb_column][\/et_pb_row][\/et_pb_section][et_pb_section fb_built=\u00a0\u00bb1&Prime; admin_label=\u00a0\u00bb \u00a0\u00bb module_class=\u00a0\u00bbdivi-last-section empty\u00a0\u00bb _builder_version=\u00a0\u00bb4.17.4&Prime; _module_preset=\u00a0\u00bbdefault\u00a0\u00bb global_colors_info=\u00a0\u00bb{}\u00a0\u00bb da_is_popup=\u00a0\u00bboff\u00a0\u00bb da_exit_intent=\u00a0\u00bboff\u00a0\u00bb da_has_close=\u00a0\u00bbon\u00a0\u00bb da_alt_close=\u00a0\u00bboff\u00a0\u00bb da_dark_close=\u00a0\u00bboff\u00a0\u00bb da_not_modal=\u00a0\u00bbon\u00a0\u00bb da_is_singular=\u00a0\u00bboff\u00a0\u00bb da_with_loader=\u00a0\u00bboff\u00a0\u00bb da_has_shadow=\u00a0\u00bbon\u00a0\u00bb da_disable_devices=\u00a0\u00bboff|off|off\u00a0\u00bb][\/et_pb_section]<\/p>\n","protected":false},"excerpt":{"rendered":"<p>La loi du 5 septembre du 2018 cr\u00e9e un nouveau&#8230;<\/p>\n","protected":false},"author":1,"featured_media":635,"parent":7,"menu_order":7,"comment_status":"closed","ping_status":"closed","template":"","meta":{"_acf_changed":false,"_et_pb_use_builder":"on","_et_pb_old_content":"","_et_gb_content_width":"","footnotes":""},"class_list":["post-610","page","type-page","status-publish","has-post-thumbnail","hentry"],"acf":[],"_links":{"self":[{"href":"https:\/\/www.cnam.re\/site\/wp-json\/wp\/v2\/pages\/610","targetHints":{"allow":["GET"]}}],"collection":[{"href":"https:\/\/www.cnam.re\/site\/wp-json\/wp\/v2\/pages"}],"about":[{"href":"https:\/\/www.cnam.re\/site\/wp-json\/wp\/v2\/types\/page"}],"author":[{"embeddable":true,"href":"https:\/\/www.cnam.re\/site\/wp-json\/wp\/v2\/users\/1"}],"replies":[{"embeddable":true,"href":"https:\/\/www.cnam.re\/site\/wp-json\/wp\/v2\/comments?post=610"}],"version-history":[{"count":22,"href":"https:\/\/www.cnam.re\/site\/wp-json\/wp\/v2\/pages\/610\/revisions"}],"predecessor-version":[{"id":4862,"href":"https:\/\/www.cnam.re\/site\/wp-json\/wp\/v2\/pages\/610\/revisions\/4862"}],"up":[{"embeddable":true,"href":"https:\/\/www.cnam.re\/site\/wp-json\/wp\/v2\/pages\/7"}],"wp:featuredmedia":[{"embeddable":true,"href":"https:\/\/www.cnam.re\/site\/wp-json\/wp\/v2\/media\/635"}],"wp:attachment":[{"href":"https:\/\/www.cnam.re\/site\/wp-json\/wp\/v2\/media?parent=610"}],"curies":[{"name":"wp","href":"https:\/\/api.w.org\/{rel}","templated":true}]}}