{"id":605,"date":"2021-10-20T11:09:01","date_gmt":"2021-10-20T09:09:01","guid":{"rendered":"https:\/\/cnam.smade.fr\/?page_id=605"},"modified":"2026-01-19T15:29:12","modified_gmt":"2026-01-19T11:29:12","slug":"le-contrat-de-professionnalisation","status":"publish","type":"page","link":"https:\/\/www.cnam.re\/site\/alternance\/le-contrat-de-professionnalisation\/","title":{"rendered":"Contrat de professionnalisation"},"content":{"rendered":"<p>[et_pb_section fb_built=\u00a0\u00bb1&Prime; admin_label=\u00a0\u00bb \u00a0\u00bb module_class=\u00a0\u00bbdivi-first-section\u00a0\u00bb _builder_version=\u00a0\u00bb4.17.4&Prime; _module_preset=\u00a0\u00bbdefault\u00a0\u00bb global_colors_info=\u00a0\u00bb{}\u00a0\u00bb da_is_popup=\u00a0\u00bboff\u00a0\u00bb da_exit_intent=\u00a0\u00bboff\u00a0\u00bb da_has_close=\u00a0\u00bbon\u00a0\u00bb da_alt_close=\u00a0\u00bboff\u00a0\u00bb da_dark_close=\u00a0\u00bboff\u00a0\u00bb da_not_modal=\u00a0\u00bbon\u00a0\u00bb da_is_singular=\u00a0\u00bboff\u00a0\u00bb da_with_loader=\u00a0\u00bboff\u00a0\u00bb da_has_shadow=\u00a0\u00bbon\u00a0\u00bb da_disable_devices=\u00a0\u00bboff|off|off\u00a0\u00bb][et_pb_row admin_label=\u00a0\u00bb \u00a0\u00bb _builder_version=\u00a0\u00bb4.16&Prime; _module_preset=\u00a0\u00bbdefault\u00a0\u00bb global_colors_info=\u00a0\u00bb{}\u00a0\u00bb][et_pb_column type=\u00a0\u00bb4_4&Prime; _builder_version=\u00a0\u00bb4.16&Prime; _module_preset=\u00a0\u00bbdefault\u00a0\u00bb global_colors_info=\u00a0\u00bb{}\u00a0\u00bb][et_pb_text admin_label=\u00a0\u00bbIntro\u00a0\u00bb module_class=\u00a0\u00bbbox-article__intro\u00a0\u00bb _builder_version=\u00a0\u00bb4.16&Prime; _module_preset=\u00a0\u00bbdefault\u00a0\u00bb global_colors_info=\u00a0\u00bb{}\u00a0\u00bb]<\/p>\n<p>Le contrat de professionnalisation est un contrat de travail conclu entre un employeur et un salari\u00e9. Il permet l\u2019acquisition \u2013 dans le cadre de la formation continue \u2013 d\u2019une qualification professionnelle (dipl\u00f4me, titre, certificat de qualification professionnelle\u2026) reconnue par l\u2019\u00c9tat et\/ou la branche professionnelle. L\u2019objectif est l\u2019insertion ou le retour \u00e0 l\u2019emploi des jeunes et des adultes.<\/p>\n<p>[\/et_pb_text][et_pb_text admin_label=\u00a0\u00bbContenu Texte + Tableau\u00a0\u00bb _builder_version=\u00a0\u00bb4.18.0&Prime; _module_preset=\u00a0\u00bbdefault\u00a0\u00bb global_colors_info=\u00a0\u00bb{}\u00a0\u00bb]<\/p>\n<h2>Publics<\/h2>\n<ul>\n<li>Jeunes \u00e2g\u00e9s de 16 \u00e0 25 ans r\u00e9volus afin de compl\u00e9ter leur formation initiale<\/li>\n<li>Demandeurs d\u2019emploi \u00e2g\u00e9s de 26 ans et plus<\/li>\n<li>Sans condition d&rsquo;\u00e2ge pour les b\u00e9n\u00e9ficiaires du revenu de solidarit\u00e9 active (RSA), de l\u2019allocation de solidarit\u00e9 sp\u00e9cifique (ASS) ou de l\u2019allocation aux adultes handicap\u00e9s (AAH)<\/li>\n<li>Personnes ayant b\u00e9n\u00e9fici\u00e9 d\u2019un contrat aid\u00e9 (contrat unique d\u2019insertion &#8211; CUI)<\/li>\n<\/ul>\n<p>&nbsp;<\/p>\n<h2>Objectifs de la formation<\/h2>\n<p>Le contrat de professionnalisation a pour but d\u2019acqu\u00e9rir une qualification professionnelle reconnue :<\/p>\n<ul>\n<li>dipl\u00f4me ou titre professionnel enregistr\u00e9 dans le R\u00e9pertoire national des certifications professionnelles (RNCP)<\/li>\n<li>certificat de qualification professionnelle (CQP) de branche ou interbranche<\/li>\n<li>qualification reconnue dans les classifications d\u2019une convention collective nationale<\/li>\n<\/ul>\n<p>&nbsp;<\/p>\n<h2>Dur\u00e9e de la formation<\/h2>\n<p>La p\u00e9riode de professionnalisation (alternance entre enseignements et p\u00e9riodes de travail en entreprise) est situ\u00e9e au d\u00e9but d\u2019un contrat \u00e0 dur\u00e9e ind\u00e9termin\u00e9e. Dans le cas d\u2019un contrat \u00e0 dur\u00e9e d\u00e9termin\u00e9e, elle occupe toute la dur\u00e9e du contrat.<\/p>\n<p>Les enseignements ont une dur\u00e9e comprise entre <b>15 % et 25 % de la dur\u00e9e totale<\/b> du contrat de professionnalisation \u00e0 dur\u00e9e d\u00e9termin\u00e9e ou de la p\u00e9riode d\u2019action de professionnalisation du contrat \u00e0 dur\u00e9e ind\u00e9termin\u00e9e ; cette dur\u00e9e <b>ne peut pas \u00eatre inf\u00e9rieure \u00e0 150 heures<\/b>. Un accord de branche peut toutefois porter cette dur\u00e9e au-del\u00e0 de 25 %, et jusqu&rsquo;\u00e0 24 mois, soit pour certains publics (b\u00e9n\u00e9ficiaires du RSA, de l\u2019ASS, de l\u2019AAH ou d\u2019un contrat unique d\u2019insertion, demandeurs d\u2019emploi \u00e2g\u00e9s de 26 ans et plus inscrits depuis plus d\u2019un an sur la liste des demandeurs d\u2019emploi, etc.), soit pour certaines qualifications.<\/p>\n<p>&nbsp;<\/p>\n<h2>R\u00e9mun\u00e9ration<\/h2>\n<p>Le montant varie en fonction de l&rsquo;\u00e2ge du b\u00e9n\u00e9ficiaire et de son niveau de formation initial.<\/p>\n<div class=\"wrap--basic-table\">\n<table class=\"basic-table\">\n<tbody>\n<tr>\n<th colspan=\"3\">Niveau de r\u00e9mun\u00e9ration sous contrat de PROFESSIONNALISATION<\/th>\n<\/tr>\n<tr>\n<th>Age<\/th>\n<th>Titulaire d&rsquo;un dipl\u00f4me Inf\u00e9rieur au bac ou de niveau IV<\/th>\n<th>Titulaire d&rsquo;un dipl\u00f4me sup\u00e9rieur ou \u00e9gal au bac<\/th>\n<\/tr>\n<tr>\n<th>Moins de 21 ans<\/th>\n<td>55 % du SMIC<\/td>\n<td>65 % du SMIC<\/td>\n<\/tr>\n<tr>\n<th>21 \u00e0 25 ans<\/th>\n<td>70 % du SMIC<\/td>\n<td>80 % du SMIC<\/td>\n<\/tr>\n<tr>\n<th>26 ans et plus<\/th>\n<td colspan=\"3\">100% du SMIC ou 85 % du minimum conventionnel<\/td>\n<\/tr>\n<\/tbody>\n<\/table>\n<\/div>\n<p>Des dispositions conventionnelles ou contractuelles peuvent pr\u00e9voir une r\u00e9mun\u00e9ration plus favorable pour le salari\u00e9.<\/p>\n<p>Le titulaire d\u2019un contrat de professionnalisation est un salari\u00e9 \u00e0 part enti\u00e8re. \u00c0 ce titre, les lois, les r\u00e8glements et la convention collective lui sont applicables dans les m\u00eames conditions qu\u2019aux autres salari\u00e9s, dans la mesure o\u00f9 leurs dispositions ne sont pas incompatibles avec les exigences de leur formation.<\/p>\n<p>[\/et_pb_text][et_pb_text admin_label=\u00a0\u00bbBox Fiche Pratique\u00a0\u00bb module_class=\u00a0\u00bbbox box-link-line box-link-line-icon yellow\u00a0\u00bb _builder_version=\u00a0\u00bb4.27.5&Prime; _module_preset=\u00a0\u00bbdefault\u00a0\u00bb background_image=\u00a0\u00bbhttps:\/\/www.cnam.re\/site\/wp-content\/uploads\/cnam_fiche_pratique.svg\u00a0\u00bb hover_enabled=\u00a0\u00bb0&Prime; global_colors_info=\u00a0\u00bb{}\u00a0\u00bb title_text=\u00a0\u00bbcnam_fiche_pratique\u00a0\u00bb sticky_enabled=\u00a0\u00bb0&Prime;]<\/p>\n<p><a href=\"https:\/\/travail-emploi.gouv.fr\/formation-professionnelle\/formation-en-alternance-10751\/contrat-de-professionnalisation\" target=\"_blank\" rel=\"noopener\">Fiche pratique<\/a><\/p>\n<p>[\/et_pb_text][\/et_pb_column][\/et_pb_row][\/et_pb_section][et_pb_section fb_built=\u00a0\u00bb1&Prime; admin_label=\u00a0\u00bb \u00a0\u00bb module_class=\u00a0\u00bbdivi-last-section empty\u00a0\u00bb _builder_version=\u00a0\u00bb4.17.4&Prime; _module_preset=\u00a0\u00bbdefault\u00a0\u00bb global_colors_info=\u00a0\u00bb{}\u00a0\u00bb da_is_popup=\u00a0\u00bboff\u00a0\u00bb da_exit_intent=\u00a0\u00bboff\u00a0\u00bb da_has_close=\u00a0\u00bbon\u00a0\u00bb da_alt_close=\u00a0\u00bboff\u00a0\u00bb da_dark_close=\u00a0\u00bboff\u00a0\u00bb da_not_modal=\u00a0\u00bbon\u00a0\u00bb da_is_singular=\u00a0\u00bboff\u00a0\u00bb da_with_loader=\u00a0\u00bboff\u00a0\u00bb da_has_shadow=\u00a0\u00bbon\u00a0\u00bb da_disable_devices=\u00a0\u00bboff|off|off\u00a0\u00bb][\/et_pb_section]<\/p>\n","protected":false},"excerpt":{"rendered":"<p>Le contrat de professionnalisation est un contrat de&#8230;<\/p>\n","protected":false},"author":1,"featured_media":620,"parent":7,"menu_order":6,"comment_status":"closed","ping_status":"closed","template":"","meta":{"_acf_changed":false,"_et_pb_use_builder":"on","_et_pb_old_content":"","_et_gb_content_width":"","footnotes":""},"class_list":["post-605","page","type-page","status-publish","has-post-thumbnail","hentry"],"acf":[],"_links":{"self":[{"href":"https:\/\/www.cnam.re\/site\/wp-json\/wp\/v2\/pages\/605","targetHints":{"allow":["GET"]}}],"collection":[{"href":"https:\/\/www.cnam.re\/site\/wp-json\/wp\/v2\/pages"}],"about":[{"href":"https:\/\/www.cnam.re\/site\/wp-json\/wp\/v2\/types\/page"}],"author":[{"embeddable":true,"href":"https:\/\/www.cnam.re\/site\/wp-json\/wp\/v2\/users\/1"}],"replies":[{"embeddable":true,"href":"https:\/\/www.cnam.re\/site\/wp-json\/wp\/v2\/comments?post=605"}],"version-history":[{"count":23,"href":"https:\/\/www.cnam.re\/site\/wp-json\/wp\/v2\/pages\/605\/revisions"}],"predecessor-version":[{"id":4859,"href":"https:\/\/www.cnam.re\/site\/wp-json\/wp\/v2\/pages\/605\/revisions\/4859"}],"up":[{"embeddable":true,"href":"https:\/\/www.cnam.re\/site\/wp-json\/wp\/v2\/pages\/7"}],"wp:featuredmedia":[{"embeddable":true,"href":"https:\/\/www.cnam.re\/site\/wp-json\/wp\/v2\/media\/620"}],"wp:attachment":[{"href":"https:\/\/www.cnam.re\/site\/wp-json\/wp\/v2\/media?parent=605"}],"curies":[{"name":"wp","href":"https:\/\/api.w.org\/{rel}","templated":true}]}}