{"id":591,"date":"2021-10-20T10:44:29","date_gmt":"2021-10-20T08:44:29","guid":{"rendered":"https:\/\/cnam.smade.fr\/?page_id=591"},"modified":"2026-01-19T15:28:49","modified_gmt":"2026-01-19T11:28:49","slug":"contrat-dapprentissage","status":"publish","type":"page","link":"https:\/\/www.cnam.re\/site\/alternance\/contrat-dapprentissage\/","title":{"rendered":"Contrat d&rsquo;apprentissage"},"content":{"rendered":"<p>[et_pb_section fb_built=\u00a0\u00bb1&Prime; admin_label=\u00a0\u00bb \u00a0\u00bb module_class=\u00a0\u00bbdivi-first-section\u00a0\u00bb _builder_version=\u00a0\u00bb4.17.4&Prime; _module_preset=\u00a0\u00bbdefault\u00a0\u00bb da_disable_devices=\u00a0\u00bboff|off|off\u00a0\u00bb global_colors_info=\u00a0\u00bb{}\u00a0\u00bb da_is_popup=\u00a0\u00bboff\u00a0\u00bb da_exit_intent=\u00a0\u00bboff\u00a0\u00bb da_has_close=\u00a0\u00bbon\u00a0\u00bb da_alt_close=\u00a0\u00bboff\u00a0\u00bb da_dark_close=\u00a0\u00bboff\u00a0\u00bb da_not_modal=\u00a0\u00bbon\u00a0\u00bb da_is_singular=\u00a0\u00bboff\u00a0\u00bb da_with_loader=\u00a0\u00bboff\u00a0\u00bb da_has_shadow=\u00a0\u00bbon\u00a0\u00bb][et_pb_row admin_label=\u00a0\u00bb \u00a0\u00bb _builder_version=\u00a0\u00bb4.16&Prime; _module_preset=\u00a0\u00bbdefault\u00a0\u00bb global_colors_info=\u00a0\u00bb{}\u00a0\u00bb][et_pb_column type=\u00a0\u00bb4_4&Prime; _builder_version=\u00a0\u00bb4.16&Prime; _module_preset=\u00a0\u00bbdefault\u00a0\u00bb global_colors_info=\u00a0\u00bb{}\u00a0\u00bb][et_pb_text admin_label=\u00a0\u00bbIntro\u00a0\u00bb module_class=\u00a0\u00bbbox-article__intro\u00a0\u00bb _builder_version=\u00a0\u00bb4.17.4&Prime; _module_preset=\u00a0\u00bbdefault\u00a0\u00bb global_colors_info=\u00a0\u00bb{}\u00a0\u00bb]<\/p>\n<p>Le contrat d\u2019apprentissage est un contrat de travail conclu entre un employeur et un salari\u00e9. Son objectif est de permettre \u00e0 un jeune de suivre une formation g\u00e9n\u00e9rale, th\u00e9orique et pratique, en vue d\u2019acqu\u00e9rir un dipl\u00f4me d\u2019\u00c9tat (CAP, BAC, BTS, Licence, Master, etc.) ou un titre \u00e0 finalit\u00e9 professionnelle inscrit au r\u00e9pertoire national des certifications professionnelles (RNCP), dont l\u2019ensemble des titres professionnels relevant du minist\u00e8re charg\u00e9 de l\u2019emploi.<\/p>\n<p>[\/et_pb_text][et_pb_text admin_label=\u00a0\u00bbContenu Texte + Tableau\u00a0\u00bb _builder_version=\u00a0\u00bb4.18.0&Prime; _module_preset=\u00a0\u00bbdefault\u00a0\u00bb global_colors_info=\u00a0\u00bb{}\u00a0\u00bb]<\/p>\n<h2>Publics<\/h2>\n<p>Les jeunes \u00e2g\u00e9s de 16 \u00e0 29 ans r\u00e9volus. L&rsquo;\u00e2ge maximum peut \u00eatre port\u00e9 \u00e0 34 ans r\u00e9volus dans les cas suivants :<\/p>\n<ul>\n<li>l&rsquo;apprenti veut signer un nouveau contrat pour acc\u00e9der \u00e0 un niveau de dipl\u00f4me sup\u00e9rieur \u00e0 celui d\u00e9j\u00e0 obtenu ;<\/li>\n<li>le pr\u00e9c\u00e9dent contrat a \u00e9t\u00e9 rompu pour des raisons ind\u00e9pendantes de sa volont\u00e9, ou pour inaptitude physique.<\/li>\n<\/ul>\n<p>Il ne doit pas s&rsquo;\u00e9couler plus d&rsquo;un an entre les deux contrats.<\/p>\n<p>Il n&rsquo;y a pas de limite d&rsquo;\u00e2ge si l&rsquo;apprenti est dans l&rsquo;une des situations suivantes :<\/p>\n<ul>\n<li>il est reconnu comme travailleur handicap\u00e9 ;<\/li>\n<li>il envisage de cr\u00e9er ou de reprendre une entreprise supposant l&rsquo;obtention d&rsquo;un dipl\u00f4me ;<\/li>\n<li>il est sportif de haut niveau ou il n&rsquo;obtient pas le dipl\u00f4me ou le titre professionnel vis\u00e9 (prolongation maximum d&rsquo;un an).<\/li>\n<\/ul>\n<p>&nbsp;<\/p>\n<h2>Objectifs de la formation<\/h2>\n<p>L\u2019apprentissage permet de pr\u00e9parer :<\/p>\n<ul>\n<li><b>un dipl\u00f4me professionnel de l\u2019enseignement secondaire<\/b> : certificat d\u2019aptitude professionnelle (CAP), baccalaur\u00e9at professionnel, brevet professionnel, mention compl\u00e9mentaire ;<\/li>\n<li><b>un dipl\u00f4me de l\u2019enseignement sup\u00e9rieur<\/b> : brevet de technicien sup\u00e9rieur (BTS), dipl\u00f4me universitaire de technologie (DUT), licences professionnelles, dipl\u00f4mes d\u2019ing\u00e9nieur, d\u2019\u00e9cole sup\u00e9rieure de commerce, etc. ;<\/li>\n<li><b>un titre \u00e0 finalit\u00e9 professionnelle<\/b> enregistr\u00e9 au r\u00e9pertoire national des certifications professionnelles (RNCP), dont l\u2019ensemble des titres professionnels relevant du minist\u00e8re charg\u00e9 de l\u2019emploi.<\/li>\n<\/ul>\n<p>&nbsp;<\/p>\n<h2>Dur\u00e9e de la formation<\/h2>\n<p>La dur\u00e9e du contrat d\u2019apprentissage, lorsqu\u2019il est conclu pour une dur\u00e9e limit\u00e9e, ou de la p\u00e9riode d\u2019apprentissage, lorsque le contrat d\u2019apprentissage est conclu dans le cadre d\u2019un contrat \u00e0 dur\u00e9e ind\u00e9termin\u00e9e, <b>peut varier de 6 mois \u00e0 3 ans<\/b> avec un minimum de 400 heures en moyenne par an, et en fonction du type de profession et de la qualification pr\u00e9par\u00e9e.<\/p>\n<p><b>Cette dur\u00e9e peut \u00eatre adapt\u00e9e<\/b> pour tenir compte du niveau initial de comp\u00e9tence de l\u2019apprenti ; la dur\u00e9e maximale est celle du cycle de formation suivie augment\u00e9e d\u2019une ann\u00e9e maximum, <b>sans pouvoir \u00eatre port\u00e9e \u00e0 plus de 4 ans<\/b> lorsque la qualit\u00e9 de travailleur handicap\u00e9 est reconnue \u00e0 l\u2019apprenti, ou qu\u2019il est inscrit sur la liste officielle des sportifs de haut niveau.<\/p>\n<p>&nbsp;<\/p>\n<h2>R\u00e9mun\u00e9ration<\/h2>\n<p>L\u2019apprenti b\u00e9n\u00e9ficie d\u2019une r\u00e9mun\u00e9ration variant en fonction de son \u00e2ge ; en outre, sa r\u00e9mun\u00e9ration progresse chaque nouvelle ann\u00e9e calendaire d\u2019ex\u00e9cution de son contrat. Le salaire minimum r\u00e9glementaire per\u00e7u par l\u2019apprenti correspond \u00e0 un pourcentage du Smic ou du SMC (salaire minimum conventionnel de l\u2019emploi occup\u00e9) pour les 21 ans et plus.<\/p>\n<div class=\"wrap--basic-table\">\n<table class=\"basic-table\">\n<tbody>\n<tr>\n<th colspan=\"5\">Niveau de r\u00e9mun\u00e9ration sous contrat d&rsquo;APPRENTISSAGE<\/th>\n<\/tr>\n<tr>\n<th>Ann\u00e9e d&rsquo;ex\u00e9cution du contrat<\/th>\n<th>Apprenti de moins de 18 ans<\/th>\n<th>Apprenti de 18 \u00e0 20 ans<\/th>\n<th>Apprenti de 21 \u00e0 25 ans<\/th>\n<th>Apprenti de 26 ans et plus<\/th>\n<\/tr>\n<tr>\n<th>1\u00e8re ann\u00e9e<\/th>\n<td>27 % du SMIC<\/td>\n<td>43 % du SMIC<\/td>\n<td>53 % du SMIC*<\/td>\n<td>100 % du SMIC*<\/td>\n<\/tr>\n<tr>\n<th>2\u00e8me ann\u00e9e<\/th>\n<td>39 % du SMIC<\/td>\n<td>51 % du SMIC<\/td>\n<td>61 % du SMIC*<\/td>\n<td>100 % du SMIC*<\/td>\n<\/tr>\n<tr>\n<th>3\u00e8me ann\u00e9e<\/th>\n<td>55 % du SMIC<\/td>\n<td>67 % du SMIC<\/td>\n<td>78 % du SMIC*<\/td>\n<td>100 % du SMIC*<\/td>\n<\/tr>\n<\/tbody>\n<\/table>\n<\/div>\n<p>* ou du salaire minimum conventionnel de l\u2019emploi occup\u00e9<\/p>\n<p>Des dispositions conventionnelles ou contractuelles peuvent pr\u00e9voir une r\u00e9mun\u00e9ration plus favorable pour le salari\u00e9. En cas de succession de contrats, la r\u00e9mun\u00e9ration est au moins \u00e9gale au minimum r\u00e9glementaire de la derni\u00e8re ann\u00e9e du pr\u00e9c\u00e9dent contrat si le dipl\u00f4me ou titre a \u00e9t\u00e9 obtenu, sauf changement de tranche d\u2019\u00e2ge plus favorable \u00e0 l\u2019apprenti.<\/p>\n<p>[\/et_pb_text][et_pb_text admin_label=\u00a0\u00bbBox Fiche Pratique\u00a0\u00bb module_class=\u00a0\u00bbbox box-link-line box-link-line-icon yellow\u00a0\u00bb _builder_version=\u00a0\u00bb4.27.5&Prime; _module_preset=\u00a0\u00bbdefault\u00a0\u00bb background_image=\u00a0\u00bbhttps:\/\/www.cnam.re\/site\/wp-content\/uploads\/cnam_fiche_pratique.svg\u00a0\u00bb hover_enabled=\u00a0\u00bb0&Prime; global_colors_info=\u00a0\u00bb{}\u00a0\u00bb title_text=\u00a0\u00bbcnam_fiche_pratique\u00a0\u00bb sticky_enabled=\u00a0\u00bb0&Prime;]<\/p>\n<p><a href=\"https:\/\/travail-emploi.gouv.fr\/le-contrat-dapprentissage\" target=\"_blank\" rel=\"noopener\">Fiche pratique<\/a><\/p>\n<p>[\/et_pb_text][\/et_pb_column][\/et_pb_row][et_pb_row column_structure=\u00a0\u00bb1_2,1_2&Prime; _builder_version=\u00a0\u00bb4.18.0&Prime; _module_preset=\u00a0\u00bbdefault\u00a0\u00bb global_colors_info=\u00a0\u00bb{}\u00a0\u00bb][et_pb_column type=\u00a0\u00bb1_2&Prime; _builder_version=\u00a0\u00bb4.18.0&Prime; _module_preset=\u00a0\u00bbdefault\u00a0\u00bb global_colors_info=\u00a0\u00bb{}\u00a0\u00bb][et_pb_text module_class=\u00a0\u00bbbox box-page-bottom\u00a0\u00bb _builder_version=\u00a0\u00bb4.18.0&Prime; _module_preset=\u00a0\u00bbdefault\u00a0\u00bb locked=\u00a0\u00bboff\u00a0\u00bb global_colors_info=\u00a0\u00bb{}\u00a0\u00bb]<\/p>\n<h5>Liens utiles<\/h5>\n<ul>\n<li><a href=\"https:\/\/lapprentissage.re\/\" target=\"_blank\" rel=\"noopener\">Tout savoir sur l&rsquo;apprentissage \u00e0 la R\u00e9union<\/a><\/li>\n<\/ul>\n<p>[\/et_pb_text][\/et_pb_column][et_pb_column type=\u00a0\u00bb1_2&Prime; _builder_version=\u00a0\u00bb4.18.0&Prime; _module_preset=\u00a0\u00bbdefault\u00a0\u00bb global_colors_info=\u00a0\u00bb{}\u00a0\u00bb][\/et_pb_column][\/et_pb_row][\/et_pb_section][et_pb_section fb_built=\u00a0\u00bb1&Prime; admin_label=\u00a0\u00bb \u00a0\u00bb module_class=\u00a0\u00bbdivi-last-section empty\u00a0\u00bb _builder_version=\u00a0\u00bb4.17.4&Prime; _module_preset=\u00a0\u00bbdefault\u00a0\u00bb da_disable_devices=\u00a0\u00bboff|off|off\u00a0\u00bb global_colors_info=\u00a0\u00bb{}\u00a0\u00bb da_is_popup=\u00a0\u00bboff\u00a0\u00bb da_exit_intent=\u00a0\u00bboff\u00a0\u00bb da_has_close=\u00a0\u00bbon\u00a0\u00bb da_alt_close=\u00a0\u00bboff\u00a0\u00bb da_dark_close=\u00a0\u00bboff\u00a0\u00bb da_not_modal=\u00a0\u00bbon\u00a0\u00bb da_is_singular=\u00a0\u00bboff\u00a0\u00bb da_with_loader=\u00a0\u00bboff\u00a0\u00bb da_has_shadow=\u00a0\u00bbon\u00a0\u00bb][\/et_pb_section]<\/p>\n","protected":false},"excerpt":{"rendered":"<p>Le contrat d\u2019apprentissage est un contrat de travail&#8230;<\/p>\n","protected":false},"author":1,"featured_media":637,"parent":7,"menu_order":5,"comment_status":"closed","ping_status":"closed","template":"","meta":{"_acf_changed":false,"_et_pb_use_builder":"on","_et_pb_old_content":"","_et_gb_content_width":"","footnotes":""},"class_list":["post-591","page","type-page","status-publish","has-post-thumbnail","hentry"],"acf":[],"_links":{"self":[{"href":"https:\/\/www.cnam.re\/site\/wp-json\/wp\/v2\/pages\/591","targetHints":{"allow":["GET"]}}],"collection":[{"href":"https:\/\/www.cnam.re\/site\/wp-json\/wp\/v2\/pages"}],"about":[{"href":"https:\/\/www.cnam.re\/site\/wp-json\/wp\/v2\/types\/page"}],"author":[{"embeddable":true,"href":"https:\/\/www.cnam.re\/site\/wp-json\/wp\/v2\/users\/1"}],"replies":[{"embeddable":true,"href":"https:\/\/www.cnam.re\/site\/wp-json\/wp\/v2\/comments?post=591"}],"version-history":[{"count":42,"href":"https:\/\/www.cnam.re\/site\/wp-json\/wp\/v2\/pages\/591\/revisions"}],"predecessor-version":[{"id":4856,"href":"https:\/\/www.cnam.re\/site\/wp-json\/wp\/v2\/pages\/591\/revisions\/4856"}],"up":[{"embeddable":true,"href":"https:\/\/www.cnam.re\/site\/wp-json\/wp\/v2\/pages\/7"}],"wp:featuredmedia":[{"embeddable":true,"href":"https:\/\/www.cnam.re\/site\/wp-json\/wp\/v2\/media\/637"}],"wp:attachment":[{"href":"https:\/\/www.cnam.re\/site\/wp-json\/wp\/v2\/media?parent=591"}],"curies":[{"name":"wp","href":"https:\/\/api.w.org\/{rel}","templated":true}]}}