{"id":399,"date":"2021-09-24T11:51:12","date_gmt":"2021-09-24T09:51:12","guid":{"rendered":"https:\/\/cnam.smade.fr\/?page_id=399"},"modified":"2026-01-19T15:52:44","modified_gmt":"2026-01-19T11:52:44","slug":"modalites-denseignement","status":"publish","type":"page","link":"https:\/\/www.cnam.re\/site\/votre-parcours\/modalites-denseignement\/","title":{"rendered":"Suivre les enseignements"},"content":{"rendered":"<p>[et_pb_section fb_built=\u00a0\u00bb1&Prime; admin_label=\u00a0\u00bb \u00a0\u00bb module_class=\u00a0\u00bbdivi-first-section\u00a0\u00bb _builder_version=\u00a0\u00bb4.17.4&Prime; _module_preset=\u00a0\u00bbdefault\u00a0\u00bb da_disable_devices=\u00a0\u00bboff|off|off\u00a0\u00bb global_colors_info=\u00a0\u00bb{}\u00a0\u00bb da_is_popup=\u00a0\u00bboff\u00a0\u00bb da_exit_intent=\u00a0\u00bboff\u00a0\u00bb da_has_close=\u00a0\u00bbon\u00a0\u00bb da_alt_close=\u00a0\u00bboff\u00a0\u00bb da_dark_close=\u00a0\u00bboff\u00a0\u00bb da_not_modal=\u00a0\u00bbon\u00a0\u00bb da_is_singular=\u00a0\u00bboff\u00a0\u00bb da_with_loader=\u00a0\u00bboff\u00a0\u00bb da_has_shadow=\u00a0\u00bbon\u00a0\u00bb][et_pb_row disabled_on=\u00a0\u00bbon|on|off\u00a0\u00bb admin_label=\u00a0\u00bb \u00a0\u00bb _builder_version=\u00a0\u00bb4.18.0&Prime; _module_preset=\u00a0\u00bbdefault\u00a0\u00bb custom_css_main_element=\u00a0\u00bbheight: 200px;\u00a0\u00bb global_colors_info=\u00a0\u00bb{}\u00a0\u00bb][et_pb_column type=\u00a0\u00bb4_4&Prime; _builder_version=\u00a0\u00bb4.16&Prime; _module_preset=\u00a0\u00bbdefault\u00a0\u00bb global_colors_info=\u00a0\u00bb{}\u00a0\u00bb][et_pb_code admin_label=\u00a0\u00bbNavigation 4 \u00e9tapes\u00a0\u00bb _builder_version=\u00a0\u00bb4.22.2&Prime; _module_preset=\u00a0\u00bbdefault\u00a0\u00bb global_colors_info=\u00a0\u00bb{}\u00a0\u00bb]<\/p>\n<div class=\"parcours to-stick\"><!-- [et_pb_line_break_holder] -->  <\/p>\n<div class=\"parcours__wrapper\"><!-- [et_pb_line_break_holder] -->    <a href=\"\/site\/votre-parcours\/definir-son-projet\/\" class=\"parcours__step done\"><!-- [et_pb_line_break_holder] -->      <span class=\"parcours__line\"><\/span><!-- [et_pb_line_break_holder] -->      <\/p>\n<h4>Projet et<!\u2013- [et_pb_br_holder] -\u2013>parcours<\/h4>\n<p><!-- [et_pb_line_break_holder] -->    <\/a><!-- [et_pb_line_break_holder] -->    <a href=\"\/site\/votre-parcours\/inscription\/\" class=\"parcours__step done\"><!-- [et_pb_line_break_holder] -->      <span class=\"parcours__line\"><\/span><!-- [et_pb_line_break_holder] -->      <\/p>\n<h4>Proc\u00e9der \u00e0<!\u2013- [et_pb_br_holder] -\u2013>son inscription<\/h4>\n<p><!-- [et_pb_line_break_holder] -->    <\/a><!-- [et_pb_line_break_holder] -->    <a class=\"parcours__step active\"><!-- [et_pb_line_break_holder] -->      <span class=\"parcours__line\"><\/span><!-- [et_pb_line_break_holder] -->      <\/p>\n<h4>Suivre<!\u2013- [et_pb_br_holder] -\u2013>les enseignements<\/h4>\n<p><!-- [et_pb_line_break_holder] -->    <\/a><!-- [et_pb_line_break_holder] -->    <a href=\"\/site\/votre-parcours\/valider-son-diplome\/\" class=\"parcours__step\"><!-- [et_pb_line_break_holder] -->      <span class=\"parcours__line\"><\/span><!-- [et_pb_line_break_holder] -->      <\/p>\n<h4>Valider<!\u2013- [et_pb_br_holder] -\u2013>son dipl\u00f4me<\/h4>\n<p><!-- [et_pb_line_break_holder] -->    <\/a><!-- [et_pb_line_break_holder] -->  <\/div>\n<p><!-- [et_pb_line_break_holder] --><\/div>\n<p>[\/et_pb_code][\/et_pb_column][\/et_pb_row][et_pb_row admin_label=\u00a0\u00bb \u00a0\u00bb _builder_version=\u00a0\u00bb4.16&Prime; _module_preset=\u00a0\u00bbdefault\u00a0\u00bb global_colors_info=\u00a0\u00bb{}\u00a0\u00bb][et_pb_column type=\u00a0\u00bb4_4&Prime; _builder_version=\u00a0\u00bb4.16&Prime; _module_preset=\u00a0\u00bbdefault\u00a0\u00bb global_colors_info=\u00a0\u00bb{}\u00a0\u00bb][et_pb_text admin_label=\u00a0\u00bbLes modalit\u00e9s d&rsquo;enseignement\u00a0\u00bb _builder_version=\u00a0\u00bb4.27.4&Prime; _module_preset=\u00a0\u00bbdefault\u00a0\u00bb global_colors_info=\u00a0\u00bb{}\u00a0\u00bb]<\/p>\n<h2>Les modalit\u00e9s d&rsquo;enseignement<\/h2>\n<p>Parce que ses publics, et les attentes de ceux-ci, sont vari\u00e9s, mais aussi parce que le paysage de la formation professionnelle continue est en perp\u00e9tuelle mutation, le Cnam sait s&rsquo;adapter et propose un large panel de formations dipl\u00f4mantes et certifiantes, ou \u00e0 la carte, en vous formant en journ\u00e9e mais \u00e9galement hors temps de travail.<\/p>\n<p>Les diff\u00e9rentes modalit\u00e9s d&rsquo;enseignement au Cnam de la R\u00e9union peuvent \u00eatre les suivantes :<\/p>\n<h3>Le pr\u00e9sentiel en cours du soir et webconf\u00e9rences<\/h3>\n<p>Pour chaque unit\u00e9 d\u2019enseignement, vous utilisez des ressources m\u00e9diatis\u00e9es, en alternant du lundi au vendredi entre 17h et 21h, des s\u00e9ances de regroupement p\u00e9dagogique en face-\u00e0-face au centre r\u00e9gional du Port et de webconf\u00e9rences depuis votre domicile, venant ainsi renforcer le pr\u00e9sentiel. Les cours du soir peuvent \u00eatre suivis \u00e0 distance depuis chez vous via votre Espace Num\u00e9rique de Formation (ENF) &#8211; <i>voir plus bas<\/i>. En revanche, s\u2019il est possible de suivre les s\u00e9ances de regroupement programm\u00e9es, \u00e0 distance, la pr\u00e9sence de l\u2019\u00e9l\u00e8ve <b>\u00e0 au moins 2 regroupements par unit\u00e9 d&rsquo;enseignement et par semestre est obligatoire<\/b> pour se pr\u00e9senter aux examens \u00e0 la fin du semestre. La pr\u00e9sence aux travaux pratiques, quant \u00e0 elle, reste TR\u00c8S VIVEMENT recommand\u00e9e.<\/p>\n<p>Un accompagnement tutor\u00e9 sur la plate-forme de t\u00e9l\u00e9-enseignement du Cnam est assur\u00e9 par le formateur qui met en ligne r\u00e9guli\u00e8rement un ensemble de supports p\u00e9dagogiques sur votre Espace Num\u00e9rique de Formation.<\/p>\n<p>Selon que les cours sont organis\u00e9s en cours magistraux (CM) ou en travaux pratiques (TP), le nombre de s\u00e9ances de regroupements et de webconf\u00e9rences programm\u00e9s varie sur l\u2019ensemble du semestre. Chaque enseignement valide un certain nombre de cr\u00e9dits ECTS (European Credits Transfert System) et un cr\u00e9dit ECTS repr\u00e9sente en moyenne 10 heures de formation tutor\u00e9e (dont le travail en autonomie fourni par l\u2019\u00e9l\u00e8ve). Une unit\u00e9 d\u2019enseignement repr\u00e9sente ainsi en moyenne un volume de 40 \u00e0 60 heures tuteur\u00e9es se d\u00e9roulant sur un semestre. Dans des conditions optimales, une UE requiert entre 6 et 8 heures de travail personnel par semaine (regroupements inclus).<\/p>\n<h3>Le pr\u00e9sentiel en journ\u00e9e<\/h3>\n<p>Certaines formations ou certains enseignements peuvent se d\u00e9rouler en pr\u00e9sentiel en journ\u00e9e ou le samedi matin.<\/p>\n<p>Le Cnam de la R\u00e9union propose \u00e9galement \u00e0 travers ses unit\u00e9s d&rsquo;enseignement, un ensemble de th\u00e9matiques qui peuvent \u00eatre d\u00e9clin\u00e9s sous forme de stages courts intra-entreprises pour s\u2019initier \u00e0 un domaine, approfondir ses connaissances ou d\u00e9velopper ses comp\u00e9tences.<\/p>\n<p>Les contenus propos\u00e9s sont enti\u00e8rement adaptables et personnalisables selon les attentes de l\u2019entreprise et le calendrier peut \u00eatre modifi\u00e9 selon la disponibilit\u00e9 des intervenants.<\/p>\n<p>Valorisez ainsi les comp\u00e9tences de vos collaborateurs et accompagnez le management de vos \u00e9quipes. Contactez notre service entreprise pour en savoir plus.<\/p>\n<h3>Le 100% \u00e0 distance<\/h3>\n<p>Ce qui fait la force du Cnam c&rsquo;est son r\u00e9seau de centres interconnect\u00e9s qui permet \u00e0 chacun de se former sans contraintes de temps ni de lieu, en b\u00e9n\u00e9ficiant d&rsquo;un large \u00e9ventail de formations \u00e0 distance.<\/p>\n<p>Depuis l&rsquo;acc\u00e8s \u00e0 votre <a href=\"https:\/\/youtu.be\/7atVe9UZqzM\" target=\"_blank\" rel=\"noopener\"><b>Environnement Num\u00e9rique de Formation<\/b><\/a> (appel\u00e9 commun\u00e9ment ENF), lequel vous est automatiquement d\u00e9livr\u00e9 lors de votre inscription dans un centre Cnam, vous pourrez demander \u00e0 vous inscrire sur des enseignements dispens\u00e9s \u00e0 distance par d&rsquo;autres centres Cnam et suivre les cours directement depuis la plateforme <a href=\"https:\/\/youtu.be\/oRCLUvK1s7k\" target=\"_blank\" rel=\"noopener\">Moodle<\/a>, totalement int\u00e9gr\u00e9e \u00e0 votre ENF.<\/p>\n<p>B\u00e9n\u00e9ficiez ainsi d&rsquo;une multitude de ressources p\u00e9dagogiques \u00e0 votre disposition, telles que supports de cours, base nationale de donn\u00e9es documentaires, annales d&rsquo;examens, exercices et cas pratiques, outils de travaux collaboratifs, visioconf\u00e9rences, etc. Cet espace de travail, complet et enti\u00e8rement personnalis\u00e9 vous permettra de vous former en toute autonomie et selon votre organisation. Le Cnam de la R\u00e9union organisera pour vous les \u00e9preuves d&rsquo;examen localement sans obligation de d\u00e9placement.<\/p>\n<p>[\/et_pb_text][et_pb_text admin_label=\u00a0\u00bbBox &#8211; La Formation Ouverte \u00c0 Distance\u00a0\u00bb module_class=\u00a0\u00bbbox box-link-line\u00a0\u00bb _builder_version=\u00a0\u00bb4.23&Prime; _dynamic_attributes=\u00a0\u00bblink_option_url\u00a0\u00bb _module_preset=\u00a0\u00bbdefault\u00a0\u00bb background_image=\u00a0\u00bbhttps:\/\/www.cnam.re\/site\/wp-content\/uploads\/cnam_website_banner_formation_distance_tiny.jpg\u00a0\u00bb link_option_url=\u00a0\u00bb@ET-DC@eyJkeW5hbWljIjp0cnVlLCJjb250ZW50IjoicG9zdF9saW5rX3VybF9wYWdlIiwic2V0dGluZ3MiOnsicG9zdF9pZCI6IjM1OCJ9fQ==@\u00a0\u00bb custom_css_main_element=\u00a0\u00bbbackground-size: auto 100% !important;\u00a0\u00bb global_colors_info=\u00a0\u00bb{}\u00a0\u00bb]<\/p>\n<p><a href=\"\/site\/votre-parcours\/modalites-denseignement\/la-formation-a-distance\/\">La Formation Ouverte \u00c0 Distance<\/a><\/p>\n<p>[\/et_pb_text][\/et_pb_column][\/et_pb_row][et_pb_row admin_label=\u00a0\u00bb \u00a0\u00bb _builder_version=\u00a0\u00bb4.16&Prime; _module_preset=\u00a0\u00bbdefault\u00a0\u00bb custom_css_main_element=\u00a0\u00bbmargin-top: 0 !important;\u00a0\u00bb global_colors_info=\u00a0\u00bb{}\u00a0\u00bb][et_pb_column type=\u00a0\u00bb4_4&Prime; _builder_version=\u00a0\u00bb4.16&Prime; _module_preset=\u00a0\u00bbdefault\u00a0\u00bb global_colors_info=\u00a0\u00bb{}\u00a0\u00bb][et_pb_text admin_label=\u00a0\u00bbLes formations en alternance\u00a0\u00bb _builder_version=\u00a0\u00bb4.23&Prime; _module_preset=\u00a0\u00bbdefault\u00a0\u00bb global_colors_info=\u00a0\u00bb{}\u00a0\u00bb]<\/p>\n<h3>Les formations en alternance<\/h3>\n<p>Le Cnam de la R\u00e9union a ouvert son CFA (centre de formation des apprentis) en 2020 et propose d\u00e9sormais certaines de ses formations en <a href=\"\/site\/alternance\/\" target=\"_blank\" rel=\"noopener\">contrat d&rsquo;alternance<\/a> (apprentissage ou contrat de professionnalisation).<\/p>\n<p>La formation en alternance n\u00e9cessite la signature d&rsquo;un contrat de travail tripartite par nature entre l&rsquo;\u00e9l\u00e8ve alternant, le Cnam de la R\u00e9union et l&rsquo;entreprise d&rsquo;accueil et attribue \u00e0 l&rsquo;\u00e9l\u00e8ve le statut de salari\u00e9. Ce contrat de 35 heures hebdomadaires inclut une journ\u00e9e de 7 heures au centre r\u00e9gional du Port (18 \u00e0 20 fois par ann\u00e9e universitaire) et 24 heures en entreprise. Les 4 heures restantes repr\u00e9sentent le volume horaire moyen des cours du soir que l&rsquo;\u00e9l\u00e8ve aura l&rsquo;obligation de suivre dans le cadre de son contrat d&rsquo;alternance.<\/p>\n<p>Un suivi par un tuteur en entreprise et un tuteur en centre de formation est mis en place afin d&rsquo;accompagner l&rsquo;\u00e9l\u00e8ve, de baliser son parcours et de valider sa progression jusqu&rsquo;\u00e0 sa diplomation.<\/p>\n<p>Pour en savoir plus, contactez notre service entreprise.<\/p>\n<p>[\/et_pb_text][et_pb_text admin_label=\u00a0\u00bbPlannings des enseignements\u00a0\u00bb _builder_version=\u00a0\u00bb4.18.0&Prime; _module_preset=\u00a0\u00bbdefault\u00a0\u00bb global_colors_info=\u00a0\u00bb{}\u00a0\u00bb]<\/p>\n<h2><b>Plannings des enseignements<\/b><\/h2>\n<p><img loading=\"lazy\" decoding=\"async\" class=\"wp-image-1093 alignnone size-full\" src=\"https:\/\/cnam.smade.fr\/wp-content\/uploads\/calendrier_type_annee_univ.jpg\" alt=\"\" width=\"1122\" height=\"472\" srcset=\"https:\/\/www.cnam.re\/site\/wp-content\/uploads\/calendrier_type_annee_univ.jpg 1122w, https:\/\/www.cnam.re\/site\/wp-content\/uploads\/calendrier_type_annee_univ-1080x454.jpg 1080w, https:\/\/www.cnam.re\/site\/wp-content\/uploads\/calendrier_type_annee_univ-340x143.jpg 340w, https:\/\/www.cnam.re\/site\/wp-content\/uploads\/calendrier_type_annee_univ-460x194.jpg 460w, https:\/\/www.cnam.re\/site\/wp-content\/uploads\/calendrier_type_annee_univ-700x294.jpg 700w, https:\/\/www.cnam.re\/site\/wp-content\/uploads\/calendrier_type_annee_univ-1024x431.jpg 1024w\" sizes=\"(max-width: 1122px) 100vw, 1122px\" \/><\/p>\n<p>&nbsp;<\/p>\n<p>Sauf pour quelques formations qui se d\u00e9roulent en journ\u00e9e et le samedi matin, les cours du Cnam se d\u00e9roulent pour la grande majorit\u00e9 des unit\u00e9s d\u2019enseignement, hors temps de travail, le soir sur le cr\u00e9neau de 17h00 \u00e0 21h00.<\/p>\n<p>Le planning d\u00e9finitif des unit\u00e9s d\u2019enseignement est connu des \u00e9l\u00e8ves d\u00e8s la premi\u00e8re quinzaine de septembre pour le 1er semestre et d\u00e9but f\u00e9vrier pour le 2nd semestre. Ce planning est consultable sur notre site internet.<\/p>\n<p>Il vous appartient de consulter le planning ainsi que votre messagerie \u00e9lectronique aussi r\u00e9guli\u00e8rement que possible et pas seulement en d\u00e9but d\u2019ann\u00e9e car des changements de programmation sont susceptibles d\u2019intervenir dans le courant de l\u2019ann\u00e9e.<\/p>\n<p>Pendant les 3 premi\u00e8res semaines de la rentr\u00e9e de septembre, chaque \u00e9l\u00e8ve est notifi\u00e9 par SMS de la programmation d\u2019un cours en face-\u00e0-face le soir m\u00eame (Attention, il appartient \u00e0 chacun de s\u2019assurer d\u2019avoir communiqu\u00e9 \u00e0 nos services un num\u00e9ro de GSM valide lors de son inscription).<\/p>\n<p>Au-del\u00e0, l\u2019envoi des SMS ne se fera qu\u2019en cas de modification d\u2019emploi du temps (annulation \/ report d\u2019un cours ou nouvelle programmation) afin de vous pr\u00e9venir du changement. Si aucun SMS ne vous parvient, cela signifie que la derni\u00e8re programmation connue demeure celle en vigueur. Les plannings sont r\u00e9guli\u00e8rement mis \u00e0 jour et disponibles sur le site Internet ainsi que sur votre espace personnel.<\/p>\n<p>Pour les \u00e9l\u00e8ves inscrits \u00e0 distance sur d\u2019autres centres Cnam (FOAD), les plannings des unit\u00e9s d\u2019enseignement vous sont communiqu\u00e9s directement par le centre organisateur de l\u2019enseignement ou mis en ligne sur votre ENF. Il vous est vivement recommand\u00e9 de bien vous assurer d\u2019avoir eu connaissance du planning du centre avant la rentr\u00e9e de septembre ou de mars. Dans le cas contraire, veuillez en informer dans les meilleurs d\u00e9lais le service scolarit\u00e9 du Cnam de La R\u00e9union qui entrera en contact avec le centre organisateur distant.<\/p>\n<p>[\/et_pb_text][et_pb_text admin_label=\u00a0\u00bbLes ressources p\u00e9dagogiques\u00a0\u00bb _builder_version=\u00a0\u00bb4.27.4&Prime; _module_preset=\u00a0\u00bbdefault\u00a0\u00bb global_colors_info=\u00a0\u00bb{}\u00a0\u00bb]<\/p>\n<h2><b>Les ressources p\u00e9dagogiques<\/b><\/h2>\n<p>En tant qu\u2019\u00e9l\u00e8ve inscrit\u00b7e au Cnam, vous b\u00e9n\u00e9ficiez d\u2019un acc\u00e8s gratuit et illimit\u00e9 \u00e0 certaines ressources qui vous permettront de suivre et d&rsquo;organiser votre parcours de formation dans les meilleures conditions.<\/p>\n<h3>L&rsquo;ENF (l&rsquo;Environnement Num\u00e9rique de Formation)<\/h3>\n<p>Au quotidien, des milliers de personnes suivent leur formation \u00e0 distance. Gr\u00e2ce \u00e0 une simple connexion Internet et \u00e0 la plate-forme de t\u00e9l\u00e9-enseignement du Cnam, ils ont \u00e0 leur disposition en quelques clics tous les outils et les contenus n\u00e9cessaires \u00e0 leur r\u00e9ussite.<\/p>\n<p>Une fois inscrit\u00b7e au Cnam, vous disposerez d&rsquo;un acc\u00e8s personnel et confidentiel \u00e0 l&rsquo;environnement num\u00e9rique de formation, qui sera votre espace de travail d\u00e9di\u00e9 sur Internet tout au long de votre parcours :<\/p>\n<ul>\n<li><strong>supports de cours :<\/strong> acc\u00e8s \u00e0 l&rsquo;ensemble des supports mis en ligne r\u00e9guli\u00e8rement par l&rsquo;\u00e9quipe p\u00e9dagogique et respectant le s\u00e9quencement p\u00e9dagogique de l&rsquo;enseignement (document de cours, compl\u00e9ments sous forme de photos, sch\u00e9mas, vid\u00e9os, \u00e9tudes de cas, r\u00e9f\u00e9rences bibliographiques, tests, QCM, exercices divers, annales d&rsquo;examens&#8230;)<\/li>\n<li><strong>vid\u00e9os et web conf\u00e9rences :<\/strong> tout au long de votre parcours, vous aurez \u00e9galement acc\u00e8s aux vid\u00e9os enregistr\u00e9es qui viennent renforcer les supports de cours \u00e9crits. La plateforme vous permet ainsi de pouvoir assister \u00e0 une s\u00e9ance de regroupement ou une webconf\u00e9rence en direct \u00e0 distance (c&rsquo;est le mode synchrone) avec interaction possible avec le formateur et les autres \u00e9l\u00e8ves mais vous pouvez aussi avoir acc\u00e8s \u00e0 l&rsquo;ensemble des vid\u00e9os en diff\u00e9r\u00e9 (mode asynchrone) et en lecture illimit\u00e9e.<\/li>\n<li><strong>outils de communication et suite logicielle :<\/strong> en tant qu&rsquo;inscrit\u00b7e au Cnam R\u00e9union, vous aurez acc\u00e8s \u00e0 une multitude d&rsquo;outils logiciels en ligne, dont la suite Office 360, ainsi qu&rsquo;un salon de chat, un forum de discussion et une messagerie avec adresse personnalis\u00e9e afin de faciliter les \u00e9changes avec l&rsquo;\u00e9quipe p\u00e9dagogique et les autres \u00e9l\u00e8ves et \u00e9galement de renforcer le travail collaboratif.<\/li>\n<li><strong>banques de donn\u00e9es et ressources num\u00e9riques :<\/strong> vous pourrez \u00e9galement profiter d&rsquo;un acc\u00e8s ouvert \u00e0 de nombreuses r\u00e9f\u00e9rences bibliographiques en ligne (ouvrages complets, revues sp\u00e9cialis\u00e9es, banques de donn\u00e9es, archives &#8230;) afin de faciliter vos travaux de recherche en consultant des sources fiables.<\/li>\n<li><strong>espace personnel :<\/strong> vous b\u00e9n\u00e9ficierez d&rsquo;un espace personnel d\u00e9di\u00e9 \u00e0 votre suivi administratif et p\u00e9dagogique qui vous permettra de disposer et v\u00e9rifier les informations personnelles li\u00e9es \u00e0 votre parcours au Cnam de la R\u00e9union (dossier administratif, vos r\u00e9sultats obtenus aux examens, votre planning personnalis\u00e9, les offres de stage propos\u00e9es&#8230;)<\/li>\n<\/ul>\n<p><a href=\"\/site\/votre-parcours\/modalites-denseignement\/la-formation-a-distance\/\" target=\"_blank\" rel=\"noopener\">Consultez les vid\u00e9os de pr\u00e9sentation de l&rsquo;ENF<\/a><\/p>\n<h3>Acc\u00e8s aux salles de travail<\/h3>\n<p>Si vous souhaitez acc\u00e9der \u00e0 une salle de travail dans les locaux du Cnam au Port, vous pouvez en faire la demande par mail \u00e0 info@cnam.re de 8h30 \u00e0 16h30, sachant que nos salles doivent \u00eatre lib\u00e9r\u00e9es pour les s\u00e9ances de regroupement en soir\u00e9e de 17h \u00e0 21h.<\/p>\n<p>En fonction de l\u2019occupation des salles en journ\u00e9e, nous vous confirmerons par retour de mail la disponibilit\u00e9 et la r\u00e9servation d\u2019une salle banalis\u00e9e ou d\u2019une salle \u00e9quip\u00e9e de postes informatiques avec une connexion Internet haut d\u00e9bit.<\/p>\n<p>Il vous est pr\u00e9conis\u00e9 de faire votre demande au moins 2 jours \u00e0 l\u2019avance. Toute demande d\u2019acc\u00e8s \u00e0 une de nos salles non formalis\u00e9e par \u00e9crit \u00e0 l\u2019avance peut faire l\u2019objet d\u2019un refus par nos services selon la disponibilit\u00e9 des salles.<\/p>\n<p>Des restrictions d&rsquo;acc\u00e8s \u00e0 nos salles sont mises en \u0153uvre quelques jours avant et pendant les examens, vous renseigner aupr\u00e8s de votre centre r\u00e9gional au pr\u00e9alable.<\/p>\n<h3>Fond documentaire<\/h3>\n<p>Le Cnam ne vous oblige pas \u00e0 vous procurer des ouvrages sp\u00e9cifiques mais certains peuvent \u00eatre conseill\u00e9s par les formateurs. Un grand nombre de r\u00e9f\u00e9rences bibliographiques par fili\u00e8re de formation et conseill\u00e9es par le responsable national sont disponibles au centre r\u00e9gional du Port.<\/p>\n<p>Vous avez la possibilit\u00e9 de consulter les ouvrages sur place ou de les emprunter pour une dur\u00e9e d\u00e9finie (un mois maximum afin de permettre une rotation suffisante des ouvrages en consultation pour l\u2019ensemble de nos \u00e9l\u00e8ves).<\/p>\n<p>Un ch\u00e8que de caution non encaiss\u00e9 de 50 \u20ac par ouvrage emprunt\u00e9 vous sera demand\u00e9 au moment du pr\u00eat et restitu\u00e9 lors du retour en bon \u00e9tat du (des) livre(s).<\/p>\n<h3>Les Mooc (Massive Open Online Course)<\/h3>\n<p>Le Cnam propose \u00e0 l&rsquo;ensemble de ses \u00e9l\u00e8ves un grand choix de MOOC sur la plateforme FUN (France Universit\u00e9 Num\u00e9rique).<\/p>\n<p>Ces cours, ouverts en ligne et accessibles \u00e0 tous <strong>gratuitement<\/strong>, viennent compl\u00e9ter l&rsquo;offre de formation du Cnam en apportant des \u00e9clairages nouveaux sur des faits d&rsquo;actualit\u00e9, faisant intervenir des experts, en lien avec la formation vis\u00e9e et couvrant de vastes domaines tels que le management et les RH, le dialogue social, la sant\u00e9 au travail, le droit du travail et celui de l\u2019internet, l\u2019informatique, les math\u00e9matiques, le b\u00e2timent, la mode, la criminologie \u2026<\/p>\n<p>[\/et_pb_text][et_pb_text admin_label=\u00a0\u00bbBox &#8211; MOOC\u00a0\u00bb module_class=\u00a0\u00bbbox box-link-line\u00a0\u00bb _builder_version=\u00a0\u00bb4.27.5&Prime; _module_preset=\u00a0\u00bbdefault\u00a0\u00bb background_image=\u00a0\u00bbhttps:\/\/www.cnam.re\/site\/wp-content\/uploads\/logo_fun_mooc.png\u00a0\u00bb link_option_url=\u00a0\u00bbhttps:\/\/www.fun-mooc.fr\/fr\/etablissements\/conservatoire-national-des-arts-et-metiers\/\u00a0\u00bb link_option_url_new_window=\u00a0\u00bbon\u00a0\u00bb hover_enabled=\u00a0\u00bb0&Prime; global_colors_info=\u00a0\u00bb{}\u00a0\u00bb title_text=\u00a0\u00bblogo_fun_mooc\u00a0\u00bb sticky_enabled=\u00a0\u00bb0&Prime;]<\/p>\n<p><a href=\"https:\/\/www.fun-mooc.fr\/fr\/etablissements\/conservatoire-national-des-arts-et-metiers\/\" target=\"_blank\" rel=\"noopener\">Consulter l\u2019offre des Mooc du Cnam sur FUN<\/a><\/p>\n<p>[\/et_pb_text][\/et_pb_column][\/et_pb_row][et_pb_row admin_label=\u00a0\u00bb \u00a0\u00bb _builder_version=\u00a0\u00bb4.16&Prime; _module_preset=\u00a0\u00bbdefault\u00a0\u00bb custom_css_main_element=\u00a0\u00bbmargin-top: 0 !important;\u00a0\u00bb global_colors_info=\u00a0\u00bb{}\u00a0\u00bb][et_pb_column type=\u00a0\u00bb4_4&Prime; _builder_version=\u00a0\u00bb4.16&Prime; _module_preset=\u00a0\u00bbdefault\u00a0\u00bb global_colors_info=\u00a0\u00bb{}\u00a0\u00bb][et_pb_text admin_label=\u00a0\u00bbAccompagnement et suivi\u00a0\u00bb _builder_version=\u00a0\u00bb4.18.0&Prime; _module_preset=\u00a0\u00bbdefault\u00a0\u00bb global_colors_info=\u00a0\u00bb{}\u00a0\u00bb]<\/p>\n<h3>Accompagnement et suivi<\/h3>\n<p>Outre un ensemble de ressources num\u00e9riques mis \u00e0 la disposition de chaque \u00e9l\u00e8ve, le Cnam R\u00e9union met un point d&rsquo;honneur \u00e0 ce que chacun b\u00e9n\u00e9ficie d&rsquo;un suivi administratif et p\u00e9dagogique rigoureux tout au long de son parcours.<\/p>\n<p>L&rsquo;\u00e9quipe du Cnam R\u00e9union est \u00e0 la disposition de ses \u00e9l\u00e8ves pour les conseiller, les orienter, les accompagner dans leurs d\u00e9marches administratives.<\/p>\n<p>L&rsquo;\u00e9quipe p\u00e9dagogique est \u00e9galement pr\u00e9sente et disponible pour effectuer les suivis de rapports professionnels, aider \u00e0 la r\u00e9daction des m\u00e9moires, orienter dans les recherches de stages, aider dans la pr\u00e9paration des examens &#8230;<\/p>\n<p>Ne restez pas dans l&rsquo;incertitude et sollicitez nos \u00e9quipes qui se feront un plaisir de vous aider.<\/p>\n<p>[\/et_pb_text][\/et_pb_column][\/et_pb_row][\/et_pb_section][et_pb_section fb_built=\u00a0\u00bb1&Prime; admin_label=\u00a0\u00bb \u00a0\u00bb module_class=\u00a0\u00bbdivi-last-section\u00a0\u00bb _builder_version=\u00a0\u00bb4.16&Prime; _module_preset=\u00a0\u00bbdefault\u00a0\u00bb da_disable_devices=\u00a0\u00bboff|off|off\u00a0\u00bb global_colors_info=\u00a0\u00bb{}\u00a0\u00bb da_is_popup=\u00a0\u00bboff\u00a0\u00bb da_exit_intent=\u00a0\u00bboff\u00a0\u00bb da_has_close=\u00a0\u00bbon\u00a0\u00bb da_alt_close=\u00a0\u00bboff\u00a0\u00bb da_dark_close=\u00a0\u00bboff\u00a0\u00bb da_not_modal=\u00a0\u00bbon\u00a0\u00bb da_is_singular=\u00a0\u00bboff\u00a0\u00bb da_with_loader=\u00a0\u00bboff\u00a0\u00bb da_has_shadow=\u00a0\u00bbon\u00a0\u00bb][\/et_pb_section]<\/p>\n","protected":false},"excerpt":{"rendered":"<p>Projet etparcours Proc\u00e9der \u00e0son inscription Suivreles&#8230;<\/p>\n","protected":false},"author":1,"featured_media":632,"parent":9,"menu_order":49,"comment_status":"closed","ping_status":"closed","template":"","meta":{"_acf_changed":false,"_et_pb_use_builder":"on","_et_pb_old_content":"","_et_gb_content_width":"","footnotes":""},"class_list":["post-399","page","type-page","status-publish","has-post-thumbnail","hentry"],"acf":[],"_links":{"self":[{"href":"https:\/\/www.cnam.re\/site\/wp-json\/wp\/v2\/pages\/399","targetHints":{"allow":["GET"]}}],"collection":[{"href":"https:\/\/www.cnam.re\/site\/wp-json\/wp\/v2\/pages"}],"about":[{"href":"https:\/\/www.cnam.re\/site\/wp-json\/wp\/v2\/types\/page"}],"author":[{"embeddable":true,"href":"https:\/\/www.cnam.re\/site\/wp-json\/wp\/v2\/users\/1"}],"replies":[{"embeddable":true,"href":"https:\/\/www.cnam.re\/site\/wp-json\/wp\/v2\/comments?post=399"}],"version-history":[{"count":67,"href":"https:\/\/www.cnam.re\/site\/wp-json\/wp\/v2\/pages\/399\/revisions"}],"predecessor-version":[{"id":4876,"href":"https:\/\/www.cnam.re\/site\/wp-json\/wp\/v2\/pages\/399\/revisions\/4876"}],"up":[{"embeddable":true,"href":"https:\/\/www.cnam.re\/site\/wp-json\/wp\/v2\/pages\/9"}],"wp:featuredmedia":[{"embeddable":true,"href":"https:\/\/www.cnam.re\/site\/wp-json\/wp\/v2\/media\/632"}],"wp:attachment":[{"href":"https:\/\/www.cnam.re\/site\/wp-json\/wp\/v2\/media?parent=399"}],"curies":[{"name":"wp","href":"https:\/\/api.w.org\/{rel}","templated":true}]}}