{"id":398,"date":"2021-09-24T11:49:29","date_gmt":"2021-09-24T09:49:29","guid":{"rendered":"https:\/\/cnam.smade.fr\/?page_id=398"},"modified":"2025-05-20T11:59:38","modified_gmt":"2025-05-20T07:59:38","slug":"inscription","status":"publish","type":"page","link":"https:\/\/www.cnam.re\/site\/votre-parcours\/inscription\/","title":{"rendered":"Proc\u00e9der \u00e0 son inscription"},"content":{"rendered":"<p>[et_pb_section fb_built=\u00a0\u00bb1&Prime; admin_label=\u00a0\u00bb \u00a0\u00bb module_class=\u00a0\u00bbdivi-first-section\u00a0\u00bb _builder_version=\u00a0\u00bb4.17.4&Prime; _module_preset=\u00a0\u00bbdefault\u00a0\u00bb da_disable_devices=\u00a0\u00bboff|off|off\u00a0\u00bb global_colors_info=\u00a0\u00bb{}\u00a0\u00bb da_is_popup=\u00a0\u00bboff\u00a0\u00bb da_exit_intent=\u00a0\u00bboff\u00a0\u00bb da_has_close=\u00a0\u00bbon\u00a0\u00bb da_alt_close=\u00a0\u00bboff\u00a0\u00bb da_dark_close=\u00a0\u00bboff\u00a0\u00bb da_not_modal=\u00a0\u00bbon\u00a0\u00bb da_is_singular=\u00a0\u00bboff\u00a0\u00bb da_with_loader=\u00a0\u00bboff\u00a0\u00bb da_has_shadow=\u00a0\u00bbon\u00a0\u00bb][et_pb_row disabled_on=\u00a0\u00bbon|on|off\u00a0\u00bb admin_label=\u00a0\u00bb \u00a0\u00bb _builder_version=\u00a0\u00bb4.17.4&Prime; _module_preset=\u00a0\u00bbdefault\u00a0\u00bb custom_css_main_element=\u00a0\u00bbheight: 200px;\u00a0\u00bb global_colors_info=\u00a0\u00bb{}\u00a0\u00bb][et_pb_column type=\u00a0\u00bb4_4&Prime; _builder_version=\u00a0\u00bb4.16&Prime; _module_preset=\u00a0\u00bbdefault\u00a0\u00bb global_colors_info=\u00a0\u00bb{}\u00a0\u00bb][et_pb_code admin_label=\u00a0\u00bbNavigation 4 \u00e9tapes\u00a0\u00bb _builder_version=\u00a0\u00bb4.22.2&Prime; _module_preset=\u00a0\u00bbdefault\u00a0\u00bb global_colors_info=\u00a0\u00bb{}\u00a0\u00bb]<\/p>\n<div class=\"parcours to-stick\"><!-- [et_pb_line_break_holder] -->  <\/p>\n<div class=\"parcours__wrapper\"><!-- [et_pb_line_break_holder] -->    <a href=\"\/site\/votre-parcours\/definir-son-projet\/\" class=\"parcours__step done\"><!-- [et_pb_line_break_holder] -->      <span class=\"parcours__line\"><\/span><!-- [et_pb_line_break_holder] -->      <\/p>\n<h4>Projet et<!\u2013- [et_pb_br_holder] -\u2013>parcours<\/h4>\n<p><!-- [et_pb_line_break_holder] -->    <\/a><!-- [et_pb_line_break_holder] -->    <a class=\"parcours__step active\"><!-- [et_pb_line_break_holder] -->      <span class=\"parcours__line\"><\/span><!-- [et_pb_line_break_holder] -->      <\/p>\n<h4>Proc\u00e9der \u00e0<!\u2013- [et_pb_br_holder] -\u2013>son inscription<\/h4>\n<p><!-- [et_pb_line_break_holder] -->    <\/a><!-- [et_pb_line_break_holder] -->    <a href=\"\/site\/votre-parcours\/modalites-denseignement\/\" class=\"parcours__step\"><!-- [et_pb_line_break_holder] -->      <span class=\"parcours__line\"><\/span><!-- [et_pb_line_break_holder] -->      <\/p>\n<h4>Suivre<!\u2013- [et_pb_br_holder] -\u2013>les enseignements<\/h4>\n<p><!-- [et_pb_line_break_holder] -->    <\/a><!-- [et_pb_line_break_holder] -->    <a href=\"\/site\/votre-parcours\/valider-son-diplome\/\" class=\"parcours__step\"><!-- [et_pb_line_break_holder] -->      <span class=\"parcours__line\"><\/span><!-- [et_pb_line_break_holder] -->      <\/p>\n<h4>Valider<!\u2013- [et_pb_br_holder] -\u2013>son dipl\u00f4me<\/h4>\n<p><!-- [et_pb_line_break_holder] -->    <\/a><!-- [et_pb_line_break_holder] -->  <\/div>\n<p><!-- [et_pb_line_break_holder] --><\/div>\n<p>[\/et_pb_code][\/et_pb_column][\/et_pb_row][et_pb_row admin_label=\u00a0\u00bb \u00a0\u00bb _builder_version=\u00a0\u00bb4.16&Prime; _module_preset=\u00a0\u00bbdefault\u00a0\u00bb global_colors_info=\u00a0\u00bb{}\u00a0\u00bb][et_pb_column type=\u00a0\u00bb4_4&Prime; _builder_version=\u00a0\u00bb4.16&Prime; _module_preset=\u00a0\u00bbdefault\u00a0\u00bb global_colors_info=\u00a0\u00bb{}\u00a0\u00bb][et_pb_text admin_label=\u00a0\u00bbL&rsquo;inscription se d\u00e9roule en 2 \u00e9tapes\u00a0\u00bb module_class=\u00a0\u00bbbox-article__intro\u00a0\u00bb _builder_version=\u00a0\u00bb4.18.0&Prime; _module_preset=\u00a0\u00bbdefault\u00a0\u00bb global_colors_info=\u00a0\u00bb{}\u00a0\u00bb]<\/p>\n<p><strong>L&rsquo;inscription se d\u00e9roule en 2 \u00e9tapes :<\/strong><\/p>\n<ul>\n<li>Une pr\u00e9-inscription en ligne pour recueillir les informations principales\u00a0(\u00e9tat civil, parcours acad\u00e9mique, exp\u00e9rience professionnelle&#8230;)<\/li>\n<li>Une inscription en physique au Cnam du Port pour valider votre dossier<\/li>\n<\/ul>\n<p>Pour vous inscrire au Cnam, vous devez \u00eatre \u00e2g\u00e9 d\u2019au moins 18 ans et \u00eatre engag\u00e9 dans la vie professionnelle ou \u00eatre demandeur d\u2019emploi. L\u2019inscription au Cnam de La R\u00e9union ne conf\u00e8re pas le statut d\u2019\u00e9tudiant. Attention, cela ne concerne pas les dispositifs de formation en alternance qui permettent une inscription d\u00e8s 16 ans et pour lesquels les \u00e9l\u00e8ves b\u00e9n\u00e9ficient d&rsquo;un statut sp\u00e9cifique (apprenti ou salari\u00e9 selon le type contrat).<\/p>\n<p>[\/et_pb_text][et_pb_text admin_label=\u00a0\u00bbQuand s&rsquo;inscrire ?\u00a0\u00bb _builder_version=\u00a0\u00bb4.18.0&Prime; _module_preset=\u00a0\u00bbdefault\u00a0\u00bb global_colors_info=\u00a0\u00bb{}\u00a0\u00bb]<\/p>\n<h2>Quand s&rsquo;inscrire ?<\/h2>\n<p>L&rsquo;inscription au Cnam se fait sur des p\u00e9riodes sp\u00e9cifiques comme illustr\u00e9 sur le calendrier ci-apr\u00e8s :<\/p>\n<ul>\n<li>Ouverture des pr\u00e9-inscriptions \u00e0 compter du 1er juin N<\/li>\n<li>Cl\u00f4ture des inscriptions pour le 1er semestre (de sept. N \u00e0 f\u00e9v. N+1) : le 31 octobre N<\/li>\n<li>Cl\u00f4ture des inscriptions pour le 2nd semestre (de mars \u00e0 juin N+1) : le 31 mars N+1<\/li>\n<\/ul>\n<p>Pour l&rsquo;Alternance, des p\u00e9riodes particuli\u00e8res d&rsquo;inscription et de signatures de contrats peuvent \u00eatre mises en place. Prenez contact avec notre service Alternance pour en savoir plus sur les modalit\u00e9s.<\/p>\n<p>[\/et_pb_text][et_pb_text admin_label=\u00a0\u00bbLa pr\u00e9-inscription en ligne\u00a0\u00bb _builder_version=\u00a0\u00bb4.23&Prime; _dynamic_attributes=\u00a0\u00bblink_option_url\u00a0\u00bb _module_preset=\u00a0\u00bbdefault\u00a0\u00bb link_option_url=\u00a0\u00bb@ET-DC@eyJkeW5hbWljIjp0cnVlLCJjb250ZW50IjoicG9zdF9saW5rX3VybF9wYWdlIiwic2V0dGluZ3MiOnsicG9zdF9pZCI6IjE3In19@\u00a0\u00bb global_colors_info=\u00a0\u00bb{}\u00a0\u00bb]<\/p>\n<h2>La pr\u00e9-inscription en ligne<\/h2>\n<p>Les unit\u00e9s d&rsquo;enseignement du Cnam sont semestrielles et chaque semestre est ind\u00e9pendant. Le premier semestre s&rsquo;\u00e9tend de la rentr\u00e9e de septembre jusqu&rsquo;au mois de f\u00e9vrier. Le second semestre couvre la p\u00e9riode suivante de mars \u00e0 juin.<\/p>\n<p>Les inscriptions sont ouvertes du 1er juin au 31 octobre de chaque ann\u00e9e. Si vous avez manqu\u00e9 la p\u00e9riode des inscriptions sur le 1er semestre, vous pouvez encore vous inscrire sur les enseignements du 2nd semestre, n&rsquo;attendez pas.<\/p>\n<p>Une fois les informations souhait\u00e9es obtenues et votre projet de formation \u00e9merg\u00e9, vous devez vous pr\u00e9-inscrire en ligne en cliquant ci-dessous. Cette \u00e9tape indispensable (\u00e0 l&rsquo;exception des formations qui n\u00e9cessitent un acc\u00e8s sur candidature) ne vous engage pas mais permet de gagner du temps lors de votre inscription d\u00e9finitive.<\/p>\n<p><strong>Cas particuliers : les contrats en alternance ou certains parcours de formation accessibles sur dossier de candidature ne font pas l&rsquo;objet de pr\u00e9-inscription en ligne. Pour en savoir plus sur les modalit\u00e9s de candidature, se r\u00e9f\u00e9rer \u00e0 la <a href=\"\/site\/diplomes\/\">fiche descriptive de la formation<\/a> ou consultez un de nos conseillers.<\/strong><\/p>\n<p>[\/et_pb_text][et_pb_text admin_label=\u00a0\u00bbL&rsquo;inscription au centre Cnam du Port\u00a0\u00bb _builder_version=\u00a0\u00bb4.18.0&Prime; _module_preset=\u00a0\u00bbdefault\u00a0\u00bb global_colors_info=\u00a0\u00bb{}\u00a0\u00bb]<\/p>\n<h2>L&rsquo;inscription au centre Cnam du Port<\/h2>\n<p>Afin de valider votre inscription, et une fois la pr\u00e9-inscription termin\u00e9e, rendez-vous au centre r\u00e9gional du Cnam au Port muni\u00b7e des pi\u00e8ces demand\u00e9es.<\/p>\n<p><strong>Attention !\u00a0<\/strong><\/p>\n<p>De mani\u00e8re g\u00e9n\u00e9rale, les unit\u00e9s d\u2019enseignement du Cnam sont annuelles ou semestrielles ce qui vous permet de vous inscrire soit une seule fois pour l\u2019ensemble de l\u2019ann\u00e9e universitaire ou sur chacun des deux semestres de mani\u00e8re ind\u00e9pendante. Si vous optez pour l\u2019inscription sur le premier semestre uniquement dans un premier temps, il vous appartiendra de venir au centre r\u00e9gional avant le 31 mars pour valider votre inscription sur le second semestre.<\/p>\n<p>La r\u00e9inscription d\u2019une ann\u00e9e sur l\u2019autre n\u2019est pas automatique. Il faudra vous r\u00e9inscrire pour chaque ann\u00e9e universitaire.<\/p>\n<p>Les contraintes de calendrier induites par la semestrialisation ne permettent pas de diff\u00e9rer les rentr\u00e9es. En cons\u00e9quence, les unit\u00e9s d\u2019enseignement n\u2019ayant pas atteint le nombre minimum requis d\u2019inscriptions seront ferm\u00e9es et report\u00e9es sur l\u2019ann\u00e9e suivante (l\u2019ouverture d\u2019une UE \u00e0 La R\u00e9union est conditionn\u00e9e par un nombre minimum de personnes inscrites). Le cas \u00e9ch\u00e9ant et lorsque les centres r\u00e9gionaux Cnam le permettent, la possibilit\u00e9 de vous inscrire en FOAD (formation ouverte et \u00e0 distance) sur un autre centre organisateur vous sera propos\u00e9e au titre de la m\u00eame ann\u00e9e universitaire.<\/p>\n<p>[\/et_pb_text][et_pb_text admin_label=\u00a0\u00bbBox Pr\u00e9-inscription\u00a0\u00bb module_class=\u00a0\u00bbbox-color red\u00a0\u00bb _builder_version=\u00a0\u00bb4.21.0&Prime; _module_preset=\u00a0\u00bbdefault\u00a0\u00bb background_color=\u00a0\u00bbRGBA(0,0,0,0)\u00a0\u00bb background_enable_image=\u00a0\u00bboff\u00a0\u00bb background_blend=\u00a0\u00bboverlay\u00a0\u00bb global_colors_info=\u00a0\u00bb{}\u00a0\u00bb]<\/p>\n<h5>Commencer la pr\u00e9inscription<\/h5>\n<p><a class=\"btn btn-white\" href=\"http:\/\/www.cnam.re\/redirect.php?redirection=preinscription\" target=\"_blank\" rel=\"noopener\">C&rsquo;est parti !<\/a><\/p>\n<p>[\/et_pb_text][\/et_pb_column][\/et_pb_row][et_pb_row column_structure=\u00a0\u00bb1_2,1_2&Prime; admin_label=\u00a0\u00bb \u00a0\u00bb _builder_version=\u00a0\u00bb4.16&Prime; _module_preset=\u00a0\u00bbdefault\u00a0\u00bb collapsed=\u00a0\u00bboff\u00a0\u00bb global_colors_info=\u00a0\u00bb{}\u00a0\u00bb][et_pb_column type=\u00a0\u00bb1_2&Prime; _builder_version=\u00a0\u00bb4.16&Prime; _module_preset=\u00a0\u00bbdefault\u00a0\u00bb global_colors_info=\u00a0\u00bb{}\u00a0\u00bb][et_pb_text admin_label=\u00a0\u00bbAssistance technique\u00a0\u00bb module_class=\u00a0\u00bbbox box-page-bottom\u00a0\u00bb _builder_version=\u00a0\u00bb4.27.4&Prime; _module_preset=\u00a0\u00bbdefault\u00a0\u00bb hover_enabled=\u00a0\u00bb0&Prime; global_colors_info=\u00a0\u00bb{}\u00a0\u00bb sticky_enabled=\u00a0\u00bb0&Prime;]<\/p>\n<h5>Assistance technique<\/h5>\n<p>En cas de probl\u00e8me techniques lors de votre pr\u00e9-inscription en ligne, contactez-nous \u00e0 :<br \/><a href=\"mailto:informatique@cnam.re\">informatique@cnam.re<\/a> \/ <a href=\"tel:+262692867444\">06 92 867 444<\/a><\/p>\n<p>[\/et_pb_text][\/et_pb_column][et_pb_column type=\u00a0\u00bb1_2&Prime; _builder_version=\u00a0\u00bb4.16&Prime; _module_preset=\u00a0\u00bbdefault\u00a0\u00bb global_colors_info=\u00a0\u00bb{}\u00a0\u00bb][et_pb_text admin_label=\u00a0\u00bbDocuments\u00a0\u00bb module_class=\u00a0\u00bbbox box-page-bottom\u00a0\u00bb _builder_version=\u00a0\u00bb4.24.3&Prime; _module_preset=\u00a0\u00bbdefault\u00a0\u00bb global_colors_info=\u00a0\u00bb{}\u00a0\u00bb]<\/p>\n<h5>Documents<\/h5>\n<ul>\n<li><a href=\"\/site\/wp-content\/uploads\/liste_pieces_a_fournir.pdf\" target=\"_blank\" rel=\"noopener\">Pi\u00e8ces \u00e0 fournir<\/a><\/li>\n<li><a href=\"\/site\/wp-content\/uploads\/att_employeur.pdf\" target=\"_blank\" rel=\"noopener\">Attestation de l&#8217;employeur<\/a><\/li>\n<li><a href=\"\/site\/wp-content\/uploads\/att_priseencharge_form.pdf\" target=\"_blank\" rel=\"noopener\">Formulaire de prise en charge<\/a><\/li>\n<li><a href=\"\/site\/wp-content\/uploads\/dossier_candidature_LP.pdf\" target=\"_blank\" rel=\"noopener\">Dossier de candidature Licence Pro<\/a><\/li>\n<\/ul>\n<p>[\/et_pb_text][\/et_pb_column][\/et_pb_row][\/et_pb_section][et_pb_section fb_built=\u00a0\u00bb1&Prime; admin_label=\u00a0\u00bb \u00a0\u00bb module_class=\u00a0\u00bbdivi-last-section empty\u00a0\u00bb _builder_version=\u00a0\u00bb4.17.4&Prime; _module_preset=\u00a0\u00bbdefault\u00a0\u00bb da_disable_devices=\u00a0\u00bboff|off|off\u00a0\u00bb global_colors_info=\u00a0\u00bb{}\u00a0\u00bb da_is_popup=\u00a0\u00bboff\u00a0\u00bb da_exit_intent=\u00a0\u00bboff\u00a0\u00bb da_has_close=\u00a0\u00bbon\u00a0\u00bb da_alt_close=\u00a0\u00bboff\u00a0\u00bb da_dark_close=\u00a0\u00bboff\u00a0\u00bb da_not_modal=\u00a0\u00bbon\u00a0\u00bb da_is_singular=\u00a0\u00bboff\u00a0\u00bb da_with_loader=\u00a0\u00bboff\u00a0\u00bb da_has_shadow=\u00a0\u00bbon\u00a0\u00bb][\/et_pb_section]<\/p>\n","protected":false},"excerpt":{"rendered":"<p>Projet etparcours Proc\u00e9der \u00e0son inscription Suivreles&#8230;<\/p>\n","protected":false},"author":1,"featured_media":631,"parent":9,"menu_order":48,"comment_status":"closed","ping_status":"closed","template":"","meta":{"_acf_changed":false,"_et_pb_use_builder":"on","_et_pb_old_content":"","_et_gb_content_width":"","footnotes":""},"class_list":["post-398","page","type-page","status-publish","has-post-thumbnail","hentry"],"acf":[],"_links":{"self":[{"href":"https:\/\/www.cnam.re\/site\/wp-json\/wp\/v2\/pages\/398","targetHints":{"allow":["GET"]}}],"collection":[{"href":"https:\/\/www.cnam.re\/site\/wp-json\/wp\/v2\/pages"}],"about":[{"href":"https:\/\/www.cnam.re\/site\/wp-json\/wp\/v2\/types\/page"}],"author":[{"embeddable":true,"href":"https:\/\/www.cnam.re\/site\/wp-json\/wp\/v2\/users\/1"}],"replies":[{"embeddable":true,"href":"https:\/\/www.cnam.re\/site\/wp-json\/wp\/v2\/comments?post=398"}],"version-history":[{"count":58,"href":"https:\/\/www.cnam.re\/site\/wp-json\/wp\/v2\/pages\/398\/revisions"}],"predecessor-version":[{"id":4264,"href":"https:\/\/www.cnam.re\/site\/wp-json\/wp\/v2\/pages\/398\/revisions\/4264"}],"up":[{"embeddable":true,"href":"https:\/\/www.cnam.re\/site\/wp-json\/wp\/v2\/pages\/9"}],"wp:featuredmedia":[{"embeddable":true,"href":"https:\/\/www.cnam.re\/site\/wp-json\/wp\/v2\/media\/631"}],"wp:attachment":[{"href":"https:\/\/www.cnam.re\/site\/wp-json\/wp\/v2\/media?parent=398"}],"curies":[{"name":"wp","href":"https:\/\/api.w.org\/{rel}","templated":true}]}}