{"id":395,"date":"2021-09-24T11:48:38","date_gmt":"2021-09-24T09:48:38","guid":{"rendered":"https:\/\/cnam.smade.fr\/?page_id=395"},"modified":"2023-11-06T15:14:12","modified_gmt":"2023-11-06T14:14:12","slug":"definir-son-projet","status":"publish","type":"page","link":"https:\/\/www.cnam.re\/site\/votre-parcours\/definir-son-projet\/","title":{"rendered":"D\u00e9finir son projet et construire son parcours"},"content":{"rendered":"<p>[et_pb_section fb_built=\u00a0\u00bb1&Prime; admin_label=\u00a0\u00bb \u00a0\u00bb module_class=\u00a0\u00bbdivi-first-section\u00a0\u00bb _builder_version=\u00a0\u00bb4.17.4&Prime; _module_preset=\u00a0\u00bbdefault\u00a0\u00bb da_disable_devices=\u00a0\u00bboff|off|off\u00a0\u00bb global_colors_info=\u00a0\u00bb{}\u00a0\u00bb da_is_popup=\u00a0\u00bboff\u00a0\u00bb da_exit_intent=\u00a0\u00bboff\u00a0\u00bb da_has_close=\u00a0\u00bbon\u00a0\u00bb da_alt_close=\u00a0\u00bboff\u00a0\u00bb da_dark_close=\u00a0\u00bboff\u00a0\u00bb da_not_modal=\u00a0\u00bbon\u00a0\u00bb da_is_singular=\u00a0\u00bboff\u00a0\u00bb da_with_loader=\u00a0\u00bboff\u00a0\u00bb da_has_shadow=\u00a0\u00bbon\u00a0\u00bb][et_pb_row disabled_on=\u00a0\u00bbon|on|off\u00a0\u00bb admin_label=\u00a0\u00bb \u00a0\u00bb _builder_version=\u00a0\u00bb4.17.4&Prime; _module_preset=\u00a0\u00bbdefault\u00a0\u00bb custom_css_main_element=\u00a0\u00bbheight: 200px;\u00a0\u00bb global_colors_info=\u00a0\u00bb{}\u00a0\u00bb][et_pb_column type=\u00a0\u00bb4_4&Prime; _builder_version=\u00a0\u00bb4.16&Prime; _module_preset=\u00a0\u00bbdefault\u00a0\u00bb global_colors_info=\u00a0\u00bb{}\u00a0\u00bb][et_pb_code admin_label=\u00a0\u00bbNavigation 4 \u00e9tapes (code HTML)\u00a0\u00bb _builder_version=\u00a0\u00bb4.22.2&Prime; _module_preset=\u00a0\u00bbdefault\u00a0\u00bb global_colors_info=\u00a0\u00bb{}\u00a0\u00bb]<\/p>\n<div class=\"parcours to-stick\"><!-- [et_pb_line_break_holder] -->  <\/p>\n<div class=\"parcours__wrapper\"><!-- [et_pb_line_break_holder] -->    <a class=\"parcours__step active\"><!-- [et_pb_line_break_holder] -->      <span class=\"parcours__line\"><\/span><!-- [et_pb_line_break_holder] -->      <\/p>\n<h4>Projet et<!\u2013- [et_pb_br_holder] -\u2013>parcours<\/h4>\n<p><!-- [et_pb_line_break_holder] -->    <\/a><!-- [et_pb_line_break_holder] -->    <a href=\"\/site\/votre-parcours\/inscription\/\" class=\"parcours__step\"><!-- [et_pb_line_break_holder] -->      <span class=\"parcours__line\"><\/span><!-- [et_pb_line_break_holder] -->      <\/p>\n<h4>Proc\u00e9der \u00e0<!\u2013- [et_pb_br_holder] -\u2013>son inscription<\/h4>\n<p><!-- [et_pb_line_break_holder] -->    <\/a><!-- [et_pb_line_break_holder] -->    <a href=\"\/site\/votre-parcours\/modalites-denseignement\/\" class=\"parcours__step\"><!-- [et_pb_line_break_holder] -->      <span class=\"parcours__line\"><\/span><!-- [et_pb_line_break_holder] -->      <\/p>\n<h4>Suivre<!\u2013- [et_pb_br_holder] -\u2013>les enseignements<\/h4>\n<p><!-- [et_pb_line_break_holder] -->    <\/a><!-- [et_pb_line_break_holder] -->    <a href=\"\/site\/votre-parcours\/valider-son-diplome\/\" class=\"parcours__step\"><!-- [et_pb_line_break_holder] -->      <span class=\"parcours__line\"><\/span><!-- [et_pb_line_break_holder] -->      <\/p>\n<h4>Valider<!\u2013- [et_pb_br_holder] -\u2013>son dipl\u00f4me<\/h4>\n<p><!-- [et_pb_line_break_holder] -->    <\/a><!-- [et_pb_line_break_holder] -->  <\/div>\n<p><!-- [et_pb_line_break_holder] --><\/div>\n<p>[\/et_pb_code][\/et_pb_column][\/et_pb_row][et_pb_row admin_label=\u00a0\u00bb \u00a0\u00bb _builder_version=\u00a0\u00bb4.16&Prime; _module_preset=\u00a0\u00bbdefault\u00a0\u00bb global_colors_info=\u00a0\u00bb{}\u00a0\u00bb][et_pb_column type=\u00a0\u00bb4_4&Prime; _builder_version=\u00a0\u00bb4.16&Prime; _module_preset=\u00a0\u00bbdefault\u00a0\u00bb global_colors_info=\u00a0\u00bb{}\u00a0\u00bb][et_pb_text admin_label=\u00a0\u00bb3 \u00e9tapes\u00a0\u00bb module_class=\u00a0\u00bbbox-article__intro\u00a0\u00bb _builder_version=\u00a0\u00bb4.18.0&Prime; _module_preset=\u00a0\u00bbdefault\u00a0\u00bb global_colors_info=\u00a0\u00bb{}\u00a0\u00bb]<\/p>\n<p>Il est conseill\u00e9 de proc\u00e9der en 3 \u00e9tapes :<\/p>\n<ul>\n<li style=\"text-align: left;\">D\u00e9finir son projet<\/li>\n<li>Bien s&rsquo;informer<\/li>\n<li>Construire son parcours<\/li>\n<\/ul>\n<p>[\/et_pb_text][et_pb_text admin_label=\u00a0\u00bbD\u00e9finir son projet\u00a0\u00bb _builder_version=\u00a0\u00bb4.18.0&Prime; _module_preset=\u00a0\u00bbdefault\u00a0\u00bb global_colors_info=\u00a0\u00bb{}\u00a0\u00bb]<\/p>\n<h2>D\u00e9finir son projet<\/h2>\n<p>\u00c9largir ses responsabilit\u00e9s professionnelles, s\u2019ins\u00e9rer dans l\u2019emploi, n\u00e9gocier un tournant de sa carri\u00e8re, changer de m\u00e9tier, viser une promotion interne, obtenir un dipl\u00f4me de niveau sup\u00e9rieur, valider ses acquis ou tout simplement mettre \u00e0 jour ses connaissances \u2026 Les raisons pour suivre une formation au Cnam ne manquent pas !<\/p>\n<p>Que ce soit pour obtenir un dipl\u00f4me ou d\u00e9velopper ses comp\u00e9tences, le Cnam s\u2019adapte et offre des modalit\u00e9s de formations diff\u00e9rentes en fonction des objectifs et des besoins de chacun.<\/p>\n<p>Mais d\u00e9cider de suivre une formation professionnelle n\u2019est pas chose ais\u00e9e ! Et entre le moment o\u00f9 vous envisagez cette solution et celui o\u00f9 vous d\u00e9cidez de sauter le pas, il y a un monde.<\/p>\n<p>Me remettre aux \u00e9tudes, apr\u00e8s tout ce temps ? Comment vais-je faire pour concilier vie priv\u00e9e et vie professionnelle ? Une formation oui, mais laquelle choisir ? ai-je besoin de valider un dipl\u00f4me ou de me sp\u00e9cialiser dans certaines comp\u00e9tences ? Comment financer ma formation ? De quelles aides puis-je disposer ?<\/p>\n<p>Autant de questions que vous aurez, et qu&rsquo;il est n\u00e9cessaire de vous poser, c\u2019est tout \u00e0 fait l\u00e9gitime.<\/p>\n<p>[\/et_pb_text][et_pb_text admin_label=\u00a0\u00bbBien s&rsquo;informer\u00a0\u00bb _builder_version=\u00a0\u00bb4.23&Prime; _module_preset=\u00a0\u00bbdefault\u00a0\u00bb hover_enabled=\u00a0\u00bb0&Prime; global_colors_info=\u00a0\u00bb{}\u00a0\u00bb sticky_enabled=\u00a0\u00bb0&Prime;]<\/p>\n<h2>Bien s&rsquo;informer<\/h2>\n<p>Notre \u00e9quipe est l\u00e0 pour lever le voile et vous aidera \u00e0 d\u00e9finir les contours de votre projet personnel et professionnel, \u00e0 vous orienter vers la solution de formation la plus ad\u00e9quate, en vous apportant toute l&rsquo;aide et le soutien dont vous aurez besoin pour prendre votre d\u00e9cision :<\/p>\n<ul>\n<li>Les formations dipl\u00f4mantes : objectifs, d\u00e9bouch\u00e9s, modalit\u00e9s d&rsquo;acc\u00e8s, contenu et progression p\u00e9dagogique, validation &#8230; Consultez nos <a href=\"\/site\/diplomes\/\" target=\"_blank\" rel=\"noopener\">fiches descriptives<\/a> pour chacune de nos formations.<\/li>\n<li>Module d&rsquo;enseignement \u00e0 la carte, cours du soir, validation des acquis, formation \u00e0 distance, ou encore pr\u00e9parer un dipl\u00f4me en alternance, autant de modalit\u00e9s pour chaque situation.<\/li>\n<li>Demandeur d&#8217;emploi, salari\u00e9, ind\u00e9pendant ou encore jeune en contrat d&rsquo;alternance, vous souhaitez conna\u00eetre les diff\u00e9rents dispositifs de financement auxquels vous \u00eates \u00e9ligible ou vous souhaitez obtenir un devis de formation adapt\u00e9 \u00e0 votre situation. Nos conseillers vous accompagnent dans vos d\u00e9marches aupr\u00e8s des financeurs.<\/li>\n<li>Quelle organisation, sur combien de temps, planning des cours, outils et ressources p\u00e9dagogiques, conditions de validation de mon dipl\u00f4me&#8230;<\/li>\n<\/ul>\n<p>Ne n\u00e9gligez aucun d\u00e9tail, \u00eatre bien inform\u00e9 pour savoir ce qui vous attend et mieux anticiper c&rsquo;est d\u00e9j\u00e0 un tiers du parcours effectu\u00e9.<\/p>\n<p>[\/et_pb_text][et_pb_text admin_label=\u00a0\u00bbConstruire et optimiser son parcours\u00a0\u00bb _builder_version=\u00a0\u00bb4.23&Prime; _module_preset=\u00a0\u00bbdefault\u00a0\u00bb hover_enabled=\u00a0\u00bb0&Prime; global_colors_info=\u00a0\u00bb{}\u00a0\u00bb sticky_enabled=\u00a0\u00bb0&Prime;]<\/p>\n<h2>Construire et optimiser son parcours<\/h2>\n<p>Parce qu\u2019il r\u00e9pond aux besoins de publics vari\u00e9s aux attentes multiples, le Cnam offre dans chaque sp\u00e9cialit\u00e9 un grand nombre de formations. Face \u00e0 ce choix, comment opter pour le parcours le mieux adapt\u00e9 \u00e0 vos objectifs et \u00e0 vos contraintes personnelles et professionnelles ? Comment optimiser votre formation, en restant r\u00e9aliste ?<\/p>\n<p>La composition des formations en <a href=\"\/site\/unites-denseignement\/\" target=\"_blank\" rel=\"noopener\">unit\u00e9s d\u2019enseignement<\/a> (UE) permet de les suivre \u00e0 son rythme, et parfois \u00e0 la carte, en choisissant les contenus p\u00e9dagogiques correspondant le mieux \u00e0 ses besoins. Ainsi, selon ses contraintes personnelles et professionnelles, les formations du Cnam peuvent \u00eatre \u00e9tal\u00e9es sur la dur\u00e9e de mani\u00e8re \u00e0 optimiser les conditions de travail selon le temps que vous choisirez d\u2019investir dans la formation.<\/p>\n<h4>Combien d\u2019UE choisir ?<\/h4>\n<p>Pour une premi\u00e8re inscription, un rythme raisonnable est de 6 UE dans l\u2019ann\u00e9e, soit une moyenne de 3 unit\u00e9s par semestre, en fonction de vos disponibilit\u00e9s. Ce choix vous permettra d\u2019acqu\u00e9rir un certain rythme de travail et vous pourrez ainsi ult\u00e9rieurement ajuster \u00e0 la hausse ou \u00e0 la baisse le nombre d\u2019unit\u00e9s d\u2019enseignement \u00e0 choisir sur les semestres suivants.<\/p>\n<h4>Dans quel ordre ?<\/h4>\n<p>Certaines formations imposent une progression p\u00e9dagogique pr\u00e9cise, tandis que d\u2019autres laissent plus de souplesse. Certaines UE n\u00e9cessitent des pr\u00e9-requis obligatoires ou vivement conseill\u00e9s. Le d\u00e9tail des contenus p\u00e9dagogiques des UE et leurs pr\u00e9-requis sont consultables sur les fiches descriptives de chacune des formations. N\u2019h\u00e9sitez pas \u00e0 demander conseil \u00e0 notre \u00e9quipe afin d\u2019optimiser votre choix.<\/p>\n<h4>Variez les modalit\u00e9s et \u00e9largissez le choix des comp\u00e9tences<\/h4>\n<p>Il est tout \u00e0 fait possible de suivre une formation en FOAD (formation ouverte et \u00e0 distance) dans sa totalit\u00e9. Mais vous pouvez aussi panacher, et suivre des unit\u00e9s d&rsquo;enseignements qui se d\u00e9roulent \u00e0 La R\u00e9union avec d\u2019autres UE propos\u00e9es dans l&rsquo;offre nationale et qui peuvent \u00eatre suivies \u00e0 distance via notre plateforme de t\u00e9l\u00e9-enseignement.<\/p>\n<h4>Choisissez \u00e0 la carte<\/h4>\n<p>Si votre objectif n\u2019est pas forc\u00e9ment d\u2019obtenir un dipl\u00f4me, un titre ou un certificat, mais plut\u00f4t d\u2019acqu\u00e9rir des connaissances compl\u00e9mentaires, allez \u00e0 l\u2019essentiel et choisissez vos UE \u00e0 la carte. Vous vous construirez ainsi une formation plus courte et mieux adapt\u00e9e \u00e0 vos besoins.<\/p>\n<h4>Privil\u00e9giez l&rsquo;Alternance<\/h4>\n<p>Les avantages de la formation par la voie de l&rsquo;<a href=\"\/site\/alternance\/\" target=\"_blank\" rel=\"noopener\">Alternance<\/a> ne sont plus \u00e0 d\u00e9montrer ! Si vous avez moins de 30 ans, alors vous \u00eates \u00e9ligibles au contrat d&rsquo;alternance. B\u00e9n\u00e9ficiez d&rsquo;une formation professionalisante et dipl\u00f4mante, enti\u00e8rement financ\u00e9e par l&rsquo;entreprise qui vous accueille et d&rsquo;un savoir-faire m\u00e9tier pour \u00eatre imm\u00e9diatement op\u00e9rationnel. Allier th\u00e9orie et pratique par l&rsquo;Alternance, c&rsquo;est simple !<\/p>\n<p>Demandez \u00e0 rencontrer un de nos conseillers du service Alternance pour conna\u00eetre les modalit\u00e9s d&rsquo;acc\u00e8s aux contrats d&rsquo;alternance et le d\u00e9roulement de la formation.<\/p>\n<h4>Pensez \u00e0 faire valider vos acquis professionnels et acad\u00e9miques<\/h4>\n<p>Les parcours de formation peuvent \u00eatre raccourcis gr\u00e2ce \u00e0 la validation des acquis de l\u2019exp\u00e9rience (VAE) pour valider tout ou une partie d&rsquo;un dipl\u00f4me, \u00e0 la validation des acquis personnels et professionnels (VAPP) pour vous donner l&rsquo;acc\u00e8s \u00e0 un dipl\u00f4me sans avoir les pr\u00e9-requis n\u00e9cessaires, ou \u00e0 la validation des \u00e9tudes sup\u00e9rieures (VES) pour valider un parcours effectu\u00e9 en dehors du Cnam, en France ou \u00e0 l&rsquo;\u00e9tranger, et b\u00e9n\u00e9ficier d&rsquo;\u00e9quivalences. Nos conseillers sont \u00e0 votre disposition pour vous orienter au mieux dans votre choix et vous accompagner dans vos d\u00e9marches.<\/p>\n<p>[\/et_pb_text][\/et_pb_column][\/et_pb_row][et_pb_row admin_label=\u00a0\u00bb \u00a0\u00bb _builder_version=\u00a0\u00bb4.17.4&Prime; _module_preset=\u00a0\u00bbdefault\u00a0\u00bb global_colors_info=\u00a0\u00bb{}\u00a0\u00bb][et_pb_column type=\u00a0\u00bb4_4&Prime; _builder_version=\u00a0\u00bb4.17.4&Prime; _module_preset=\u00a0\u00bbdefault\u00a0\u00bb global_colors_info=\u00a0\u00bb{}\u00a0\u00bb][et_pb_text admin_label=\u00a0\u00bbBox Financer sa formation\u00a0\u00bb module_class=\u00a0\u00bbbox box-link-line\u00a0\u00bb _builder_version=\u00a0\u00bb4.22.2&Prime; _dynamic_attributes=\u00a0\u00bblink_option_url\u00a0\u00bb _module_preset=\u00a0\u00bbdefault\u00a0\u00bb background_image=\u00a0\u00bbhttps:\/\/www.cnam.re\/site\/wp-content\/uploads\/cnam_website_banner_financer_formation_tiny.jpg\u00a0\u00bb link_option_url=\u00a0\u00bb@ET-DC@eyJkeW5hbWljIjp0cnVlLCJjb250ZW50IjoicG9zdF9saW5rX3VybF9wYWdlIiwic2V0dGluZ3MiOnsicG9zdF9pZCI6IjExIn19@\u00a0\u00bb global_colors_info=\u00a0\u00bb{}\u00a0\u00bb]<\/p>\n<p><a href=\"\/site\/financez-votre-formation\/\">Comment financer sa formation<\/a><\/p>\n<p>[\/et_pb_text][et_pb_text admin_label=\u00a0\u00bbBox Contact\u00a0\u00bb module_class=\u00a0\u00bbbox box-contact red\u00a0\u00bb _builder_version=\u00a0\u00bb4.22.2&Prime; _module_preset=\u00a0\u00bbdefault\u00a0\u00bb background_color=\u00a0\u00bbRGBA(0,0,0,0)\u00a0\u00bb background_enable_image=\u00a0\u00bboff\u00a0\u00bb background_blend=\u00a0\u00bboverlay\u00a0\u00bb global_colors_info=\u00a0\u00bb{}\u00a0\u00bb]<\/p>\n<h5>Contactez-nous !<\/h5>\n<p><a class=\"btn btn-white\" href=\"tel:0262422837\">02 62 42 28 37<\/a><a class=\"btn btn-white\" href=\"\/site\/nous-contacter\/\">Formulaire de contact<\/a><\/p>\n<p>[\/et_pb_text][\/et_pb_column][\/et_pb_row][\/et_pb_section][et_pb_section fb_built=\u00a0\u00bb1&Prime; admin_label=\u00a0\u00bb \u00a0\u00bb module_class=\u00a0\u00bbdivi-last-section empty\u00a0\u00bb _builder_version=\u00a0\u00bb4.17.4&Prime; _module_preset=\u00a0\u00bbdefault\u00a0\u00bb da_disable_devices=\u00a0\u00bboff|off|off\u00a0\u00bb global_colors_info=\u00a0\u00bb{}\u00a0\u00bb da_is_popup=\u00a0\u00bboff\u00a0\u00bb da_exit_intent=\u00a0\u00bboff\u00a0\u00bb da_has_close=\u00a0\u00bbon\u00a0\u00bb da_alt_close=\u00a0\u00bboff\u00a0\u00bb da_dark_close=\u00a0\u00bboff\u00a0\u00bb da_not_modal=\u00a0\u00bbon\u00a0\u00bb da_is_singular=\u00a0\u00bboff\u00a0\u00bb da_with_loader=\u00a0\u00bboff\u00a0\u00bb da_has_shadow=\u00a0\u00bbon\u00a0\u00bb][\/et_pb_section]<\/p>\n","protected":false},"excerpt":{"rendered":"<p>Projet etparcours Proc\u00e9der \u00e0son inscription Suivreles&#8230;<\/p>\n","protected":false},"author":1,"featured_media":655,"parent":9,"menu_order":45,"comment_status":"closed","ping_status":"closed","template":"","meta":{"_acf_changed":false,"_et_pb_use_builder":"on","_et_pb_old_content":"","_et_gb_content_width":"","footnotes":""},"class_list":["post-395","page","type-page","status-publish","has-post-thumbnail","hentry"],"acf":[],"_links":{"self":[{"href":"https:\/\/www.cnam.re\/site\/wp-json\/wp\/v2\/pages\/395","targetHints":{"allow":["GET"]}}],"collection":[{"href":"https:\/\/www.cnam.re\/site\/wp-json\/wp\/v2\/pages"}],"about":[{"href":"https:\/\/www.cnam.re\/site\/wp-json\/wp\/v2\/types\/page"}],"author":[{"embeddable":true,"href":"https:\/\/www.cnam.re\/site\/wp-json\/wp\/v2\/users\/1"}],"replies":[{"embeddable":true,"href":"https:\/\/www.cnam.re\/site\/wp-json\/wp\/v2\/comments?post=395"}],"version-history":[{"count":61,"href":"https:\/\/www.cnam.re\/site\/wp-json\/wp\/v2\/pages\/395\/revisions"}],"predecessor-version":[{"id":3247,"href":"https:\/\/www.cnam.re\/site\/wp-json\/wp\/v2\/pages\/395\/revisions\/3247"}],"up":[{"embeddable":true,"href":"https:\/\/www.cnam.re\/site\/wp-json\/wp\/v2\/pages\/9"}],"wp:featuredmedia":[{"embeddable":true,"href":"https:\/\/www.cnam.re\/site\/wp-json\/wp\/v2\/media\/655"}],"wp:attachment":[{"href":"https:\/\/www.cnam.re\/site\/wp-json\/wp\/v2\/media?parent=395"}],"curies":[{"name":"wp","href":"https:\/\/api.w.org\/{rel}","templated":true}]}}