{"id":358,"date":"2021-09-22T18:36:39","date_gmt":"2021-09-22T16:36:39","guid":{"rendered":"https:\/\/cnam.smade.fr\/?page_id=358"},"modified":"2026-01-19T15:56:29","modified_gmt":"2026-01-19T11:56:29","slug":"la-formation-a-distance","status":"publish","type":"page","link":"https:\/\/www.cnam.re\/site\/votre-parcours\/modalites-denseignement\/la-formation-a-distance\/","title":{"rendered":"La formation \u00e0 distance"},"content":{"rendered":"<p>[et_pb_section fb_built=\u00a0\u00bb1&Prime; admin_label=\u00a0\u00bb \u00a0\u00bb module_class=\u00a0\u00bbdivi-first-section\u00a0\u00bb _builder_version=\u00a0\u00bb4.16&Prime; _module_preset=\u00a0\u00bbdefault\u00a0\u00bb da_disable_devices=\u00a0\u00bboff|off|off\u00a0\u00bb global_colors_info=\u00a0\u00bb{}\u00a0\u00bb da_is_popup=\u00a0\u00bboff\u00a0\u00bb da_exit_intent=\u00a0\u00bboff\u00a0\u00bb da_has_close=\u00a0\u00bbon\u00a0\u00bb da_alt_close=\u00a0\u00bboff\u00a0\u00bb da_dark_close=\u00a0\u00bboff\u00a0\u00bb da_not_modal=\u00a0\u00bbon\u00a0\u00bb da_is_singular=\u00a0\u00bboff\u00a0\u00bb da_with_loader=\u00a0\u00bboff\u00a0\u00bb da_has_shadow=\u00a0\u00bbon\u00a0\u00bb][et_pb_row admin_label=\u00a0\u00bb \u00a0\u00bb _builder_version=\u00a0\u00bb4.16&Prime; _module_preset=\u00a0\u00bbdefault\u00a0\u00bb global_colors_info=\u00a0\u00bb{}\u00a0\u00bb][et_pb_column type=\u00a0\u00bb4_4&Prime; _builder_version=\u00a0\u00bb4.16&Prime; _module_preset=\u00a0\u00bbdefault\u00a0\u00bb global_colors_info=\u00a0\u00bb{}\u00a0\u00bb][et_pb_text admin_label=\u00a0\u00bbLa Formation Ouverte \u00c0 Distance (FOAD)\u00a0\u00bb _builder_version=\u00a0\u00bb4.18.0&Prime; _module_preset=\u00a0\u00bbdefault\u00a0\u00bb global_colors_info=\u00a0\u00bb{}\u00a0\u00bb]<\/p>\n<h2>La Formation Ouverte \u00c0 Distance (FOAD)<\/h2>\n<p>L\u2019avance p\u00e9dagogique et technique du Cnam lui permet de proposer chaque ann\u00e9e \u00e0 ses \u00e9l\u00e8ves le meilleur du e-learning : des centaines de formations de qualit\u00e9 accessibles via un environnement technique d\u2019apprentissage simple, complet, coh\u00e9rent et efficace.<\/p>\n<p>La Formation Ouverte A Distance permet un accompagnement riche et personnalis\u00e9 aux \u00e9l\u00e8ves.<\/p>\n<p>Lorsque les enseignements sont dispens\u00e9s depuis un autre centre Cnam du r\u00e9seau (on parle de \u00ab FOAD nationale \u00bb), alors la quasi-totalit\u00e9 de la formation s\u2019effectue par l\u2019interm\u00e9diaire d\u2019Internet, seuls les examens de validation se d\u00e9roulent au centre r\u00e9gional de la R\u00e9union. Dans certains cas, des regroupements en face-\u00e0-face p\u00e9dagogique constituant des points cl\u00e9 de la formation, peuvent \u00eatre programm\u00e9s et suivis \u00e0 distance en visioconf\u00e9rence. Par l\u2019interm\u00e9diaire de la plate-forme de e-learning, l\u2019\u00e9l\u00e8ve peut donc organiser et suivre sa formation, d\u2019o\u00f9 qu\u2019il se trouve (domicile, lieu de travail\u2026), en direct (mode synchrone) ou en diff\u00e9r\u00e9 (mode asynchrone).<\/p>\n<p>Vous pouvez ainsi panacher les enseignements choisis en alternant la formation 100% \u00e0 distance et la formule hybride en cours du soir propos\u00e9e par le centre r\u00e9gional de la R\u00e9union, le tout depuis la m\u00eame interface de travail, le m\u00eame Environnement Num\u00e9rique de Formation (ENF), et qui constitue un outil de e-learning avec une utilisation simple et accessible \u00e0 tous, agr\u00e9able et intuitive.<\/p>\n<p>Pour toute demande d\u2019inscription sur une formation \u00e0 distance en FOAD nationale au sein du r\u00e9seau Cnam, rapprochez-vous de votre centre r\u00e9gional du Port et nos conseillers vous guideront dans votre recherche et les modalit\u00e9s \u00e0 accomplir.<\/p>\n<p>[\/et_pb_text][et_pb_text admin_label=\u00a0\u00bbUn dispositif de formation souple et dynamique\u00a0\u00bb _builder_version=\u00a0\u00bb4.18.0&Prime; _module_preset=\u00a0\u00bbdefault\u00a0\u00bb global_colors_info=\u00a0\u00bb{}\u00a0\u00bb]<\/p>\n<h2>Un dispositif de formation souple et dynamique<\/h2>\n<p>Votre environnement num\u00e9rique de formation (ENF) sur Internet vous permet de vous former \u00e0 votre rythme, sans contraintes de temps ni de lieu, en b\u00e9n\u00e9ficiant d\u2019une assistance p\u00e9dagogique personnalis\u00e9e :<\/p>\n<ul>\n<li>Enregistrements vid\u00e9os : des s\u00e9ances de regroupement en face-\u00e0-face sont anim\u00e9es par les formateurs et sont enregistr\u00e9es leur permettant ainsi de diffuser leur cours via Internet. Il devient alors possible de suivre \u00e0 distance, en direct (synchrone \u2013 interaction) comme en diff\u00e9r\u00e9 (asynchrone \u2013 visionnage uniquement), les enseignements ;<\/li>\n<li>Diffusion de ressources p\u00e9dagogiques num\u00e9riques : la plateforme de e-learning permet au formateur de mettre en ligne \u00e0 disposition des \u00e9l\u00e8ves tout un ensemble de supports de cours, vid\u00e9os, guides, didacticiels, exercices corrig\u00e9s, annales d&rsquo;examen, qcm, bibliographies \u2026 pour une meilleure autonomie de chacun ;<\/li>\n<li>Un ensemble complet d&rsquo;outils de travail collaboratif : l&rsquo;ENF offre \u00e0 l&rsquo;\u00e9l\u00e8ve un large panel d&rsquo;applicatifs gratuits (suite Office 360, logiciels en ligne, licences \u00e9ducation, banques de ressources documentaires \u2026) qui viennent renforcer le travail collaboratif et faciliter les recherches et rendus \u00e0 produire ;<\/li>\n<li>Un accompagnement et une assistance personnalis\u00e9e : des espaces de communication (messagerie \u00e9lectronique, forum de discussion, chat) entre les \u00e9l\u00e8ves et le formateur sont accessibles en permanence. Une r\u00e9ponse personnalis\u00e9e \u00e0 vos questions est apport\u00e9e par les formateurs sous 48 heures par courriel. Vous b\u00e9n\u00e9ficiez d\u2019une assistance technique 5 jours par semaine, du lundi au vendredi.<\/li>\n<\/ul>\n<p>[\/et_pb_text][\/et_pb_column][\/et_pb_row][et_pb_row disabled_on=\u00a0\u00bboff|off|off\u00a0\u00bb admin_label=\u00a0\u00bb \u00a0\u00bb module_class=\u00a0\u00bbpbt0&Prime; _builder_version=\u00a0\u00bb4.16&Prime; _module_preset=\u00a0\u00bbdefault\u00a0\u00bb global_colors_info=\u00a0\u00bb{}\u00a0\u00bb][et_pb_column type=\u00a0\u00bb4_4&Prime; _builder_version=\u00a0\u00bb4.16&Prime; _module_preset=\u00a0\u00bbdefault\u00a0\u00bb global_colors_info=\u00a0\u00bb{}\u00a0\u00bb][et_pb_text admin_label=\u00a0\u00bbPr\u00e9sentation en vid\u00e9os\u00a0\u00bb _builder_version=\u00a0\u00bb4.27.4&Prime; _module_preset=\u00a0\u00bbdefault\u00a0\u00bb global_colors_info=\u00a0\u00bb{}\u00a0\u00bb]<\/p>\n<h2 style=\"text-align: left;\">Pr\u00e9sentation en vid\u00e9os<\/h2>\n<p style=\"text-align: left;\">Ces vid\u00e9os r\u00e9alis\u00e9es par le Cnam Normandie et Bretagne sont <b>transposables \u00e0 la R\u00e9union<\/b>.<\/p>\n<p>&nbsp;<\/p>\n<p>[\/et_pb_text][\/et_pb_column][\/et_pb_row][et_pb_row column_structure=\u00a0\u00bb1_2,1_2&Prime; disabled_on=\u00a0\u00bboff|off|off\u00a0\u00bb admin_label=\u00a0\u00bb \u00a0\u00bb module_class=\u00a0\u00bbpbt0&Prime; _builder_version=\u00a0\u00bb4.16&Prime; _module_preset=\u00a0\u00bbdefault\u00a0\u00bb global_colors_info=\u00a0\u00bb{}\u00a0\u00bb][et_pb_column type=\u00a0\u00bb1_2&Prime; _builder_version=\u00a0\u00bb4.16&Prime; _module_preset=\u00a0\u00bbdefault\u00a0\u00bb global_colors_info=\u00a0\u00bb{}\u00a0\u00bb][et_pb_video src=\u00a0\u00bbhttps:\/\/www.youtube.com\/watch?v=7atVe9UZqzM\u00a0\u00bb _builder_version=\u00a0\u00bb4.17.4&Prime; _module_preset=\u00a0\u00bbdefault\u00a0\u00bb global_colors_info=\u00a0\u00bb{}\u00a0\u00bb][\/et_pb_video][et_pb_text _builder_version=\u00a0\u00bb4.17.4&Prime; _module_preset=\u00a0\u00bbdefault\u00a0\u00bb global_colors_info=\u00a0\u00bb{}\u00a0\u00bb]<\/p>\n<h4 style=\"text-align: center;\">La plateforme ENF<\/h4>\n<p>[\/et_pb_text][\/et_pb_column][et_pb_column type=\u00a0\u00bb1_2&Prime; _builder_version=\u00a0\u00bb4.16&Prime; _module_preset=\u00a0\u00bbdefault\u00a0\u00bb global_colors_info=\u00a0\u00bb{}\u00a0\u00bb][et_pb_video src=\u00a0\u00bbhttps:\/\/www.youtube.com\/watch?v=FUmLKt-2Fvo\u00a0\u00bb _builder_version=\u00a0\u00bb4.16&Prime; _module_preset=\u00a0\u00bbdefault\u00a0\u00bb global_colors_info=\u00a0\u00bb{}\u00a0\u00bb][\/et_pb_video][et_pb_text _builder_version=\u00a0\u00bb4.18.0&Prime; _module_preset=\u00a0\u00bbdefault\u00a0\u00bb global_colors_info=\u00a0\u00bb{}\u00a0\u00bb]<\/p>\n<h4 style=\"text-align: center;\">Les webconf\u00e9rences avec BigBlueButton<\/h4>\n<p>[\/et_pb_text][\/et_pb_column][\/et_pb_row][et_pb_row column_structure=\u00a0\u00bb1_4,1_2,1_4&Prime; _builder_version=\u00a0\u00bb4.18.0&Prime; _module_preset=\u00a0\u00bbdefault\u00a0\u00bb global_colors_info=\u00a0\u00bb{}\u00a0\u00bb][et_pb_column type=\u00a0\u00bb1_4&Prime; _builder_version=\u00a0\u00bb4.18.0&Prime; _module_preset=\u00a0\u00bbdefault\u00a0\u00bb global_colors_info=\u00a0\u00bb{}\u00a0\u00bb][\/et_pb_column][et_pb_column type=\u00a0\u00bb1_2&Prime; _builder_version=\u00a0\u00bb4.18.0&Prime; _module_preset=\u00a0\u00bbdefault\u00a0\u00bb global_colors_info=\u00a0\u00bb{}\u00a0\u00bb][et_pb_divider show_divider=\u00a0\u00bboff\u00a0\u00bb _builder_version=\u00a0\u00bb4.18.0&Prime; _module_preset=\u00a0\u00bbdefault\u00a0\u00bb global_colors_info=\u00a0\u00bb{}\u00a0\u00bb][\/et_pb_divider][et_pb_divider show_divider=\u00a0\u00bboff\u00a0\u00bb _builder_version=\u00a0\u00bb4.18.0&Prime; _module_preset=\u00a0\u00bbdefault\u00a0\u00bb global_colors_info=\u00a0\u00bb{}\u00a0\u00bb][\/et_pb_divider][et_pb_video src=\u00a0\u00bbhttps:\/\/www.youtube.com\/watch?v=oRCLUvK1s7k\u00a0\u00bb _builder_version=\u00a0\u00bb4.18.0&Prime; _module_preset=\u00a0\u00bbdefault\u00a0\u00bb global_colors_info=\u00a0\u00bb{}\u00a0\u00bb][\/et_pb_video][et_pb_text _builder_version=\u00a0\u00bb4.18.0&Prime; _module_preset=\u00a0\u00bbdefault\u00a0\u00bb global_colors_info=\u00a0\u00bb{}\u00a0\u00bb]<\/p>\n<h4 style=\"text-align: center;\">Moodle et mes supports de cours<\/h4>\n<p>[\/et_pb_text][\/et_pb_column][et_pb_column type=\u00a0\u00bb1_4&Prime; _builder_version=\u00a0\u00bb4.18.0&Prime; _module_preset=\u00a0\u00bbdefault\u00a0\u00bb global_colors_info=\u00a0\u00bb{}\u00a0\u00bb][\/et_pb_column][\/et_pb_row][\/et_pb_section][et_pb_section fb_built=\u00a0\u00bb1&Prime; module_class=\u00a0\u00bbdivi-last-section\u00a0\u00bb _builder_version=\u00a0\u00bb4.16&Prime; _module_preset=\u00a0\u00bbdefault\u00a0\u00bb da_disable_devices=\u00a0\u00bboff|off|off\u00a0\u00bb global_colors_info=\u00a0\u00bb{}\u00a0\u00bb da_is_popup=\u00a0\u00bboff\u00a0\u00bb da_exit_intent=\u00a0\u00bboff\u00a0\u00bb da_has_close=\u00a0\u00bbon\u00a0\u00bb da_alt_close=\u00a0\u00bboff\u00a0\u00bb da_dark_close=\u00a0\u00bboff\u00a0\u00bb da_not_modal=\u00a0\u00bbon\u00a0\u00bb da_is_singular=\u00a0\u00bboff\u00a0\u00bb da_with_loader=\u00a0\u00bboff\u00a0\u00bb da_has_shadow=\u00a0\u00bbon\u00a0\u00bb][et_pb_row _builder_version=\u00a0\u00bb4.16&Prime; _module_preset=\u00a0\u00bbdefault\u00a0\u00bb custom_margin=\u00a0\u00bb||||false|false\u00a0\u00bb global_colors_info=\u00a0\u00bb{}\u00a0\u00bb][et_pb_column type=\u00a0\u00bb4_4&Prime; _builder_version=\u00a0\u00bb4.16&Prime; _module_preset=\u00a0\u00bbdefault\u00a0\u00bb global_colors_info=\u00a0\u00bb{}\u00a0\u00bb][et_pb_text _builder_version=\u00a0\u00bb4.16&Prime; _module_preset=\u00a0\u00bbdefault\u00a0\u00bb global_colors_info=\u00a0\u00bb{}\u00a0\u00bb]<\/p>\n<h2 style=\"text-align: center;\">En savoir plus<\/h2>\n<p>[\/et_pb_text][\/et_pb_column][\/et_pb_row][et_pb_row column_structure=\u00a0\u00bb1_4,1_4,1_4,1_4&Prime; _builder_version=\u00a0\u00bb4.16&Prime; _module_preset=\u00a0\u00bbdefault\u00a0\u00bb global_colors_info=\u00a0\u00bb{}\u00a0\u00bb][et_pb_column type=\u00a0\u00bb1_4&Prime; _builder_version=\u00a0\u00bb4.16&Prime; _module_preset=\u00a0\u00bbdefault\u00a0\u00bb global_colors_info=\u00a0\u00bb{}\u00a0\u00bb][\/et_pb_column][et_pb_column type=\u00a0\u00bb1_4&Prime; _builder_version=\u00a0\u00bb4.16&Prime; _module_preset=\u00a0\u00bbdefault\u00a0\u00bb global_colors_info=\u00a0\u00bb{}\u00a0\u00bb][et_pb_text admin_label=\u00a0\u00bbOffre FOAD\u00a0\u00bb module_class=\u00a0\u00bbbox-link-square\u00a0\u00bb _builder_version=\u00a0\u00bb4.27.5&Prime; _module_preset=\u00a0\u00bbdefault\u00a0\u00bb background_image=\u00a0\u00bbhttps:\/\/www.cnam.re\/site\/wp-content\/uploads\/site_cnam.jpg\u00a0\u00bb link_option_url=\u00a0\u00bbhttps:\/\/foad.cnam.fr\/\u00a0\u00bb link_option_url_new_window=\u00a0\u00bbon\u00a0\u00bb global_colors_info=\u00a0\u00bb{}\u00a0\u00bb]<\/p>\n<p><a href=\"https:\/\/foad.cnam.fr\/\" target=\"_blank\" rel=\"noopener\">L\u2019offre FOAD nationale du Cnam<\/a><\/p>\n<p>[\/et_pb_text][\/et_pb_column][et_pb_column type=\u00a0\u00bb1_4&Prime; _builder_version=\u00a0\u00bb4.16&Prime; _module_preset=\u00a0\u00bbdefault\u00a0\u00bb global_colors_info=\u00a0\u00bb{}\u00a0\u00bb][et_pb_text admin_label=\u00a0\u00bbPremiers pas ENF\u00a0\u00bb module_class=\u00a0\u00bbbox-link-square\u00a0\u00bb _builder_version=\u00a0\u00bb4.27.4&Prime; _module_preset=\u00a0\u00bbdefault\u00a0\u00bb background_image=\u00a0\u00bbhttps:\/\/www.cnam.re\/site\/wp-content\/uploads\/videos_tutoriel.png\u00a0\u00bb link_option_url=\u00a0\u00bbhttps:\/\/www.cnam.re\/site\/videos\/index.php\u00a0\u00bb link_option_url_new_window=\u00a0\u00bbon\u00a0\u00bb global_colors_info=\u00a0\u00bb{}\u00a0\u00bb]<\/p>\n<p><a href=\"https:\/\/www.cnam.re\/site\/videos\/index.php\" target=\"_blank\" rel=\"noopener\">Mes premiers pas sur l&rsquo;ENF<\/a><\/p>\n<p>[\/et_pb_text][\/et_pb_column][et_pb_column type=\u00a0\u00bb1_4&Prime; _builder_version=\u00a0\u00bb4.16&Prime; _module_preset=\u00a0\u00bbdefault\u00a0\u00bb global_colors_info=\u00a0\u00bb{}\u00a0\u00bb][\/et_pb_column][\/et_pb_row][\/et_pb_section]<\/p>\n","protected":false},"excerpt":{"rendered":"<p>La Formation Ouverte \u00c0 Distance (FOAD) L\u2019avance&#8230;<\/p>\n","protected":false},"author":1,"featured_media":2427,"parent":399,"menu_order":50,"comment_status":"closed","ping_status":"closed","template":"","meta":{"_acf_changed":false,"_et_pb_use_builder":"on","_et_pb_old_content":"","_et_gb_content_width":"","footnotes":""},"class_list":["post-358","page","type-page","status-publish","has-post-thumbnail","hentry"],"acf":[],"_links":{"self":[{"href":"https:\/\/www.cnam.re\/site\/wp-json\/wp\/v2\/pages\/358","targetHints":{"allow":["GET"]}}],"collection":[{"href":"https:\/\/www.cnam.re\/site\/wp-json\/wp\/v2\/pages"}],"about":[{"href":"https:\/\/www.cnam.re\/site\/wp-json\/wp\/v2\/types\/page"}],"author":[{"embeddable":true,"href":"https:\/\/www.cnam.re\/site\/wp-json\/wp\/v2\/users\/1"}],"replies":[{"embeddable":true,"href":"https:\/\/www.cnam.re\/site\/wp-json\/wp\/v2\/comments?post=358"}],"version-history":[{"count":49,"href":"https:\/\/www.cnam.re\/site\/wp-json\/wp\/v2\/pages\/358\/revisions"}],"predecessor-version":[{"id":4881,"href":"https:\/\/www.cnam.re\/site\/wp-json\/wp\/v2\/pages\/358\/revisions\/4881"}],"up":[{"embeddable":true,"href":"https:\/\/www.cnam.re\/site\/wp-json\/wp\/v2\/pages\/399"}],"wp:featuredmedia":[{"embeddable":true,"href":"https:\/\/www.cnam.re\/site\/wp-json\/wp\/v2\/media\/2427"}],"wp:attachment":[{"href":"https:\/\/www.cnam.re\/site\/wp-json\/wp\/v2\/media?parent=358"}],"curies":[{"name":"wp","href":"https:\/\/api.w.org\/{rel}","templated":true}]}}