{"id":2281,"date":"2022-09-27T09:05:18","date_gmt":"2022-09-27T07:05:18","guid":{"rendered":"http:\/\/www.cnam.re\/wp\/?page_id=2281"},"modified":"2025-05-20T17:03:57","modified_gmt":"2025-05-20T13:03:57","slug":"opco","status":"publish","type":"page","link":"https:\/\/www.cnam.re\/site\/opco\/","title":{"rendered":"Les Op\u00e9rateurs de Comp\u00e9tences"},"content":{"rendered":"<p>[et_pb_section fb_built=\u00a0\u00bb1&Prime; admin_label=\u00a0\u00bb \u00a0\u00bb module_class=\u00a0\u00bbdivi-first-section\u00a0\u00bb _builder_version=\u00a0\u00bb4.18.0&Prime; _module_preset=\u00a0\u00bbdefault\u00a0\u00bb da_disable_devices=\u00a0\u00bboff|off|off\u00a0\u00bb global_colors_info=\u00a0\u00bb{}\u00a0\u00bb da_is_popup=\u00a0\u00bboff\u00a0\u00bb da_exit_intent=\u00a0\u00bboff\u00a0\u00bb da_has_close=\u00a0\u00bbon\u00a0\u00bb da_alt_close=\u00a0\u00bboff\u00a0\u00bb da_dark_close=\u00a0\u00bboff\u00a0\u00bb da_not_modal=\u00a0\u00bbon\u00a0\u00bb da_is_singular=\u00a0\u00bboff\u00a0\u00bb da_with_loader=\u00a0\u00bboff\u00a0\u00bb da_has_shadow=\u00a0\u00bbon\u00a0\u00bb][et_pb_row admin_label=\u00a0\u00bb \u00a0\u00bb _builder_version=\u00a0\u00bb4.18.0&Prime; _module_preset=\u00a0\u00bbdefault\u00a0\u00bb global_colors_info=\u00a0\u00bb{}\u00a0\u00bb][et_pb_column type=\u00a0\u00bb4_4&Prime; _builder_version=\u00a0\u00bb4.18.0&Prime; _module_preset=\u00a0\u00bbdefault\u00a0\u00bb global_colors_info=\u00a0\u00bb{}\u00a0\u00bb][et_pb_text admin_label=\u00a0\u00bbListe de liens OPCO\u00a0\u00bb _builder_version=\u00a0\u00bb4.18.0&Prime; _module_preset=\u00a0\u00bbdefault\u00a0\u00bb global_colors_info=\u00a0\u00bb{}\u00a0\u00bb]<\/p>\n<h2>Les OPCO<\/h2>\n<p>Voici la liste des principaux OPCO (Op\u00e9rateurs de Comp\u00e9tences) repr\u00e9sent\u00e9s \u00e0 La R\u00e9union. Pour conna\u00eetre de quel OPCO vous d\u00e9pendez, rapprochez-vous de votre employeur ou de votre service RH.<br \/>\nVous pouvez \u00e9galement cliquer sur ce lien :<\/p>\n<ul>\n<li><a href=\"https:\/\/www.trouver-mon-opco.fr\/\" target=\"_blank\" rel=\"noopener\">Trouver mon OPCO<\/a><\/li>\n<\/ul>\n<p>[\/et_pb_text][\/et_pb_column][\/et_pb_row][et_pb_row column_structure=\u00a0\u00bb1_3,1_3,1_3&Prime; _builder_version=\u00a0\u00bb4.18.0&Prime; _module_preset=\u00a0\u00bbdefault\u00a0\u00bb global_colors_info=\u00a0\u00bb{}\u00a0\u00bb][et_pb_column type=\u00a0\u00bb1_3&Prime; _builder_version=\u00a0\u00bb4.18.0&Prime; _module_preset=\u00a0\u00bbdefault\u00a0\u00bb global_colors_info=\u00a0\u00bb{}\u00a0\u00bb][et_pb_text module_class=\u00a0\u00bbbox box-page-bottom\u00a0\u00bb _builder_version=\u00a0\u00bb4.27.4&Prime; _module_preset=\u00a0\u00bbdefault\u00a0\u00bb locked=\u00a0\u00bboff\u00a0\u00bb global_colors_info=\u00a0\u00bb{}\u00a0\u00bb]<\/p>\n<h5>AKTO<\/h5>\n<p><a href=\"https:\/\/www.akto.fr\/\" target=\"_blank\" rel=\"noopener\">Site web<\/a><\/p>\n<p>Tel : <a href=\"tel:0262902345\">02 62 90 23 45<\/a><\/p>\n<p>[\/et_pb_text][et_pb_text module_class=\u00a0\u00bbbox box-page-bottom\u00a0\u00bb _builder_version=\u00a0\u00bb4.27.4&Prime; _module_preset=\u00a0\u00bbdefault\u00a0\u00bb locked=\u00a0\u00bboff\u00a0\u00bb global_colors_info=\u00a0\u00bb{}\u00a0\u00bb]<\/p>\n<h5>CONSTRUCTYS<\/h5>\n<p><a href=\"https:\/\/www.constructys.fr\/\" target=\"_blank\" rel=\"noopener\">Site web<\/a><\/p>\n<p>Tel : <a href=\"tel:026221 11 99\">02 62 21 11 99<\/a><\/p>\n<p>[\/et_pb_text][et_pb_text module_class=\u00a0\u00bbbox box-page-bottom\u00a0\u00bb _builder_version=\u00a0\u00bb4.27.4&Prime; _module_preset=\u00a0\u00bbdefault\u00a0\u00bb locked=\u00a0\u00bboff\u00a0\u00bb global_colors_info=\u00a0\u00bb{}\u00a0\u00bb]<\/p>\n<h5>AGEFIPH<\/h5>\n<p><em>Travailleurs handicap\u00e9s<\/em><\/p>\n<p><a href=\"https:\/\/www.agefiph.fr\/\" target=\"_blank\" rel=\"noopener\">Site web<\/a><\/p>\n<p>Tel : <a href=\"tel:026220 98 11\">02 62 20 98 11<\/a><\/p>\n<p>[\/et_pb_text][\/et_pb_column][et_pb_column type=\u00a0\u00bb1_3&Prime; _builder_version=\u00a0\u00bb4.18.0&Prime; _module_preset=\u00a0\u00bbdefault\u00a0\u00bb global_colors_info=\u00a0\u00bb{}\u00a0\u00bb][et_pb_text module_class=\u00a0\u00bbbox box-page-bottom\u00a0\u00bb _builder_version=\u00a0\u00bb4.27.4&Prime; _module_preset=\u00a0\u00bbdefault\u00a0\u00bb locked=\u00a0\u00bboff\u00a0\u00bb global_colors_info=\u00a0\u00bb{}\u00a0\u00bb]<\/p>\n<h5>OPCO SANTE<\/h5>\n<p><a href=\"https:\/\/www.opco-sante.fr\/prehome\/\" target=\"_blank\" rel=\"noopener\">Site web<\/a><\/p>\n<p>Tel : <a href=\"tel:0262567919\">02 62 56 79 19<\/a><\/p>\n<p>[\/et_pb_text][et_pb_text module_class=\u00a0\u00bbbox box-page-bottom\u00a0\u00bb _builder_version=\u00a0\u00bb4.27.4&Prime; _module_preset=\u00a0\u00bbdefault\u00a0\u00bb locked=\u00a0\u00bboff\u00a0\u00bb global_colors_info=\u00a0\u00bb{}\u00a0\u00bb]<\/p>\n<h5>TRANSITIONS PRO (ex Fong\u00e9cif)<\/h5>\n<p><a href=\"https:\/\/www.transitionspro-reunion.fr\/\" target=\"_blank\" rel=\"noopener\">Site web<\/a><\/p>\n<p>Tel : <a href=\"tel:026294 03 84\">02 62 94 03 84<\/a><\/p>\n<p>[\/et_pb_text][\/et_pb_column][et_pb_column type=\u00a0\u00bb1_3&Prime; _builder_version=\u00a0\u00bb4.18.0&Prime; _module_preset=\u00a0\u00bbdefault\u00a0\u00bb global_colors_info=\u00a0\u00bb{}\u00a0\u00bb][et_pb_text module_class=\u00a0\u00bbbox box-page-bottom\u00a0\u00bb _builder_version=\u00a0\u00bb4.27.4&Prime; _module_preset=\u00a0\u00bbdefault\u00a0\u00bb locked=\u00a0\u00bboff\u00a0\u00bb global_colors_info=\u00a0\u00bb{}\u00a0\u00bb]<\/p>\n<h5>UNIFORMATION<\/h5>\n<p><a href=\"https:\/\/www.uniformation.fr\/\/\" target=\"_blank\" rel=\"noopener\">Site web<\/a><\/p>\n<p>Tel : <a href=\"tel:0262902399\">02 62 90 23 99<\/a><\/p>\n<p>[\/et_pb_text][et_pb_text module_class=\u00a0\u00bbbox box-page-bottom\u00a0\u00bb _builder_version=\u00a0\u00bb4.27.4&Prime; _module_preset=\u00a0\u00bbdefault\u00a0\u00bb locked=\u00a0\u00bboff\u00a0\u00bb global_colors_info=\u00a0\u00bb{}\u00a0\u00bb]<\/p>\n<h5>OPCO EP<\/h5>\n<p><a href=\"https:\/\/www.opcoep.fr\/\" target=\"_blank\" rel=\"noopener\">Site web<\/a><\/p>\n<p>Tel : <a href=\"tel:026296 11 80\">02 62 96 11 80<\/a><\/p>\n<p>[\/et_pb_text][\/et_pb_column][\/et_pb_row][\/et_pb_section][et_pb_section fb_built=\u00a0\u00bb1&Prime; admin_label=\u00a0\u00bb \u00a0\u00bb module_class=\u00a0\u00bbdivi-last-section\u00a0\u00bb _builder_version=\u00a0\u00bb4.18.0&Prime; _module_preset=\u00a0\u00bbdefault\u00a0\u00bb da_disable_devices=\u00a0\u00bboff|off|off\u00a0\u00bb global_colors_info=\u00a0\u00bb{}\u00a0\u00bb da_is_popup=\u00a0\u00bboff\u00a0\u00bb da_exit_intent=\u00a0\u00bboff\u00a0\u00bb da_has_close=\u00a0\u00bbon\u00a0\u00bb da_alt_close=\u00a0\u00bboff\u00a0\u00bb da_dark_close=\u00a0\u00bboff\u00a0\u00bb da_not_modal=\u00a0\u00bbon\u00a0\u00bb da_is_singular=\u00a0\u00bboff\u00a0\u00bb da_with_loader=\u00a0\u00bboff\u00a0\u00bb da_has_shadow=\u00a0\u00bbon\u00a0\u00bb][\/et_pb_section]<\/p>\n","protected":false},"excerpt":{"rendered":"<p>Les OPCO Voici la liste des principaux OPCO&#8230;<\/p>\n","protected":false},"author":1,"featured_media":4288,"parent":0,"menu_order":27,"comment_status":"closed","ping_status":"closed","template":"","meta":{"_acf_changed":false,"_et_pb_use_builder":"on","_et_pb_old_content":"","_et_gb_content_width":"","footnotes":""},"class_list":["post-2281","page","type-page","status-publish","has-post-thumbnail","hentry"],"acf":[],"_links":{"self":[{"href":"https:\/\/www.cnam.re\/site\/wp-json\/wp\/v2\/pages\/2281","targetHints":{"allow":["GET"]}}],"collection":[{"href":"https:\/\/www.cnam.re\/site\/wp-json\/wp\/v2\/pages"}],"about":[{"href":"https:\/\/www.cnam.re\/site\/wp-json\/wp\/v2\/types\/page"}],"author":[{"embeddable":true,"href":"https:\/\/www.cnam.re\/site\/wp-json\/wp\/v2\/users\/1"}],"replies":[{"embeddable":true,"href":"https:\/\/www.cnam.re\/site\/wp-json\/wp\/v2\/comments?post=2281"}],"version-history":[{"count":11,"href":"https:\/\/www.cnam.re\/site\/wp-json\/wp\/v2\/pages\/2281\/revisions"}],"predecessor-version":[{"id":4290,"href":"https:\/\/www.cnam.re\/site\/wp-json\/wp\/v2\/pages\/2281\/revisions\/4290"}],"wp:featuredmedia":[{"embeddable":true,"href":"https:\/\/www.cnam.re\/site\/wp-json\/wp\/v2\/media\/4288"}],"wp:attachment":[{"href":"https:\/\/www.cnam.re\/site\/wp-json\/wp\/v2\/media?parent=2281"}],"curies":[{"name":"wp","href":"https:\/\/api.w.org\/{rel}","templated":true}]}}