{"id":1704,"date":"2022-06-24T11:06:05","date_gmt":"2022-06-24T09:06:05","guid":{"rendered":"https:\/\/cnam.smade.fr\/?page_id=1704"},"modified":"2025-11-28T12:01:11","modified_gmt":"2025-11-28T08:01:11","slug":"tarifs","status":"publish","type":"page","link":"https:\/\/www.cnam.re\/site\/tarifs\/","title":{"rendered":"Tarifs"},"content":{"rendered":"<p>[et_pb_section fb_built=\u00a0\u00bb1&Prime; admin_label=\u00a0\u00bb \u00a0\u00bb module_class=\u00a0\u00bbdivi-first-section\u00a0\u00bb _builder_version=\u00a0\u00bb4.17.4&Prime; _module_preset=\u00a0\u00bbdefault\u00a0\u00bb da_disable_devices=\u00a0\u00bboff|off|off\u00a0\u00bb global_colors_info=\u00a0\u00bb{}\u00a0\u00bb da_is_popup=\u00a0\u00bboff\u00a0\u00bb da_exit_intent=\u00a0\u00bboff\u00a0\u00bb da_has_close=\u00a0\u00bbon\u00a0\u00bb da_alt_close=\u00a0\u00bboff\u00a0\u00bb da_dark_close=\u00a0\u00bboff\u00a0\u00bb da_not_modal=\u00a0\u00bbon\u00a0\u00bb da_is_singular=\u00a0\u00bboff\u00a0\u00bb da_with_loader=\u00a0\u00bboff\u00a0\u00bb da_has_shadow=\u00a0\u00bbon\u00a0\u00bb][et_pb_row admin_label=\u00a0\u00bb \u00a0\u00bb _builder_version=\u00a0\u00bb4.17.4&Prime; _module_preset=\u00a0\u00bbdefault\u00a0\u00bb global_colors_info=\u00a0\u00bb{}\u00a0\u00bb][et_pb_column type=\u00a0\u00bb4_4&Prime; _builder_version=\u00a0\u00bb4.17.4&Prime; _module_preset=\u00a0\u00bbdefault\u00a0\u00bb global_colors_info=\u00a0\u00bb{}\u00a0\u00bb][et_pb_text admin_label=\u00a0\u00bbTitre Tarifs\u00a0\u00bb _builder_version=\u00a0\u00bb4.17.6&Prime; _module_preset=\u00a0\u00bbdefault\u00a0\u00bb global_colors_info=\u00a0\u00bb{}\u00a0\u00bb]<\/p>\n<h2>Grille des tarifs<\/h2>\n<p>[\/et_pb_text][et_pb_text admin_label=\u00a0\u00bbTableau tarifs\u00a0\u00bb _builder_version=\u00a0\u00bb4.27.4&Prime; _module_preset=\u00a0\u00bbdefault\u00a0\u00bb hover_enabled=\u00a0\u00bb0&Prime; global_colors_info=\u00a0\u00bb{}\u00a0\u00bb sticky_enabled=\u00a0\u00bb0&Prime;]<\/p>\n<div class=\"wrap--basic-table\">\n<p><strong>Tarifs applicables pour les inscriptions du 2nd semestre 2025-2026<\/strong><\/p>\n<table class=\"basic-table\" style=\"width: 919px; height: 509px;\">\n<tbody>\n<tr style=\"height: 96px;\">\n<th style=\"width: 216.539px; height: 96px;\">\u00a0<\/th>\n<th style=\"width: 166.424px; height: 96px;\">\n<p style=\"text-align: center;\">INDIVIDUEL<\/p>\n<p style=\"text-align: center;\">PAYANT<\/p>\n<\/th>\n<th style=\"width: 159.398px; height: 96px; text-align: center;\">CPF<\/th>\n<th style=\"width: 181.458px; height: 96px; text-align: center;\">\n<p>DEMANDEUR D\u2019EMPLOI<\/p>\n<p>(cat\u00e9gorie FT 1 \u00e0 4)*<\/p>\n<\/th>\n<th style=\"width: 167.442px; text-align: center; height: 96px;\">\n<p>DEMANDEUR D\u2019EMPLOI<\/p>\n<p>(cat\u00e9gorie FT 5 +)*<\/p>\n<\/th>\n<\/tr>\n<tr style=\"height: 10px;\">\n<td style=\"width: 216.539px; height: 10px;\">Frais de dossier (1)<\/td>\n<td style=\"width: 689.583px; height: 10px; text-align: right;\" colspan=\"4\">18 \u20ac<\/td>\n<\/tr>\n<tr style=\"height: 24px;\">\n<td style=\"width: 216.539px; height: 24px;\">Droit d\u2019inscription forfaitaire (2)<\/td>\n<td style=\"width: 689.583px; height: 24px; text-align: right;\" colspan=\"4\">200 \u20ac<\/td>\n<\/tr>\n<tr style=\"height: 72px;\">\n<td style=\"width: 216.539px; height: 72px;\"><b>Droit d\u2019acc\u00e8s aux enseignements<\/b><br \/>UE dispens\u00e9e \u00e0 la R\u00e9union<\/td>\n<td style=\"height: 139px; width: 166.424px; text-align: right;\" rowspan=\"2\">15 \u20ac \/ heure<\/td>\n<td style=\"height: 139px; width: 159.398px; text-align: right;\" rowspan=\"2\">22 \u20ac \/ heure<\/td>\n<td style=\"width: 181.458px; height: 72px; text-align: right;\">12 \u20ac \/ ECTS **<\/td>\n<td style=\"width: 167.442px; height: 139px; text-align: right;\" rowspan=\"2\">15 \u20ac \/ heure<\/td>\n<\/tr>\n<tr style=\"height: 67px;\">\n<td style=\"width: 216.539px; height: 67px;\">UE dispens\u00e9e en FOAD (3)<\/td>\n<td style=\"width: 181.458px; height: 67px; text-align: right;\">30 \u20ac \/ ECTS **<\/td>\n<\/tr>\n<tr style=\"height: 72px;\">\n<td style=\"width: 216.539px; height: 72px;\">UA unit\u00e9 d\u2019activit\u00e9<br \/><i>rapports, projets, m\u00e9moires<\/i><\/td>\n<td style=\"width: 166.424px; height: 72px; text-align: right;\">15 \u20ac \/ heure ou forfait 150 \u20ac selon les unit\u00e9s<\/td>\n<td style=\"width: 159.398px; height: 72px; text-align: right;\">22 \u20ac \/ heure ou forfait 150 \u20ac selon les unit\u00e9s<\/td>\n<td style=\"width: 353.854px; height: 72px; text-align: left;\" colspan=\"2\">\n<p style=\"text-align: right;\"><span style=\"text-align: right; font-family: inherit; font-size: inherit;\">15 \u20ac \/ heure ou forfait 150 \u20ac selon les unit\u00e9s<\/span><\/p>\n<\/td>\n<\/tr>\n<tr style=\"height: 48px;\">\n<td style=\"width: 216.539px; height: 48px;\"><b>Autres frais<\/b><br \/>Inscription \u00e0 l\u2019EICnam (4)<\/td>\n<td style=\"width: 689.583px; height: 48px; text-align: right;\" colspan=\"4\">450 \u20ac<\/td>\n<\/tr>\n<tr style=\"height: 48px;\">\n<td style=\"width: 216.539px; height: 48px;\">\n<p>Linguaskill (5)<\/p>\n<p>(test d\u2019anglais CECRL)<\/p>\n<\/td>\n<td style=\"width: 689.583px; height: 48px; text-align: right;\" colspan=\"4\">150 \u20ac<\/td>\n<\/tr>\n<tr style=\"height: 24px;\">\n<td style=\"width: 216.539px; height: 24px;\">VAE (6)<\/td>\n<td style=\"height: 24px; width: 689.583px; text-align: right;\" colspan=\"4\">1200 \u20ac<\/td>\n<\/tr>\n<tr style=\"height: 24px;\">\n<td style=\"width: 216.539px; height: 24px;\">VAPP (7)<\/td>\n<td style=\"height: 24px; width: 689.583px; text-align: right;\" colspan=\"4\">520 \u20ac<\/td>\n<\/tr>\n<tr style=\"height: 24px;\">\n<td style=\"width: 216.539px; height: 24px;\">VES <i>(hors jurisprudence)<\/i> (8)<\/td>\n<td style=\"height: 24px; width: 689.583px; text-align: right;\" colspan=\"4\">300 \u20ac<\/td>\n<\/tr>\n<\/tbody>\n<\/table>\n<p>Pour les prises en charge <strong>Entreprises \/ OPCO et Transition Pro<\/strong>, merci de bien vouloir renseigner le formulaire ci-dessous pour une demande de devis.<\/p>\n<p>Certaines formations peuvent faire l&rsquo;objet d&rsquo;une tarification sp\u00e9cifique. Merci de vous adresser \u00e0 votre centre r\u00e9gional pour obtenir un devis de formation.<\/p>\n<p>* Pour les demandeurs d&#8217;emploi, la tarification appliqu\u00e9e pour les enseignements du second semestre 2025-2026 d\u00e9pend de la cat\u00e9gorie d&rsquo;inscription aupr\u00e8s de France Travail (demander un avis de situation aupr\u00e8s de son conseiller FT mentionnant la cat\u00e9gorie). Pour les demandeurs d&#8217;emploi de cat\u00e9gorie 1 \u00e0 4\u00a0 n&rsquo;\u00e9tant pas d\u00e9j\u00e0 inscrits au premier semestre 2025-2026, une tarification sp\u00e9ciale s&rsquo;applique (voir ci-apr\u00e8s).<\/p>\n<p>** Pour les demandeurs d&#8217;emploi de cat\u00e9gorie 1 \u00e0 4, le tarif en vigueur est exprim\u00e9 en fonction de l&rsquo;ECTS (unit\u00e9 de cr\u00e9dit propre \u00e0 l&rsquo;enseignement. Une unit\u00e9 d&rsquo;enseignement au Cnam est g\u00e9n\u00e9ralement comprise entre 3 et 8 cr\u00e9dits selon les types d&rsquo;enseignement et le volume horaire qui lui est allou\u00e9).<\/p>\n<\/div>\n<p>[\/et_pb_text][et_pb_text admin_label=\u00a0\u00bbL\u00e9gende tableau tarifs\u00a0\u00bb _builder_version=\u00a0\u00bb4.27.4&Prime; _module_preset=\u00a0\u00bbdefault\u00a0\u00bb global_colors_info=\u00a0\u00bb{}\u00a0\u00bb]<\/p>\n<p>(1) frais de dossier pour la premi\u00e8re inscription au centre r\u00e9gional du Cnam uniquement.<br \/>(2) droit individuel forfaitaire payable au titre de chaque ann\u00e9e universitaire d\u2019inscription au centre r\u00e9gional.<br \/>(3) droit d\u2019acc\u00e8s aux unit\u00e9s d\u2019enseignement (UE) qui ne sont pas dispens\u00e9es \u00e0 La R\u00e9union mais sont propos\u00e9es en<br \/>formation ouverte \u00e0 distance (FOAD) depuis un autre centre organisateur Cnam.<br \/>(4) frais d\u2019inscription \u00e0 l\u2019EICnam exigibles une seule fois lors de l\u2019entr\u00e9e en cycle de sp\u00e9cialisation du dipl\u00f4me<br \/>d\u2019ing\u00e9nieur.<br \/>(5) le Linguaskill est un test choisi par le Cnam pour la reconnaissance de ses dipl\u00f4mes, conforme au Cadre europ\u00e9en<br \/>commun de r\u00e9f\u00e9rence pour les langues (CECRL).<br \/>(6) montage du dossier et accompagnement en vue d\u2019une demande de validation des acquis de l\u2019exp\u00e9rience (VAE) &#8211;<br \/>frais d\u2019inscription inclus.<br \/>(7) montage du dossier et accompagnement en vue d\u2019une demande de validation des acquis personnels et<br \/>professionnels (VAPP) &#8211; frais d\u2019inscription inclus.<br \/>(8) montage du dossier et accompagnement en vue d\u2019une demande de validation des \u00e9tudes sup\u00e9rieures (VES) hors<br \/>VES faisant l\u2019objet d\u2019une jurisprudence au Cnam &#8211; frais d\u2019inscription inclus.<\/p>\n<p>&nbsp;<\/p>\n<p>[\/et_pb_text][et_pb_divider show_divider=\u00a0\u00bboff\u00a0\u00bb _builder_version=\u00a0\u00bb4.27.4&Prime; _module_preset=\u00a0\u00bbdefault\u00a0\u00bb global_colors_info=\u00a0\u00bb{}\u00a0\u00bb][\/et_pb_divider][et_pb_text admin_label=\u00a0\u00bbTexte devis\u00a0\u00bb _builder_version=\u00a0\u00bb4.21.0&Prime; _module_preset=\u00a0\u00bbdefault\u00a0\u00bb global_colors_info=\u00a0\u00bb{}\u00a0\u00bb]<\/p>\n<h2>Demande de devis<\/h2>\n<p>Renseignez ce formulaire pour demander votre devis en ligne. Votre demande sera trait\u00e9e dans les meilleurs d\u00e9lais.<\/p>\n<p>[\/et_pb_text][et_pb_text admin_label=\u00a0\u00bbInitialisation formulaire &#8211; NE PAS SUPPRIMER\u00a0\u00bb _builder_version=\u00a0\u00bb4.21.0&Prime; _module_preset=\u00a0\u00bbdefault\u00a0\u00bb global_colors_info=\u00a0\u00bb{}\u00a0\u00bb]<\/p>\n<p><button class=\"action__trigger btn btn-red\" data-action=\"start-quote\">Commencer<\/button><\/p>\n<p>[\/et_pb_text][\/et_pb_column][\/et_pb_row][\/et_pb_section][et_pb_section fb_built=\u00a0\u00bb1&Prime; admin_label=\u00a0\u00bb \u00a0\u00bb module_class=\u00a0\u00bbdivi-last-section empty\u00a0\u00bb _builder_version=\u00a0\u00bb4.17.4&Prime; _module_preset=\u00a0\u00bbdefault\u00a0\u00bb da_disable_devices=\u00a0\u00bboff|off|off\u00a0\u00bb global_colors_info=\u00a0\u00bb{}\u00a0\u00bb da_is_popup=\u00a0\u00bboff\u00a0\u00bb da_exit_intent=\u00a0\u00bboff\u00a0\u00bb da_has_close=\u00a0\u00bbon\u00a0\u00bb da_alt_close=\u00a0\u00bboff\u00a0\u00bb da_dark_close=\u00a0\u00bboff\u00a0\u00bb da_not_modal=\u00a0\u00bbon\u00a0\u00bb da_is_singular=\u00a0\u00bboff\u00a0\u00bb da_with_loader=\u00a0\u00bboff\u00a0\u00bb da_has_shadow=\u00a0\u00bbon\u00a0\u00bb][\/et_pb_section]<\/p>\n","protected":false},"excerpt":{"rendered":"<p>Grille des tarifs Tarifs applicables pour les&#8230;<\/p>\n","protected":false},"author":1,"featured_media":4291,"parent":0,"menu_order":40,"comment_status":"closed","ping_status":"closed","template":"","meta":{"_acf_changed":false,"_et_pb_use_builder":"on","_et_pb_old_content":"","_et_gb_content_width":"","footnotes":""},"class_list":["post-1704","page","type-page","status-publish","has-post-thumbnail","hentry"],"acf":[],"_links":{"self":[{"href":"https:\/\/www.cnam.re\/site\/wp-json\/wp\/v2\/pages\/1704","targetHints":{"allow":["GET"]}}],"collection":[{"href":"https:\/\/www.cnam.re\/site\/wp-json\/wp\/v2\/pages"}],"about":[{"href":"https:\/\/www.cnam.re\/site\/wp-json\/wp\/v2\/types\/page"}],"author":[{"embeddable":true,"href":"https:\/\/www.cnam.re\/site\/wp-json\/wp\/v2\/users\/1"}],"replies":[{"embeddable":true,"href":"https:\/\/www.cnam.re\/site\/wp-json\/wp\/v2\/comments?post=1704"}],"version-history":[{"count":34,"href":"https:\/\/www.cnam.re\/site\/wp-json\/wp\/v2\/pages\/1704\/revisions"}],"predecessor-version":[{"id":4704,"href":"https:\/\/www.cnam.re\/site\/wp-json\/wp\/v2\/pages\/1704\/revisions\/4704"}],"wp:featuredmedia":[{"embeddable":true,"href":"https:\/\/www.cnam.re\/site\/wp-json\/wp\/v2\/media\/4291"}],"wp:attachment":[{"href":"https:\/\/www.cnam.re\/site\/wp-json\/wp\/v2\/media?parent=1704"}],"curies":[{"name":"wp","href":"https:\/\/api.w.org\/{rel}","templated":true}]}}