{"id":164,"date":"2021-08-06T16:14:51","date_gmt":"2021-08-06T14:14:51","guid":{"rendered":"https:\/\/cnam.smade.fr\/?page_id=164"},"modified":"2026-01-19T15:45:30","modified_gmt":"2026-01-19T11:45:30","slug":"le-centre-regional-de-la-reunion","status":"publish","type":"page","link":"https:\/\/www.cnam.re\/site\/le-cnam\/le-centre-regional-de-la-reunion\/","title":{"rendered":"Le centre r\u00e9gional de La R\u00e9union"},"content":{"rendered":"<p>[et_pb_section fb_built=\u00a0\u00bb1&Prime; module_class=\u00a0\u00bbdivi-first-section\u00a0\u00bb _builder_version=\u00a0\u00bb4.16&Prime; _module_preset=\u00a0\u00bbdefault\u00a0\u00bb da_disable_devices=\u00a0\u00bboff|off|off\u00a0\u00bb global_colors_info=\u00a0\u00bb{}\u00a0\u00bb da_is_popup=\u00a0\u00bboff\u00a0\u00bb da_exit_intent=\u00a0\u00bboff\u00a0\u00bb da_has_close=\u00a0\u00bbon\u00a0\u00bb da_alt_close=\u00a0\u00bboff\u00a0\u00bb da_dark_close=\u00a0\u00bboff\u00a0\u00bb da_not_modal=\u00a0\u00bbon\u00a0\u00bb da_is_singular=\u00a0\u00bboff\u00a0\u00bb da_with_loader=\u00a0\u00bboff\u00a0\u00bb da_has_shadow=\u00a0\u00bbon\u00a0\u00bb][et_pb_row _builder_version=\u00a0\u00bb4.16&Prime; _module_preset=\u00a0\u00bbdefault\u00a0\u00bb global_colors_info=\u00a0\u00bb{}\u00a0\u00bb][et_pb_column type=\u00a0\u00bb4_4&Prime; _builder_version=\u00a0\u00bb4.16&Prime; _module_preset=\u00a0\u00bbdefault\u00a0\u00bb global_colors_info=\u00a0\u00bb{}\u00a0\u00bb][et_pb_text admin_label=\u00a0\u00bbIntro\u00a0\u00bb module_class=\u00a0\u00bbbox-article__intro\u00a0\u00bb _builder_version=\u00a0\u00bb4.21.0&Prime; _module_preset=\u00a0\u00bbdefault\u00a0\u00bb global_colors_info=\u00a0\u00bb{}\u00a0\u00bb]<\/p>\n<h2>Le centre r\u00e9gional du Cnam de La R\u00e9union<\/h2>\n<p>Cr\u00e9\u00e9 en 1997, il s\u2019inscrit dans le paysage local de la formation professionnelle continue et s\u2019adresse aux personnes exer\u00e7ant une activit\u00e9 professionnelle ou aux personnes en recherche d\u2019emploi.<\/p>\n<p>[\/et_pb_text][et_pb_text admin_label=\u00a0\u00bbComme la majeure partie\u00a0\u00bb _builder_version=\u00a0\u00bb4.18.0&Prime; _module_preset=\u00a0\u00bbdefault\u00a0\u00bb global_colors_info=\u00a0\u00bb{}\u00a0\u00bb]<\/p>\n<p>Comme la majeure partie des centres r\u00e9gionaux m\u00e9tropolitains et ultramarins, le centre de La R\u00e9union propose \u00e0 ses publics, parmi l&rsquo;offre inscrite au catalogue national du Conservatoire, un ensemble de formations qualifiantes, certifiantes et dipl\u00f4mantes qui correspondent aux r\u00e9alit\u00e9s et aux attentes \u00e9conomiques du bassin de l\u2019emploi local : parcours d&rsquo;ing\u00e9nieurs, cursus LMD (Licence-Master-Doctorat), titres de niveaux 5, 6 et 7 inscrits au R\u00e9pertoire national des certifications professionnelles (RNCP), dipl\u00f4mes et certificats d\u2019\u00e9tablissement.<\/p>\n<p>La mise en \u0153uvre op\u00e9rationnelle de cette offre r\u00e9pond naturellement \u00e0 la diversit\u00e9 des besoins des publics par des modalit\u00e9s p\u00e9dagogiques diff\u00e9renci\u00e9es qui permettent une grande flexibilit\u00e9 et induisent une meilleure autonomie pour les \u00e9l\u00e8ves inscrits :<\/p>\n<ul>\n<li>En pr\u00e9sentiel dans le cadre de cours du soir, ce qu&rsquo;on appelle la formation hors temps de travail (HTT),<\/li>\n<li>En journ\u00e9e et le samedi matin,<\/li>\n<li>En <a href=\"\/site\/alternance\/\" target=\"_blank\" rel=\"noopener\">alternance<\/a>, dans le cadre de contrats de professionnalisation ou contrats d&rsquo;apprentissage,<\/li>\n<li>En formation ouverte \u00e0 distance (FOAD) dans un strict respect de la qualit\u00e9 de l\u2019offre notamment en mettant en place un accompagnement sp\u00e9cifique des \u00e9l\u00e8ves inscrits.<\/li>\n<\/ul>\n<p>En compl\u00e9ment des formations dipl\u00f4mantes et certifiantes propos\u00e9es par le Cnam, le centre r\u00e9gional est \u00e0 m\u00eame de vous proposer des formations courtes sur mesure. Vous souhaitez d\u00e9velopper les comp\u00e9tences de vos collaborateurs, des stages intra-entreprises peuvent vous \u00eatre propos\u00e9s sur une ou plusieurs journ\u00e9es selon la th\u00e9matique. Chacune de nos unit\u00e9s d&rsquo;enseignement peut aussi \u00eatre d\u00e9clin\u00e9e sous un format de courte dur\u00e9e et son contenu peut \u00eatre adapt\u00e9 sur mesure en fonction de vos attentes. Nous pouvons \u00e9galement vous aider \u00e0 r\u00e9aliser une \u00e9tude de vos besoins en comp\u00e9tences et vous proposer les formations les mieux adapt\u00e9es.<\/p>\n<\/p>\n<p>[\/et_pb_text][et_pb_text admin_label=\u00a0\u00bbValidez vos acquis\u00a0\u00bb _builder_version=\u00a0\u00bb4.23&Prime; _module_preset=\u00a0\u00bbdefault\u00a0\u00bb global_colors_info=\u00a0\u00bb{}\u00a0\u00bb]<\/p>\n<h2>Validez vos acquis avec le Cnam R\u00e9union<\/h2>\n<p>Raccourcir son parcours avec le Cnam en validant ses acquis de l&rsquo;exp\u00e9rience ou ses \u00e9tudes sup\u00e9rieures effectu\u00e9es en dehors du Cnam, c&rsquo;est possible. Notre conseill\u00e8re en validation peut vous recevoir sur rendez-vous pour \u00e9laborer avec vous votre projet de formation et d\u00e9terminer ensemble l&rsquo;exp\u00e9rience et\/ou les \u00e9tudes \u00e0 valider. Vous ne poss\u00e9dez pas les pr\u00e9-requis n\u00e9cessaires pour la d\u00e9livrance d&rsquo;un dipl\u00f4me Cnam mais vous travaillez dans le domaine depuis un certain nombre d&rsquo;ann\u00e9es, la VAPP (validation des acquis personnels et professionnels) est un dispositif appropri\u00e9 qui vous permettra de b\u00e9n\u00e9ficier de votre exp\u00e9rience pour valider les pr\u00e9-requis d&rsquo;acc\u00e8s. N&rsquo;h\u00e9sitez pas \u00e0 demander conseil aupr\u00e8s de notre \u00e9quipe.<\/p>\n<p>Pour en savoir plus sur la validation des acquis, cliquez <a href=\"\/site\/vae\/\" target=\"_blank\" rel=\"noopener\">ici<\/a><\/p>\n<\/p>\n<p>[\/et_pb_text][\/et_pb_column][\/et_pb_row][et_pb_row module_class=\u00a0\u00bbmbn\u00a0\u00bb _builder_version=\u00a0\u00bb4.16&Prime; _module_preset=\u00a0\u00bbdefault\u00a0\u00bb global_colors_info=\u00a0\u00bb{}\u00a0\u00bb][et_pb_column type=\u00a0\u00bb4_4&Prime; _builder_version=\u00a0\u00bb4.16&Prime; _module_preset=\u00a0\u00bbdefault\u00a0\u00bb global_colors_info=\u00a0\u00bb{}\u00a0\u00bb][et_pb_text admin_label=\u00a0\u00bbLe Cnam R\u00e9union, un gage de qualit\u00e9\u00a0\u00bb _builder_version=\u00a0\u00bb4.18.0&Prime; _module_preset=\u00a0\u00bbdefault\u00a0\u00bb global_colors_info=\u00a0\u00bb{}\u00a0\u00bb]<\/p>\n<h2>Le Cnam R\u00e9union, un gage de qualit\u00e9<\/h2>\n<p>[\/et_pb_text][\/et_pb_column][\/et_pb_row][et_pb_row column_structure=\u00a0\u00bb2_3,1_3&Prime; _builder_version=\u00a0\u00bb4.24.0&Prime; _module_preset=\u00a0\u00bbdefault\u00a0\u00bb width=\u00a0\u00bb70%\u00a0\u00bb custom_margin=\u00a0\u00bb36px||||false|false\u00a0\u00bb global_colors_info=\u00a0\u00bb{}\u00a0\u00bb][et_pb_column type=\u00a0\u00bb2_3&Prime; _builder_version=\u00a0\u00bb4.24.0&Prime; _module_preset=\u00a0\u00bbdefault\u00a0\u00bb global_colors_info=\u00a0\u00bb{}\u00a0\u00bb][et_pb_text admin_label=\u00a0\u00bbQualipopi\u00a0\u00bb _builder_version=\u00a0\u00bb4.24.0&Prime; _module_preset=\u00a0\u00bbdefault\u00a0\u00bb global_colors_info=\u00a0\u00bb{}\u00a0\u00bb]<\/p>\n<p>Afin d&rsquo;\u00eatre en conformit\u00e9 avec les exigences qualit\u00e9 pr\u00e9vues dans la loi \u00abavenir professionnel\u00bb du 5 septembre 2018, le Cnam de La R\u00e9union est certifi\u00e9 <a href=\"https:\/\/travail-emploi.gouv.fr\/formation-professionnelle\/acteurs-cadre-et-qualite-de-la-formation-professionnelle\/article\/qualiopi-marque-de-certification-qualite-des-prestataires-de-formation\" target=\"_blank\" rel=\"noopener\">Qualiopi<\/a> depuis F\u00e9vrier 2020. Le Cnam de La R\u00e9union a ainsi anticip\u00e9 sur l\u2019obligation pour les organismes de formation qui b\u00e9n\u00e9ficient d\u2019un financement public ou mutualis\u00e9 de se faire certifier.<br \/>La certification Qualiopi est n\u00e9cessaire pour cr\u00e9er un rep\u00e8re fiable et unique gageant la qualit\u00e9 du processus de d\u00e9livrance des actions de formation du Cnam de La R\u00e9union concourant au d\u00e9veloppement des comp\u00e9tences, au titre de la formation continue, de la formation en apprentissage ou de la validation des acquis de l&rsquo;exp\u00e9rience.<\/p>\n<p>[\/et_pb_text][et_pb_accordion toggle_icon=\u00a0\u00bb&#xf02c;||fa||900&Prime; admin_label=\u00a0\u00bbAccord\u00e9on &#8211; historique certification RNQ\u00a0\u00bb _builder_version=\u00a0\u00bb4.24.2&Prime; _module_preset=\u00a0\u00bbdefault\u00a0\u00bb background_color=\u00a0\u00bbRGBA(255,255,255,0)\u00a0\u00bb global_colors_info=\u00a0\u00bb{}\u00a0\u00bb][et_pb_accordion_item title=\u00a0\u00bbvide\u00a0\u00bb open=\u00a0\u00bbon\u00a0\u00bb _builder_version=\u00a0\u00bb4.24.2&Prime; _module_preset=\u00a0\u00bbdefault\u00a0\u00bb global_colors_info=\u00a0\u00bb{}\u00a0\u00bb][\/et_pb_accordion_item][et_pb_accordion_item title=\u00a0\u00bbHistorique de certification qualit\u00e9 \u00a0\u00bb toggle_icon=\u00a0\u00bb&#xf02c;||fa||900&Prime; _builder_version=\u00a0\u00bb4.24.2&Prime; _module_preset=\u00a0\u00bbdefault\u00a0\u00bb background_color=\u00a0\u00bbRGBA(255,255,255,0)\u00a0\u00bb background_enable_color=\u00a0\u00bbon\u00a0\u00bb global_colors_info=\u00a0\u00bb{}\u00a0\u00bb open=\u00a0\u00bboff\u00a0\u00bb]<\/p>\n<ul>\n<li><a href=\"\/site\/wp-content\/uploads\/AGCNAM-REUNION-Certificat-RNQ-2020-86327.5-2024.02.26.pdf\">Certificat RNQ 2020\/86327.5 du 26 f\u00e9vrier 2024<\/a><\/li>\n<li><a href=\"\/site\/wp-content\/uploads\/AGCNAM-REUNION-Certificat-RNQ-2020-86327.3-2021.01.13.pdf\">Certificat RNQ 2020\/86327.3 du 13 janvier 2021<\/a><\/li>\n<li><a href=\"\/site\/wp-content\/uploads\/AGCNAM-REUNION-Certificat-RNQ-2020-86327.2-2021.01.13.pdf\">Certificat RNQ 2020\/86327.2 du 13 janvier 2021<\/a><\/li>\n<li><a href=\"\/site\/wp-content\/uploads\/AGCNAM-REUNION-Certificat-RNQ-2020-86327.1-2020.02.26.pdf\">Certificat RNQ 2020\/86327.1 du 26 f\u00e9vrier 2020<\/a><\/li>\n<\/ul>\n<p>[\/et_pb_accordion_item][\/et_pb_accordion][\/et_pb_column][et_pb_column type=\u00a0\u00bb1_3&Prime; _builder_version=\u00a0\u00bb4.16&Prime; _module_preset=\u00a0\u00bbdefault\u00a0\u00bb global_colors_info=\u00a0\u00bb{}\u00a0\u00bb][et_pb_text admin_label=\u00a0\u00bbcartouche Logo\u00a0\u00bb _builder_version=\u00a0\u00bb4.27.4&Prime; _module_preset=\u00a0\u00bbdefault\u00a0\u00bb background_color=\u00a0\u00bb#332b75&Prime; link_option_url=\u00a0\u00bbhttps:\/\/travail-emploi.gouv.fr\/formation-professionnelle\/acteurs-cadre-et-qualite-de-la-formation-professionnelle\/article\/qualiopi-marque-de-certification-qualite-des-prestataires-de-formation\u00a0\u00bb link_option_url_new_window=\u00a0\u00bbon\u00a0\u00bb global_colors_info=\u00a0\u00bb{}\u00a0\u00bb]<\/p>\n<div style=\"margin: 0px; background-color: #000091; color: white;\">\n<p style=\"text-align: left; padding: 12px;\"><img loading=\"lazy\" decoding=\"async\" class=\"wp-image-3372 size-full aligncenter\" src=\"https:\/\/www.cnam.re\/site\/wp-content\/uploads\/Qualiopi-web-sans-mention.png\" alt=\"\" width=\"1502\" height=\"800\" srcset=\"https:\/\/www.cnam.re\/site\/wp-content\/uploads\/\/Qualiopi-web-sans-mention.png 1502w, https:\/\/www.cnam.re\/site\/wp-content\/uploads\/\/Qualiopi-web-sans-mention-1080x575.png 1080w, https:\/\/www.cnam.re\/site\/wp-content\/uploads\/\/Qualiopi-web-sans-mention-340x181.png 340w, https:\/\/www.cnam.re\/site\/wp-content\/uploads\/\/Qualiopi-web-sans-mention-460x245.png 460w, https:\/\/www.cnam.re\/site\/wp-content\/uploads\/\/Qualiopi-web-sans-mention-700x373.png 700w, https:\/\/www.cnam.re\/site\/wp-content\/uploads\/\/Qualiopi-web-sans-mention-1024x545.png 1024w, https:\/\/www.cnam.re\/site\/wp-content\/uploads\/\/Qualiopi-web-sans-mention-1420x756.png 1420w\" sizes=\"(max-width: 1502px) 100vw, 1502px\" \/><\/p>\n<p style=\"padding: 12px; text-align: left; padding-bottom: 75px; color: white; font-size: 9pt;\">La certification qualit\u00e9 \u00e0 \u00e9t\u00e9 d\u00e9livr\u00e9e au titre des cat\u00e9gories d&rsquo;actions suivantes :<br \/>\n&#8211; <b>actions de formation<br \/>\n&#8211; actions de VAE<br \/>\n&#8211; actions de formation par apprentissage<\/b><\/p>\n<\/div>\n<p>[\/et_pb_text][\/et_pb_column][\/et_pb_row][et_pb_row _builder_version=\u00a0\u00bb4.24.0&Prime; _module_preset=\u00a0\u00bbdefault\u00a0\u00bb global_colors_info=\u00a0\u00bb{}\u00a0\u00bb][et_pb_column type=\u00a0\u00bb4_4&Prime; _builder_version=\u00a0\u00bb4.17.4&Prime; _module_preset=\u00a0\u00bbdefault\u00a0\u00bb global_colors_info=\u00a0\u00bb{}\u00a0\u00bb][et_pb_text admin_label=\u00a0\u00bbToute une \u00e9quipe \u00e0 votre service\u00a0\u00bb _builder_version=\u00a0\u00bb4.24.0&Prime; _module_preset=\u00a0\u00bbdefault\u00a0\u00bb global_colors_info=\u00a0\u00bb{}\u00a0\u00bb]<\/p>\n<h2>Toute une \u00e9quipe \u00e0 votre service<\/h2>\n<p>[\/et_pb_text][et_pb_accordion admin_label=\u00a0\u00bbAccord\u00e9on &#8211; Equipe \/ Organigramme \/ OI\u00a0\u00bb _builder_version=\u00a0\u00bb4.27.4&Prime; _module_preset=\u00a0\u00bbdefault\u00a0\u00bb global_colors_info=\u00a0\u00bb{}\u00a0\u00bb][et_pb_accordion_item title=\u00a0\u00bbFirst Item\u00a0\u00bb open=\u00a0\u00bbon\u00a0\u00bb _builder_version=\u00a0\u00bb4.17.4&Prime; _module_preset=\u00a0\u00bbdefault\u00a0\u00bb global_colors_info=\u00a0\u00bb{}\u00a0\u00bb][\/et_pb_accordion_item][et_pb_accordion_item title=\u00a0\u00bbVide\u00a0\u00bb _builder_version=\u00a0\u00bb4.18.0&Prime; _module_preset=\u00a0\u00bbdefault\u00a0\u00bb custom_css_main_element=\u00a0\u00bbdisplay: none !important;\u00a0\u00bb global_colors_info=\u00a0\u00bb{}\u00a0\u00bb open=\u00a0\u00bboff\u00a0\u00bb][\/et_pb_accordion_item][et_pb_accordion_item title=\u00a0\u00bbOrganigramme du centre r\u00e9gional\u00a0\u00bb _builder_version=\u00a0\u00bb4.27.4&Prime; _module_preset=\u00a0\u00bbdefault\u00a0\u00bb global_colors_info=\u00a0\u00bb{}\u00a0\u00bb open=\u00a0\u00bboff\u00a0\u00bb]<\/p>\n<ul>\n<li>Pr\u00e9sident du Conseil d&rsquo;Administration: Alain SERAPHINE<\/li>\n<li>Directrice r\u00e9gionale : Eva MICCONI<\/li>\n<li>Directeur r\u00e9gional adjoint : Thibaut GOSSELIN<\/li>\n<li>Directrice des \u00e9tudes : B\u00e9atrice MANSARD<\/li>\n<li>Responsable Exploitation et CFA : Eva MICCONI<\/li>\n<li>Assistante de direction : Dani\u00e8le SAINT-LAMBERT<\/li>\n<li>Responsable Parcours de formation et VAE : Soizic FERRAND<\/li>\n<li>Gestionnaires de parcours de formation : Shanone MULOT \/ Horiane CAZANOVE<\/li>\n<li>Gestionnaire Centre SAINT-BENOIT : Roddy POTHAGE<\/li>\n<li>Commerciale Alternance :\u00a0Annabelle THOMAS<\/li>\n<li>Assistante gestionnaire Alternance : Sylvie HOARAU<\/li>\n<li>Gestionnaire et charg\u00e9e d&rsquo;accompagnement social et professionnel : C\u00e9cile SAINT-LAMBERT<\/li>\n<li>D\u00e9veloppement informatique : David TANGUY \/ Saint-George AHOVEY<\/li>\n<li>R\u00e9seaux et syst\u00e8mes informatiques : Gr\u00e9gory LATCHIMY<\/li>\n<li>Technicien vid\u00e9o : Patrick IMBOLA<\/li>\n<li>Responsable accueil, orientation et communication : Christophe D&rsquo;ANDR\u00c9A<\/li>\n<li>Agent d&rsquo;accueil : Toky MICCONI<\/li>\n<li>Responsable Comptabilit\u00e9 : Fr\u00e9deric PERROT<\/li>\n<li>Comptables : Patricia DALLEAU, Sylvie HOARAU<\/li>\n<li>R\u00e9f\u00e9rent\u00b7e\u00b7s Handicap : Eva MICCONI, Soizic FERRAND<\/li>\n<\/ul>\n<p style=\"text-align: right;\"><a href=\"https:\/\/www.cnam.re\/site\/wp-content\/uploads\/organigramme-maj-03.11.2025.pdf\" target=\"_blank\" rel=\"noopener\">voir organigramme<\/a><\/p>\n<p>&nbsp;<\/p>\n<p>[\/et_pb_accordion_item][et_pb_accordion_item title=\u00a0\u00bbL&rsquo;\u00e9quipe p\u00e9dagogique\u00a0\u00bb _builder_version=\u00a0\u00bb4.27.4&Prime; _module_preset=\u00a0\u00bbdefault\u00a0\u00bb global_colors_info=\u00a0\u00bb{}\u00a0\u00bb open=\u00a0\u00bboff\u00a0\u00bb]<\/p>\n<p>Les responsables p\u00e9dagogiques de chaque fili\u00e8re se tiennent \u00e0 votre disposition pour tout renseignement concernant la r\u00e9daction de votre rapport d\u2019activit\u00e9 professionnelle ou rapport de stage, la r\u00e9daction de votre m\u00e9moire et la pr\u00e9paration de votre soutenance orale, la pr\u00e9paration \u00e0 votre probatoire et aussi pour vous orienter dans votre prospection de terrain de stage. Ils sont disponibles sur rendez-vous aupr\u00e8s du service de la scolarit\u00e9 du centre r\u00e9gional.<\/p>\n<ul>\n<li>Directrice des \u00e9tudes \u2013 B\u00e9atrice MANSARD<\/li>\n<li>Formation des adultes \u2013 Jean VIRACAOUNDIN<\/li>\n<li>Accompagnement social et professionnel &#8211; Jean VIRACAOUNDIN (Licence pro)<\/li>\n<li>Accompagnement social et professionnel &#8211; Marie Gita MAKSENE (Titre niv.5)<\/li>\n<li>Ressources humaines \u2013 Bouth\u00e9ina OUADRANI<\/li>\n<li>Comptabilit\u00e9 \u2013 Thierry BRUGNON<\/li>\n<li>Commerce, Vente, Marketing &#8211; Thierry BRUGNON<\/li>\n<li>Culture et communication (master) &#8211; J. Fran\u00e7ois REBEYROTTE<\/li>\n<li>Tourisme &#8211; J. Fran\u00e7ois REBEYROTTE<\/li>\n<li>Psychologie du travail \u2013 B\u00e9atrice MANSARD<\/li>\n<li>Gestion des entreprises \u2013 Fran\u00e7ois HERMET<\/li>\n<li>Transport &amp; Logistique \u2013 Christophe D&rsquo;ANDREA<\/li>\n<li>Immobilier, construction, habitat \u2013 Serge FARNOCCHIA<\/li>\n<li>Informatique g\u00e9n\u00e9rale &amp; web \u2013 David TANGUY<\/li>\n<li>Ing\u00e9nieur informatique \u2013 Guillaume LEBON<\/li>\n<li>B\u00e2timent et travaux publics \u2013 C\u00e9line BOLAKY<\/li>\n<li>Energ\u00e9tique, automatique \u2013 Emmanuel RIVIERE<\/li>\n<\/ul>\n<p>[\/et_pb_accordion_item][et_pb_accordion_item title=\u00a0\u00bbLe Cnam dans l&rsquo;Oc\u00e9an Indien\u00a0\u00bb _builder_version=\u00a0\u00bb4.22.1&Prime; _module_preset=\u00a0\u00bbdefault\u00a0\u00bb global_colors_info=\u00a0\u00bb{}\u00a0\u00bb open=\u00a0\u00bboff\u00a0\u00bb]<\/p>\n<h3 style=\"margin-top: 0 !important;\">R\u00e9union<\/h3>\n<p><b>Centre d&rsquo;enseignement du Port<\/b><br \/>\n18 rue Claude Chappe ZAC 2000<br \/>\n97420 Le Port<br \/>\nT\u00e9l\u00e9phone : 0262 42 28 37<br \/>\nCourriel : info@cnam.re<\/p>\n<p><b>Centre d&rsquo;enseignement Est<\/b><br \/>\nVillage connect\u00e9 &#8211; anciens locaux de la CCI<br \/>\n15, rue Pierre-Beno\u00eet Dumas<br \/>\n97470 SAINT BENOIT<\/p>\n<h3>Madagascar<\/h3>\n<p><b>Centre Cnam Madagascar<\/b><br \/>\nMaison des Produits, 67 Ha &#8211; 6\u00e8me \u00e9tage<br \/>\nAntananarivo, 101<br \/>\nT\u00e9l. : +261 20 22 290 19<br \/>\nMail : <a href=\"mailto:cnam.madagascar@yahoo.com\">cnam.madagascar@yahoo.com<\/a><\/p>\n<p><b>Centre Cnam de Toamasina<\/b><br \/>\n5, rue du Commerce, BP 492<br \/>\nToamasina, 501<br \/>\nT\u00e9l. : +261 32 04 241 50 \/ +261 34 13 226 36<\/p>\n<p><b>Centre Cnam de Mahajanga<\/b><br \/>\nLot 1375 Plle 575, Ambovalana, Avenue des Comores<br \/>\nMahajanga, 401<br \/>\nT\u00e9l. : +261 20 62 925 85 \/ +261 32 73 107 39<\/p>\n<h3>Mayotte<\/h3>\n<p><u>adresse postale<\/u><br \/>\n<b>Conseil G\u00e9n\u00e9ral de Mayotte<\/b><br \/>\nMission Cnam, BP 101 Route de l&rsquo;H\u00f4pital<br \/>\n97600 Mamoudzou<br \/>\nT\u00e9l. : 02 69 64 34 01 \/ 02<\/p>\n<p><u>adresse bureau<\/u><br \/>\nZI de Kaw\u00e9ni<br \/>\n97600 KAWENI<br \/>\nMail : <a href=\"mailto:antufati.bacar@lecnam.net\">antufati.bacar@lecnam.net<\/a><\/p>\n<p>&nbsp;<\/p>\n<p>&nbsp;<\/p>\n<p>[\/et_pb_accordion_item][\/et_pb_accordion][\/et_pb_column][\/et_pb_row][et_pb_row disabled_on=\u00a0\u00bbon|on|on\u00a0\u00bb _builder_version=\u00a0\u00bb4.16&Prime; _module_preset=\u00a0\u00bbdefault\u00a0\u00bb disabled=\u00a0\u00bbon\u00a0\u00bb global_colors_info=\u00a0\u00bb{}\u00a0\u00bb][et_pb_column type=\u00a0\u00bb4_4&Prime; _builder_version=\u00a0\u00bb4.16&Prime; _module_preset=\u00a0\u00bbdefault\u00a0\u00bb global_colors_info=\u00a0\u00bb{}\u00a0\u00bb][et_pb_code _builder_version=\u00a0\u00bb4.10.7&Prime; _module_preset=\u00a0\u00bbdefault\u00a0\u00bb global_module=\u00a0\u00bb509&Prime; saved_tabs=\u00a0\u00bball\u00a0\u00bb global_colors_info=\u00a0\u00bb{}\u00a0\u00bb]<\/p>\n<div class=\"box-guide\"><!-- [et_pb_line_break_holder] -->            <\/p>\n<h3>Vous souhaitez en savoir plus sur les dipl\u00f4mes ?<\/h3>\n<p><!-- [et_pb_line_break_holder] -->            <span>T\u00e9l\u00e9chargez le guide de formation 2021-2022<!\u2013- [et_pb_br_holder] -\u2013>du Cnam de la R\u00e9union en PDF,<!\u2013- [et_pb_br_holder] -\u2013>et trouvez votre voix.<\/span><!-- [et_pb_line_break_holder] -->            <a target=\"_blank\" href=\"https:\/\/fr.calameo.com\/read\/0005357670bb42a9fce12\" class=\"btn btn-white\" rel=\"noopener\">Je t\u00e9l\u00e9charge le guide<\/a><!-- [et_pb_line_break_holder] -->          <\/div>\n<p>[\/et_pb_code][\/et_pb_column][\/et_pb_row][\/et_pb_section][et_pb_section fb_built=\u00a0\u00bb1&Prime; module_class=\u00a0\u00bbdivi-last-section\u00a0\u00bb _builder_version=\u00a0\u00bb4.16&Prime; _module_preset=\u00a0\u00bbdefault\u00a0\u00bb da_disable_devices=\u00a0\u00bboff|off|off\u00a0\u00bb global_colors_info=\u00a0\u00bb{}\u00a0\u00bb da_is_popup=\u00a0\u00bboff\u00a0\u00bb da_exit_intent=\u00a0\u00bboff\u00a0\u00bb da_has_close=\u00a0\u00bbon\u00a0\u00bb da_alt_close=\u00a0\u00bboff\u00a0\u00bb da_dark_close=\u00a0\u00bboff\u00a0\u00bb da_not_modal=\u00a0\u00bbon\u00a0\u00bb da_is_singular=\u00a0\u00bboff\u00a0\u00bb da_with_loader=\u00a0\u00bboff\u00a0\u00bb da_has_shadow=\u00a0\u00bbon\u00a0\u00bb][et_pb_row _builder_version=\u00a0\u00bb4.16&Prime; _module_preset=\u00a0\u00bbdefault\u00a0\u00bb global_colors_info=\u00a0\u00bb{}\u00a0\u00bb][et_pb_column type=\u00a0\u00bb4_4&Prime; _builder_version=\u00a0\u00bb4.16&Prime; _module_preset=\u00a0\u00bbdefault\u00a0\u00bb global_colors_info=\u00a0\u00bb{}\u00a0\u00bb][et_pb_text admin_label=\u00a0\u00bbD\u00e9couvrez notre offre de formation\u00a0\u00bb _builder_version=\u00a0\u00bb4.18.0&Prime; _module_preset=\u00a0\u00bbdefault\u00a0\u00bb global_colors_info=\u00a0\u00bb{}\u00a0\u00bb]<\/p>\n<h2 style=\"text-align: center;\">D\u00e9couvrez notre offre de formation<\/h2>\n<p>[\/et_pb_text][\/et_pb_column][\/et_pb_row][et_pb_row column_structure=\u00a0\u00bb1_3,1_3,1_3&Prime; _builder_version=\u00a0\u00bb4.16&Prime; _module_preset=\u00a0\u00bbdefault\u00a0\u00bb global_colors_info=\u00a0\u00bb{}\u00a0\u00bb][et_pb_column type=\u00a0\u00bb1_3&Prime; _builder_version=\u00a0\u00bb4.16&Prime; _module_preset=\u00a0\u00bbdefault\u00a0\u00bb global_colors_info=\u00a0\u00bb{}\u00a0\u00bb][et_pb_text admin_label=\u00a0\u00bbDipl\u00f4mes\u00a0\u00bb module_class=\u00a0\u00bbbox-link-square\u00a0\u00bb _builder_version=\u00a0\u00bb4.27.5&Prime; _dynamic_attributes=\u00a0\u00bblink_option_url\u00a0\u00bb _module_preset=\u00a0\u00bbdefault\u00a0\u00bb background_image=\u00a0\u00bbhttps:\/\/www.cnam.re\/site\/wp-content\/uploads\/AdobeStock_308012837_Preview.jpeg\u00a0\u00bb link_option_url=\u00a0\u00bb@ET-DC@eyJkeW5hbWljIjp0cnVlLCJjb250ZW50IjoicG9zdF9saW5rX3VybF9wYWdlIiwic2V0dGluZ3MiOnsicG9zdF9pZCI6IjE3In19@\u00a0\u00bb hover_enabled=\u00a0\u00bb0&Prime; global_colors_info=\u00a0\u00bb{}\u00a0\u00bb title_text=\u00a0\u00bbAdobeStock_308012837_Preview\u00a0\u00bb sticky_enabled=\u00a0\u00bb0&Prime;]<\/p>\n<p><a href=\"\/site\/diplomes\/\">Nos formations dipl\u00f4mantes<\/a><\/p>\n<p>[\/et_pb_text][\/et_pb_column][et_pb_column type=\u00a0\u00bb1_3&Prime; _builder_version=\u00a0\u00bb4.16&Prime; _module_preset=\u00a0\u00bbdefault\u00a0\u00bb global_colors_info=\u00a0\u00bb{}\u00a0\u00bb][et_pb_text admin_label=\u00a0\u00bbUE\u00a0\u00bb module_class=\u00a0\u00bbbox-link-square\u00a0\u00bb _builder_version=\u00a0\u00bb4.27.5&Prime; _dynamic_attributes=\u00a0\u00bblink_option_url\u00a0\u00bb _module_preset=\u00a0\u00bbdefault\u00a0\u00bb background_image=\u00a0\u00bbhttps:\/\/www.cnam.re\/site\/wp-content\/uploads\/AdobeStock_314992279_Preview.jpeg\u00a0\u00bb link_option_url=\u00a0\u00bb@ET-DC@eyJkeW5hbWljIjp0cnVlLCJjb250ZW50IjoicG9zdF9saW5rX3VybF9wYWdlIiwic2V0dGluZ3MiOnsicG9zdF9pZCI6IjYifX0=@\u00a0\u00bb hover_enabled=\u00a0\u00bb0&Prime; global_colors_info=\u00a0\u00bb{}\u00a0\u00bb title_text=\u00a0\u00bbAdobeStock_314992279_Preview\u00a0\u00bb sticky_enabled=\u00a0\u00bb0&Prime;]<\/p>\n<p><a href=\"\/site\/unites-denseignement\/\">Nos unit\u00e9s d&rsquo;enseignement<\/a><\/p>\n<p>[\/et_pb_text][\/et_pb_column][et_pb_column type=\u00a0\u00bb1_3&Prime; _builder_version=\u00a0\u00bb4.16&Prime; _module_preset=\u00a0\u00bbdefault\u00a0\u00bb global_colors_info=\u00a0\u00bb{}\u00a0\u00bb][et_pb_text admin_label=\u00a0\u00bbParcours\u00a0\u00bb module_class=\u00a0\u00bbbox-link-square\u00a0\u00bb _builder_version=\u00a0\u00bb4.27.5&Prime; _dynamic_attributes=\u00a0\u00bblink_option_url\u00a0\u00bb _module_preset=\u00a0\u00bbdefault\u00a0\u00bb background_image=\u00a0\u00bbhttps:\/\/www.cnam.re\/site\/wp-content\/uploads\/AdobeStock_381621851_Preview.jpeg\u00a0\u00bb link_option_url=\u00a0\u00bb@ET-DC@eyJkeW5hbWljIjp0cnVlLCJjb250ZW50IjoicG9zdF9saW5rX3VybF9wYWdlIiwic2V0dGluZ3MiOnsicG9zdF9pZCI6IjkifX0=@\u00a0\u00bb hover_enabled=\u00a0\u00bb0&Prime; global_colors_info=\u00a0\u00bb{}\u00a0\u00bb title_text=\u00a0\u00bbAdobeStock_381621851_Preview\u00a0\u00bb sticky_enabled=\u00a0\u00bb0&Prime;]<\/p>\n<p><a href=\"\/site\/votre-parcours\/\">Votre parcours au Cnam en 4 \u00e9tapes<\/a><\/p>\n<p>[\/et_pb_text][\/et_pb_column][\/et_pb_row][\/et_pb_section]<\/p>\n","protected":false},"excerpt":{"rendered":"<p>Le centre r\u00e9gional du Cnam de La R\u00e9union Cr\u00e9\u00e9 en&#8230;<\/p>\n","protected":false},"author":1,"featured_media":3524,"parent":10,"menu_order":23,"comment_status":"closed","ping_status":"closed","template":"","meta":{"_acf_changed":false,"_et_pb_use_builder":"on","_et_pb_old_content":"","_et_gb_content_width":"","footnotes":""},"class_list":["post-164","page","type-page","status-publish","has-post-thumbnail","hentry"],"acf":[],"_links":{"self":[{"href":"https:\/\/www.cnam.re\/site\/wp-json\/wp\/v2\/pages\/164","targetHints":{"allow":["GET"]}}],"collection":[{"href":"https:\/\/www.cnam.re\/site\/wp-json\/wp\/v2\/pages"}],"about":[{"href":"https:\/\/www.cnam.re\/site\/wp-json\/wp\/v2\/types\/page"}],"author":[{"embeddable":true,"href":"https:\/\/www.cnam.re\/site\/wp-json\/wp\/v2\/users\/1"}],"replies":[{"embeddable":true,"href":"https:\/\/www.cnam.re\/site\/wp-json\/wp\/v2\/comments?post=164"}],"version-history":[{"count":159,"href":"https:\/\/www.cnam.re\/site\/wp-json\/wp\/v2\/pages\/164\/revisions"}],"predecessor-version":[{"id":4870,"href":"https:\/\/www.cnam.re\/site\/wp-json\/wp\/v2\/pages\/164\/revisions\/4870"}],"up":[{"embeddable":true,"href":"https:\/\/www.cnam.re\/site\/wp-json\/wp\/v2\/pages\/10"}],"wp:featuredmedia":[{"embeddable":true,"href":"https:\/\/www.cnam.re\/site\/wp-json\/wp\/v2\/media\/3524"}],"wp:attachment":[{"href":"https:\/\/www.cnam.re\/site\/wp-json\/wp\/v2\/media?parent=164"}],"curies":[{"name":"wp","href":"https:\/\/api.w.org\/{rel}","templated":true}]}}