{"id":12,"date":"2021-07-08T14:13:41","date_gmt":"2021-07-08T12:13:41","guid":{"rendered":"https:\/\/cnam.smade.fr\/?page_id=12"},"modified":"2025-05-20T11:04:40","modified_gmt":"2025-05-20T07:04:40","slug":"pre-inscription","status":"publish","type":"page","link":"https:\/\/www.cnam.re\/site\/pre-inscription\/","title":{"rendered":"Se pr\u00e9-inscrire"},"content":{"rendered":"<p>[et_pb_section fb_built=\u00a0\u00bb1&Prime; admin_label=\u00a0\u00bb \u00a0\u00bb module_class=\u00a0\u00bbdivi-first-section\u00a0\u00bb _builder_version=\u00a0\u00bb4.17.6&Prime; _module_preset=\u00a0\u00bbdefault\u00a0\u00bb da_disable_devices=\u00a0\u00bboff|off|off\u00a0\u00bb global_colors_info=\u00a0\u00bb{}\u00a0\u00bb da_is_popup=\u00a0\u00bboff\u00a0\u00bb da_exit_intent=\u00a0\u00bboff\u00a0\u00bb da_has_close=\u00a0\u00bbon\u00a0\u00bb da_alt_close=\u00a0\u00bboff\u00a0\u00bb da_dark_close=\u00a0\u00bboff\u00a0\u00bb da_not_modal=\u00a0\u00bbon\u00a0\u00bb da_is_singular=\u00a0\u00bboff\u00a0\u00bb da_with_loader=\u00a0\u00bboff\u00a0\u00bb da_has_shadow=\u00a0\u00bbon\u00a0\u00bb][et_pb_row admin_label=\u00a0\u00bb \u00a0\u00bb _builder_version=\u00a0\u00bb4.16&Prime; _module_preset=\u00a0\u00bbdefault\u00a0\u00bb global_colors_info=\u00a0\u00bb{}\u00a0\u00bb][et_pb_column type=\u00a0\u00bb4_4&Prime; _builder_version=\u00a0\u00bb4.16&Prime; _module_preset=\u00a0\u00bbdefault\u00a0\u00bb global_colors_info=\u00a0\u00bb{}\u00a0\u00bb][et_pb_text admin_label=\u00a0\u00bbIntroduction\u00a0\u00bb module_class=\u00a0\u00bbbox-article__intro\u00a0\u00bb _builder_version=\u00a0\u00bb4.18.0&Prime; _module_preset=\u00a0\u00bbdefault\u00a0\u00bb global_colors_info=\u00a0\u00bb{}\u00a0\u00bb]<\/p>\n<p>La pr\u00e9-inscription en ligne est uniquement <strong><u>r\u00e9serv\u00e9e aux r\u00e9sidents de La R\u00e9union<\/u><\/strong>. Pour les personnes ext\u00e9rieures qui souhaitent s&rsquo;inscrire en FOAD sur le centre de La R\u00e9union, veuillez vous rapprocher du centre r\u00e9gional d&rsquo;inscription Cnam de votre lieu de r\u00e9sidence.<\/p>\n<p>[\/et_pb_text][et_pb_text admin_label=\u00a0\u00bbAvant de d\u00e9buter votre pr\u00e9-inscription\u00a0\u00bb _builder_version=\u00a0\u00bb4.27.4&Prime; _module_preset=\u00a0\u00bbdefault\u00a0\u00bb hover_enabled=\u00a0\u00bb0&Prime; global_colors_info=\u00a0\u00bb{}\u00a0\u00bb sticky_enabled=\u00a0\u00bb0&Prime;]<\/p>\n<h3>Avant de d\u00e9buter votre pr\u00e9-inscription<\/h3>\n<p>Assurez-vous que :<\/p>\n<ul>\n<li>Vous avez lu attentivement la <a href=\"\/site\/diplomes\/\" target=\"_blank\" rel=\"noopener\">fiche descriptive<\/a> de la formation sur laquelle vous souhaitez vous pr\u00e9-inscrire ;<\/li>\n<li>Vous avez obtenu les renseignements n\u00e9cessaires sur le d\u00e9roulement de la formation que vous envisagez.<\/li>\n<li>Attention ! L&rsquo;acc\u00e8s \u00e0 certaines formations n\u00e9cessite un dossier de candidature qu&rsquo;il faudra nous faire parvenir dans les d\u00e9lais et selon les modalit\u00e9s indiqu\u00e9es sur la fiche descriptive.<\/li>\n<\/ul>\n<p>Cette pr\u00e9-inscription ne constitue aucun engagement de votre part. Pour finaliser votre inscription et qu&rsquo;elle devienne d\u00e9finitive, il faudra imp\u00e9rativement vous rendre au centre r\u00e9gional du Port muni.e de l&rsquo;ensemble des <a href=\"https:\/\/www.cnam.re\/site\/wp-content\/uploads\/liste_pieces_a_fournir.pdf\" target=\"_blank\" rel=\"noopener\">pi\u00e8ces \u00e0 fournir<\/a> afin de constituer votre dossier.<\/p>\n<p><b>EN SAVOIR PLUS<\/b> sur les <a href=\"\/site\/votre-parcours\/inscription\/\">modalit\u00e9s d&rsquo;inscription<\/a><\/p>\n<p>Si vous souhaitez engager un dispositif de financement ext\u00e9rieur pour la prise en charge de votre formation, rapprochez-vous de nos conseillers dans les meilleurs d\u00e9lais ou consultez la rubrique d\u00e9di\u00e9e <a href=\"\/site\/financez-votre-formation\/\" target=\"_blank\" rel=\"noopener\">Financez votre formation<\/a>.<\/p>\n<p><i>Dans le cadre du <a href=\"https:\/\/www.cnil.fr\/fr\/reglement-europeen-protection-donnees\" target=\"_blank\" rel=\"noopener\">R\u00e8glement europ\u00e9en sur la Protection des Donn\u00e9es personnelles<\/a> du 25 mai 2018, vous serez invit\u00e9, au commencement de votre pr\u00e9-inscription en ligne, \u00e0 autoriser le Cnam REUNION \u00e0 stocker dans son Syst\u00e8me d\u2019Informations et \u00e0 traiter de mani\u00e8re informatis\u00e9e l\u2019ensemble des donn\u00e9es personnelles que vous saisirez. Nous attirons votre attention qu\u2019en l\u2019absence de votre autorisation, vous ne pourrez pas poursuivre votre pr\u00e9-inscription.<\/i><\/p>\n<p>[\/et_pb_text][et_pb_text admin_label=\u00a0\u00bbBox %22Commencer pr\u00e9-inscription%22&Prime; module_class=\u00a0\u00bbbox-color red\u00a0\u00bb _builder_version=\u00a0\u00bb4.21.0&Prime; _module_preset=\u00a0\u00bbdefault\u00a0\u00bb background_color=\u00a0\u00bbRGBA(0,0,0,0)\u00a0\u00bb background_enable_image=\u00a0\u00bboff\u00a0\u00bb background_blend=\u00a0\u00bboverlay\u00a0\u00bb global_colors_info=\u00a0\u00bb{}\u00a0\u00bb]<\/p>\n<h5>Commencer la pr\u00e9inscription<\/h5>\n<p><a class=\"btn btn-white\" href=\"http:\/\/www.cnam.re\/redirect.php?redirection=preinscription\" target=\"_blank\" rel=\"noopener\">Ouvrir le formulaire<\/a><\/p>\n<p>[\/et_pb_text][\/et_pb_column][\/et_pb_row][\/et_pb_section][et_pb_section fb_built=\u00a0\u00bb1&Prime; admin_label=\u00a0\u00bb \u00a0\u00bb module_class=\u00a0\u00bbdivi-last-section empty\u00a0\u00bb _builder_version=\u00a0\u00bb4.17.4&Prime; _module_preset=\u00a0\u00bbdefault\u00a0\u00bb da_disable_devices=\u00a0\u00bboff|off|off\u00a0\u00bb global_colors_info=\u00a0\u00bb{}\u00a0\u00bb da_is_popup=\u00a0\u00bboff\u00a0\u00bb da_exit_intent=\u00a0\u00bboff\u00a0\u00bb da_has_close=\u00a0\u00bbon\u00a0\u00bb da_alt_close=\u00a0\u00bboff\u00a0\u00bb da_dark_close=\u00a0\u00bboff\u00a0\u00bb da_not_modal=\u00a0\u00bbon\u00a0\u00bb da_is_singular=\u00a0\u00bboff\u00a0\u00bb da_with_loader=\u00a0\u00bboff\u00a0\u00bb da_has_shadow=\u00a0\u00bbon\u00a0\u00bb][\/et_pb_section]<\/p>\n","protected":false},"excerpt":{"rendered":"<p>La pr\u00e9-inscription en ligne est uniquement r\u00e9serv\u00e9e&#8230;<\/p>\n","protected":false},"author":1,"featured_media":653,"parent":0,"menu_order":39,"comment_status":"closed","ping_status":"closed","template":"","meta":{"_acf_changed":false,"_et_pb_use_builder":"on","_et_pb_old_content":"","_et_gb_content_width":"","footnotes":""},"class_list":["post-12","page","type-page","status-publish","has-post-thumbnail","hentry"],"acf":[],"_links":{"self":[{"href":"https:\/\/www.cnam.re\/site\/wp-json\/wp\/v2\/pages\/12","targetHints":{"allow":["GET"]}}],"collection":[{"href":"https:\/\/www.cnam.re\/site\/wp-json\/wp\/v2\/pages"}],"about":[{"href":"https:\/\/www.cnam.re\/site\/wp-json\/wp\/v2\/types\/page"}],"author":[{"embeddable":true,"href":"https:\/\/www.cnam.re\/site\/wp-json\/wp\/v2\/users\/1"}],"replies":[{"embeddable":true,"href":"https:\/\/www.cnam.re\/site\/wp-json\/wp\/v2\/comments?post=12"}],"version-history":[{"count":44,"href":"https:\/\/www.cnam.re\/site\/wp-json\/wp\/v2\/pages\/12\/revisions"}],"predecessor-version":[{"id":4260,"href":"https:\/\/www.cnam.re\/site\/wp-json\/wp\/v2\/pages\/12\/revisions\/4260"}],"wp:featuredmedia":[{"embeddable":true,"href":"https:\/\/www.cnam.re\/site\/wp-json\/wp\/v2\/media\/653"}],"wp:attachment":[{"href":"https:\/\/www.cnam.re\/site\/wp-json\/wp\/v2\/media?parent=12"}],"curies":[{"name":"wp","href":"https:\/\/api.w.org\/{rel}","templated":true}]}}